{"id":33987,"date":"2025-08-25T06:06:04","date_gmt":"2025-08-25T06:06:04","guid":{"rendered":"https:\/\/www.medienlb.com\/?post_type=product&#038;p=33987"},"modified":"2026-02-23T06:10:43","modified_gmt":"2026-02-23T06:10:43","slug":"55507265-herr-brunnenfrosch","status":"publish","type":"product","link":"https:\/\/www.medienlb.com\/en\/produkt\/55507265-herr-brunnenfrosch\/","title":{"rendered":"Herr Brunnenfrosch"},"content":{"rendered":"<p>Der Animationsfilm erz\u00e4hlt die Geschichte eines kleinen Froschs und eines Vogels, die unterschiedlicher nicht sein k\u00f6nnten. Durch ihre Begegnung lernen sie, dass Anderssein kein Nachteil ist, sondern eine St\u00e4rke. Mit liebevoll gestalteten Bildern und einer kindgerechten Erz\u00e4hlweise vermittelt der Film wichtige Werte wie Toleranz, Freundschaft und Selbstvertrauen.<\/p>\n","protected":false},"excerpt":{"rendered":"<p>Der Animationsfilm erz\u00e4hlt die Geschichte eines kleinen Froschs und eines Vogels, die unterschiedlicher nicht sein k\u00f6nnten.<\/p>\n","protected":false},"featured_media":33995,"template":"","meta":{"_acf_changed":false},"product_brand":[],"product_cat":[70],"product_tag":[81,97,135,129],"class_list":{"0":"post-33987","1":"product","2":"type-product","3":"status-publish","4":"has-post-thumbnail","6":"product_cat-film","7":"product_tag-subject-elementarbereich","8":"product_tag-subject-grundschule","9":"product_tag-target-ele","10":"product_tag-target-gru","11":"product_shipping_class-dvd-versand","13":"first","14":"instock","15":"taxable","16":"shipping-taxable","17":"purchasable","18":"product-type-variable"},"acf":{"subtitle":"Anderssein","article_id":"46505591 \/ 55507265","languages":"DE","thumb_up":true,"cover_image":34023,"linked_product":"","linked_products":null,"banner":{"show":true,"text":"","color":""},"length":"14:07 min","content_movie":"Gesamtes Begleitmaterial: 66 Seiten\r\nArbeitsbl\u00e4tter: 20 Seiten\r\nInteraktive Aufgaben: 10\r\n\r\n&nbsp;\r\n\r\n&nbsp;","learning_goals":"Lernziele:\r\n\r\nDie Sch\u00fclerinnen und Sch\u00fcler\r\n<ol>\r\n \t<li>beschreiben Gr\u00fcnde f\u00fcr die Entstehung von Konflikten und finden Konfliktl\u00f6sungsstrategien.<\/li>\r\n \t<li>erkennen Mechanismen der Ausgrenzung als Form des Machtmissbrauchs in verschiedenen Formen und reagieren ad\u00e4quat darauf.<\/li>\r\n<\/ol>\r\nKompetenzen:\r\n\r\nDie Sch\u00fclerinnen und Sch\u00fcler k\u00f6nnen\r\n<ol>\r\n \t<li>eigenes Verhalten reflektieren und hinsichtlich eigener Gestaltungsm\u00f6glichkeiten reflektieren.<\/li>\r\n \t<li>kulturelle und individuelle Vielfalt tolerieren und akzeptieren.<\/li>\r\n<\/ol>","preview_gif":"","trailer":{"file":33992,"url":"","image":33994},"mediathek_id":889,"amount":"","demo_url":"","h5p_demo_id":"","content_interactive":"","hide_numbers":false,"flyer":"","info_columns":null},"_links":{"self":[{"href":"https:\/\/www.medienlb.com\/en\/wp-json\/wp\/v2\/product\/33987","targetHints":{"allow":["GET"]}}],"collection":[{"href":"https:\/\/www.medienlb.com\/en\/wp-json\/wp\/v2\/product"}],"about":[{"href":"https:\/\/www.medienlb.com\/en\/wp-json\/wp\/v2\/types\/product"}],"wp:featuredmedia":[{"embeddable":true,"href":"https:\/\/www.medienlb.com\/en\/wp-json\/wp\/v2\/media\/33995"}],"wp:attachment":[{"href":"https:\/\/www.medienlb.com\/en\/wp-json\/wp\/v2\/media?parent=33987"}],"wp:term":[{"taxonomy":"product_brand","embeddable":true,"href":"https:\/\/www.medienlb.com\/en\/wp-json\/wp\/v2\/product_brand?post=33987"},{"taxonomy":"product_cat","embeddable":true,"href":"https:\/\/www.medienlb.com\/en\/wp-json\/wp\/v2\/product_cat?post=33987"},{"taxonomy":"product_tag","embeddable":true,"href":"https:\/\/www.medienlb.com\/en\/wp-json\/wp\/v2\/product_tag?post=33987"}],"curies":[{"name":"wp","href":"https:\/\/api.w.org\/{rel}","templated":true}]}}