{"id":33955,"date":"2025-08-19T07:59:35","date_gmt":"2025-08-19T07:59:35","guid":{"rendered":"https:\/\/www.medienlb.com\/?post_type=product&#038;p=33955"},"modified":"2026-03-09T09:06:25","modified_gmt":"2026-03-09T09:06:25","slug":"nachhaltige-mode","status":"publish","type":"product","link":"https:\/\/www.medienlb.com\/en\/produkt\/nachhaltige-mode\/","title":{"rendered":"Nachhaltige Mode"},"content":{"rendered":"<p>Der Schulfilm \u201eNachhaltige Mode\u201c zeigt, wie Kleidung umweltfreundlich produziert werden kann und welche Auswirkungen Fast Fashion auf Mensch und Natur hat. Er erkl\u00e4rt Begriffe wie Recycling, faire Produktion und \u00f6kologische Materialien. Mit anschaulichen Beispielen regt der Film zum bewussten Konsum und zur Auseinandersetzung mit globalen Zusammenh\u00e4ngen an.<\/p>\n","protected":false},"excerpt":{"rendered":"<p>Der Schulfilm \u201eNachhaltige Mode\u201c zeigt, wie Kleidung umweltfreundlich produziert werden kann und welche Auswirkungen Fast Fashion auf Mensch und Natur hat.<\/p>\n","protected":false},"featured_media":33967,"template":"","meta":{"_acf_changed":false},"product_brand":[],"product_cat":[70],"product_tag":[77,125],"class_list":{"0":"post-33955","1":"product","2":"type-product","3":"status-publish","4":"has-post-thumbnail","6":"product_cat-film","7":"product_tag-subject-gesellschaft","8":"product_tag-target-sek-i","9":"product_shipping_class-dvd-versand","11":"first","12":"instock","13":"taxable","14":"shipping-taxable","15":"purchasable","16":"product-type-variable"},"acf":{"subtitle":"Gerecht, transparent, zukunftsf\u00e4hig","article_id":"46505582 \/ 55507254","languages":"DE","thumb_up":true,"cover_image":33970,"linked_product":"","linked_products":null,"banner":{"show":true,"text":"","color":""},"length":"12:32 min","content_movie":"Gesamtes Begleitmaterial: 61 Seiten\r\nArbeitsbl\u00e4tter: 20 Seiten\r\nTestaufgaben: 20 Seiten\r\nInteraktive Aufgaben: 10\r\n\r\n&nbsp;\r\n\r\n&nbsp;","learning_goals":"Lernziele:\r\n\r\nDie Sch\u00fclerinnen und Sch\u00fcler\r\n<ol>\r\n \t<li>beschreiben \u00f6konomisches Handeln und ordnen dabei die M\u00f6glichkeit des nachhaltigen Konsums und Verzichts ein.<\/li>\r\n \t<li>beurteilen Instrumente der Verbraucherpolitik (Verbraucherinformation, -bildung, -schutz).<\/li>\r\n<\/ol>\r\nKompetenzen:\r\n\r\nDie Sch\u00fclerinnen und Sch\u00fcler k\u00f6nnen\r\n<ol>\r\n \t<li>individuelles \u00f6konomisches Verhalten analysieren und dabei Kategorien \u00f6konomischen Verhaltens (subjektive Werte) einordnen.<\/li>\r\n \t<li>\u00f6konomisches Handeln unter Sach- und Wertaspekten kriterienorientiert (z.B. Nachhaltigkeit) beurteilen.<\/li>\r\n<\/ol>","preview_gif":"","trailer":{"file":33964,"url":"","image":33966},"mediathek_id":888,"amount":"","demo_url":"","h5p_demo_id":"","content_interactive":"","hide_numbers":false,"flyer":"","info_columns":null},"_links":{"self":[{"href":"https:\/\/www.medienlb.com\/en\/wp-json\/wp\/v2\/product\/33955","targetHints":{"allow":["GET"]}}],"collection":[{"href":"https:\/\/www.medienlb.com\/en\/wp-json\/wp\/v2\/product"}],"about":[{"href":"https:\/\/www.medienlb.com\/en\/wp-json\/wp\/v2\/types\/product"}],"wp:featuredmedia":[{"embeddable":true,"href":"https:\/\/www.medienlb.com\/en\/wp-json\/wp\/v2\/media\/33967"}],"wp:attachment":[{"href":"https:\/\/www.medienlb.com\/en\/wp-json\/wp\/v2\/media?parent=33955"}],"wp:term":[{"taxonomy":"product_brand","embeddable":true,"href":"https:\/\/www.medienlb.com\/en\/wp-json\/wp\/v2\/product_brand?post=33955"},{"taxonomy":"product_cat","embeddable":true,"href":"https:\/\/www.medienlb.com\/en\/wp-json\/wp\/v2\/product_cat?post=33955"},{"taxonomy":"product_tag","embeddable":true,"href":"https:\/\/www.medienlb.com\/en\/wp-json\/wp\/v2\/product_tag?post=33955"}],"curies":[{"name":"wp","href":"https:\/\/api.w.org\/{rel}","templated":true}]}}