{"id":33929,"date":"2025-08-14T05:54:36","date_gmt":"2025-08-14T05:54:36","guid":{"rendered":"https:\/\/www.medienlb.com\/?post_type=product&#038;p=33929"},"modified":"2025-08-14T09:29:08","modified_gmt":"2025-08-14T09:29:08","slug":"55507275-fliegenpilz","status":"publish","type":"product","link":"https:\/\/www.medienlb.com\/en\/produkt\/55507275-fliegenpilz\/","title":{"rendered":"Fliegenpilz"},"content":{"rendered":"<p>Der Schulfilm \u00fcber den Fliegenpilz zeigt, wie diese auff\u00e4llig rot-wei\u00dfe Pilzart w\u00e4chst und in welchen Lebensr\u00e4umen er vorkommt. Er erkl\u00e4rt, warum der Fliegenpilz giftig ist und welche Rolle er im \u00d6kosystem spielt. Anschauliche Bilder und leicht verst\u00e4ndliche Erkl\u00e4rungen machen den Film f\u00fcr Sch\u00fcler spannend und lehrreich.<\/p>\n","protected":false},"excerpt":{"rendered":"<p>Der Schulfilm \u00fcber den Fliegenpilz zeigt, wie diese auff\u00e4llig rot-wei\u00dfe Pilzart w\u00e4chst und in welchen Lebensr\u00e4umen er vorkommt.<\/p>\n","protected":false},"featured_media":33939,"template":"","meta":{"_acf_changed":false},"product_brand":[],"product_cat":[70],"product_tag":[87,97,129,125],"class_list":{"0":"post-33929","1":"product","2":"type-product","3":"status-publish","4":"has-post-thumbnail","6":"product_cat-film","7":"product_tag-subject-biologie","8":"product_tag-subject-grundschule","9":"product_tag-target-gru","10":"product_tag-target-sek-i","11":"product_shipping_class-dvd-versand","13":"first","14":"instock","15":"taxable","16":"shipping-taxable","17":"purchasable","18":"product-type-variable"},"acf":{"subtitle":"Vorkommen, Merkmale, Aufbau","article_id":"46505601 \/ 55507275","languages":"DE","thumb_up":false,"cover_image":33942,"linked_product":17820,"linked_products":null,"banner":{"show":true,"text":"","color":""},"length":"10:31 min","content_movie":"Gesamtes Begleitmaterial: 62 Seiten\r\nArbeitsbl\u00e4tter: 20 Seiten\r\nTestaufgaben: 20 Seiten\r\nInteraktive Aufgaben: 10\r\n\r\n&nbsp;\r\n\r\n&nbsp;","learning_goals":"Lernziele:\r\n\r\nDie Sch\u00fclerinnen und Sch\u00fcler\r\n<ol>\r\n \t<li>beschreiben die Angepasstheit von Tieren und Pflanzen an ihren Lebensraum<\/li>\r\n \t<li>stellen \u00dcberlegungen zum Umgang mit Naturgrundlagen an.<\/li>\r\n<\/ol>\r\nKompetenzen:\r\n\r\nDie Sch\u00fclerinnen und Sch\u00fcler k\u00f6nnen\r\n<ol>\r\n \t<li>den Einfluss des Menschen auf \u00d6kosysteme im Hinblick auf eine nachhaltige Entwicklung bewerten<\/li>\r\n \t<li>Lebewesen kriteriengeleitet vergleichen und klassifizieren<\/li>\r\n<\/ol>","preview_gif":33934,"trailer":{"file":33936,"url":"","image":33938},"mediathek_id":887,"amount":"","demo_url":"","h5p_demo_id":"","content_interactive":"","hide_numbers":false,"flyer":"","info_columns":null},"_links":{"self":[{"href":"https:\/\/www.medienlb.com\/en\/wp-json\/wp\/v2\/product\/33929","targetHints":{"allow":["GET"]}}],"collection":[{"href":"https:\/\/www.medienlb.com\/en\/wp-json\/wp\/v2\/product"}],"about":[{"href":"https:\/\/www.medienlb.com\/en\/wp-json\/wp\/v2\/types\/product"}],"acf:post":[{"embeddable":true,"href":"https:\/\/www.medienlb.com\/en\/wp-json\/wp\/v2\/product\/17820"}],"wp:featuredmedia":[{"embeddable":true,"href":"https:\/\/www.medienlb.com\/en\/wp-json\/wp\/v2\/media\/33939"}],"wp:attachment":[{"href":"https:\/\/www.medienlb.com\/en\/wp-json\/wp\/v2\/media?parent=33929"}],"wp:term":[{"taxonomy":"product_brand","embeddable":true,"href":"https:\/\/www.medienlb.com\/en\/wp-json\/wp\/v2\/product_brand?post=33929"},{"taxonomy":"product_cat","embeddable":true,"href":"https:\/\/www.medienlb.com\/en\/wp-json\/wp\/v2\/product_cat?post=33929"},{"taxonomy":"product_tag","embeddable":true,"href":"https:\/\/www.medienlb.com\/en\/wp-json\/wp\/v2\/product_tag?post=33929"}],"curies":[{"name":"wp","href":"https:\/\/api.w.org\/{rel}","templated":true}]}}