{"id":33828,"date":"2025-08-04T12:12:48","date_gmt":"2025-08-04T12:12:48","guid":{"rendered":"https:\/\/www.medienlb.com\/?post_type=product&#038;p=33828"},"modified":"2025-08-05T10:02:31","modified_gmt":"2025-08-05T10:02:31","slug":"55507295-moore_in_deutschland","status":"publish","type":"product","link":"https:\/\/www.medienlb.com\/en\/produkt\/55507295-moore_in_deutschland\/","title":{"rendered":"Moore in Deutschland"},"content":{"rendered":"<p>Der Schulfilm erkl\u00e4rt anschaulich, was Moore sind und warum sie f\u00fcr Klima und Hochwasserschutz so wichtig sind.<\/p>\n<p>Am Beispiel des Murnauer Mooses, des Donaumooses und des Lohmarer Waldes zeigt der Film, wie unterschiedlich Moore aussehen k\u00f6nnen.<\/p>\n<p>Die Zuschauer lernen, wie Moore gesch\u00fctzt und durch Wiedervern\u00e4ssung wiederhergestellt werden k\u00f6nnen.<\/p>\n","protected":false},"excerpt":{"rendered":"<p>Der Schulfilm erkl\u00e4rt anschaulich, was Moore sind und warum sie f\u00fcr Klima und Hochwasserschutz so wichtig sind.<\/p>\n","protected":false},"featured_media":33840,"template":"","meta":{"_acf_changed":false},"product_brand":[],"product_cat":[70],"product_tag":[91,125],"class_list":{"0":"post-33828","1":"product","2":"type-product","3":"status-publish","4":"has-post-thumbnail","6":"product_cat-film","7":"product_tag-subject-geografie","8":"product_tag-target-sek-i","9":"product_shipping_class-dvd-versand","11":"first","12":"instock","13":"taxable","14":"shipping-taxable","15":"purchasable","16":"product-type-variable"},"acf":{"subtitle":"Entstehung, Nutzung, Renaturierung","article_id":"46505620 \/ 55507295","languages":"DE","thumb_up":false,"cover_image":33843,"linked_product":17267,"linked_products":null,"banner":{"show":true,"text":"","color":""},"length":"19:20 min","content_movie":"Gesamtes Begleitmaterial: 80 Seiten\r\nArbeitsbl\u00e4tter: 20 Seiten\r\nTestaufgaben: 20 Seiten\r\nInteraktive Aufgaben: 10\r\n\r\n&nbsp;\r\n\r\n&nbsp;","learning_goals":"Lernziele:\r\n\r\nDie Sch\u00fclerinnen und Sch\u00fcler\r\n<ol>\r\n \t<li>erl\u00e4utern anhand eines Nahraumbeispiels charakteristische Oberfl\u00e4chenformen in Europa.<\/li>\r\n \t<li>stellen Moore als geeigneten Hochwasserschutz dar.<\/li>\r\n<\/ol>\r\n&nbsp;\r\n\r\nKompetenzen:\r\n\r\nDie Sch\u00fclerinnen und Sch\u00fcler k\u00f6nnen\r\n<ol>\r\n \t<li>geographische Strukturen herausarbeiten, analysieren und charakterisieren.<\/li>\r\n \t<li>geographisch relevante Beurteilungskriterien erl\u00e4utern.<\/li>\r\n<\/ol>","preview_gif":33835,"trailer":{"file":33837,"url":"","image":33839},"mediathek_id":884,"amount":"","demo_url":"","h5p_demo_id":"","content_interactive":"","hide_numbers":false,"flyer":"","info_columns":null},"_links":{"self":[{"href":"https:\/\/www.medienlb.com\/en\/wp-json\/wp\/v2\/product\/33828","targetHints":{"allow":["GET"]}}],"collection":[{"href":"https:\/\/www.medienlb.com\/en\/wp-json\/wp\/v2\/product"}],"about":[{"href":"https:\/\/www.medienlb.com\/en\/wp-json\/wp\/v2\/types\/product"}],"acf:post":[{"embeddable":true,"href":"https:\/\/www.medienlb.com\/en\/wp-json\/wp\/v2\/product\/17267"}],"wp:featuredmedia":[{"embeddable":true,"href":"https:\/\/www.medienlb.com\/en\/wp-json\/wp\/v2\/media\/33840"}],"wp:attachment":[{"href":"https:\/\/www.medienlb.com\/en\/wp-json\/wp\/v2\/media?parent=33828"}],"wp:term":[{"taxonomy":"product_brand","embeddable":true,"href":"https:\/\/www.medienlb.com\/en\/wp-json\/wp\/v2\/product_brand?post=33828"},{"taxonomy":"product_cat","embeddable":true,"href":"https:\/\/www.medienlb.com\/en\/wp-json\/wp\/v2\/product_cat?post=33828"},{"taxonomy":"product_tag","embeddable":true,"href":"https:\/\/www.medienlb.com\/en\/wp-json\/wp\/v2\/product_tag?post=33828"}],"curies":[{"name":"wp","href":"https:\/\/api.w.org\/{rel}","templated":true}]}}