{"id":33795,"date":"2025-07-18T10:10:18","date_gmt":"2025-07-18T10:10:18","guid":{"rendered":"https:\/\/www.medienlb.com\/?post_type=product&#038;p=33795"},"modified":"2025-10-01T08:50:40","modified_gmt":"2025-10-01T08:50:40","slug":"55507253_soziale-schere","status":"publish","type":"product","link":"https:\/\/www.medienlb.com\/en\/produkt\/55507253_soziale-schere\/","title":{"rendered":"Soziale Schere"},"content":{"rendered":"<p>Die Verteilung des Verm\u00f6gens in der Bundesrepublik hat sich in den letzten Jahrzehnten zulasten der \u00e4rmeren Bev\u00f6lkerungsschichten ver\u00e4ndert. Der Film geht der Frage nach, wie die Umverteilung funktioniert und wie der Staat hierbei steuernd eingreifen kann.<\/p>\n<p>Zahlreiche, durchaus auch kontroverse Interviews regen die Sch\u00fclerinnen und Sch\u00fcler zum Diskutieren an.<\/p>\n","protected":false},"excerpt":{"rendered":"<p>Die Verteilung des Verm\u00f6gens in der Bundesrepublik hat sich in den letzten Jahrzehnten zulasten der \u00e4rmeren Bev\u00f6lkerungsschichten ver\u00e4ndert.<\/p>\n","protected":false},"featured_media":33799,"template":"","meta":{"_acf_changed":false},"product_brand":[],"product_cat":[70],"product_tag":[93,125],"class_list":{"0":"post-33795","1":"product","2":"type-product","3":"status-publish","4":"has-post-thumbnail","6":"product_cat-film","7":"product_tag-subject-politik-sozialkunde","8":"product_tag-target-sek-i","9":"product_shipping_class-dvd-versand","11":"first","12":"instock","13":"taxable","14":"shipping-taxable","15":"purchasable","16":"product-type-variable"},"acf":{"subtitle":"Ungleichheit in Deutschland","article_id":"46505581 \/ 55507253","languages":"DE","thumb_up":true,"cover_image":33804,"linked_product":20571,"linked_products":null,"banner":{"show":true,"text":"","color":""},"length":"19:20 min","content_movie":"Gesamtes Begleitmaterial: 81 Seiten\r\nArbeitsbl\u00e4tter: 20 Seiten\r\nTestaufgaben: 20 Seiten\r\nInteraktive Aufgaben: 10\r\n\r\n&nbsp;\r\n\r\n&nbsp;","learning_goals":"Lernziele:\r\n\r\nDie Sch\u00fclerinnen und Sch\u00fcler\r\n<ol>\r\n \t<li>beschreiben das Sozialstaatsgebot des Grundgesetzes (Art. 1, 20GG)<\/li>\r\n \t<li>charakterisieren unterschiedliche Formen von Gerechtigkeit<\/li>\r\n \t<li>analysieren Einflussfaktoren auf das Armutsrisiko<\/li>\r\n<\/ol>\r\n&nbsp;\r\n\r\nKompetenzen:\r\n\r\nDie Sch\u00fclerinnen und Sch\u00fcler k\u00f6nnen\r\n<ol>\r\n \t<li>politische, wirtschaftliche und gesellschaftliche Sach-, Konflikt- und Problemlagen unter Verwendung der g\u00e4ngigen Fachsprache strukturiert wiedergeben<\/li>\r\n \t<li>begr\u00fcndete Vorschl\u00e4ge zur Bew\u00e4ltigung von politischen, wirtschaftlichen und gesellschaftlichen Problemen formulieren.<\/li>\r\n<\/ol>","preview_gif":33806,"trailer":{"file":33808,"url":"","image":33802},"mediathek_id":883,"amount":"","demo_url":"","h5p_demo_id":"","content_interactive":"","hide_numbers":false,"flyer":"","info_columns":null},"_links":{"self":[{"href":"https:\/\/www.medienlb.com\/en\/wp-json\/wp\/v2\/product\/33795","targetHints":{"allow":["GET"]}}],"collection":[{"href":"https:\/\/www.medienlb.com\/en\/wp-json\/wp\/v2\/product"}],"about":[{"href":"https:\/\/www.medienlb.com\/en\/wp-json\/wp\/v2\/types\/product"}],"acf:post":[{"embeddable":true,"href":"https:\/\/www.medienlb.com\/en\/wp-json\/wp\/v2\/product\/20571"}],"wp:featuredmedia":[{"embeddable":true,"href":"https:\/\/www.medienlb.com\/en\/wp-json\/wp\/v2\/media\/33799"}],"wp:attachment":[{"href":"https:\/\/www.medienlb.com\/en\/wp-json\/wp\/v2\/media?parent=33795"}],"wp:term":[{"taxonomy":"product_brand","embeddable":true,"href":"https:\/\/www.medienlb.com\/en\/wp-json\/wp\/v2\/product_brand?post=33795"},{"taxonomy":"product_cat","embeddable":true,"href":"https:\/\/www.medienlb.com\/en\/wp-json\/wp\/v2\/product_cat?post=33795"},{"taxonomy":"product_tag","embeddable":true,"href":"https:\/\/www.medienlb.com\/en\/wp-json\/wp\/v2\/product_tag?post=33795"}],"curies":[{"name":"wp","href":"https:\/\/api.w.org\/{rel}","templated":true}]}}