{"id":33771,"date":"2025-07-17T05:12:23","date_gmt":"2025-07-17T05:12:23","guid":{"rendered":"https:\/\/www.medienlb.com\/?post_type=product&#038;p=33771"},"modified":"2025-07-17T06:49:44","modified_gmt":"2025-07-17T06:49:44","slug":"55507270-bienenfresser","status":"publish","type":"product","link":"https:\/\/www.medienlb.com\/en\/produkt\/55507270-bienenfresser\/","title":{"rendered":"Bienenfresser"},"content":{"rendered":"<p>Der Bienenfresser (Merops apiaster) ist ein farbenfroher Zugvogel. Seinen Namen verdankt er seiner Lieblingsspeise: den Bienen, doch frisst er auch andere Insekten wie Hummeln, Wespen, Schmetterlinge oder Libellen. Er lebt in Kolonien und br\u00fctet in H\u00f6hlen in Steilw\u00e4nden. Im \u00d6kosystem kontrolliert er als R\u00e4uber die Insektenpopulation und gilt als Bioindikator. Der Film zeigt die Merkmale, Lebensweise und Umwelt des Bienenfressers.<\/p>\n","protected":false},"excerpt":{"rendered":"<p>Der Bienenfresser (Merops apiaster) ist ein farbenfroher Zugvogel.<\/p>\n","protected":false},"featured_media":33781,"template":"","meta":{"_acf_changed":false},"product_brand":[],"product_cat":[70],"product_tag":[87,97,129,125],"class_list":{"0":"post-33771","1":"product","2":"type-product","3":"status-publish","4":"has-post-thumbnail","6":"product_cat-film","7":"product_tag-subject-biologie","8":"product_tag-subject-grundschule","9":"product_tag-target-gru","10":"product_tag-target-sek-i","11":"product_shipping_class-dvd-versand","13":"first","14":"instock","15":"taxable","16":"shipping-taxable","17":"purchasable","18":"product-type-variable"},"acf":{"subtitle":"Merkmale und Angepasstheit","article_id":"46505596 \/ 55507270","languages":"DE","thumb_up":false,"cover_image":33784,"linked_product":[6810,35205],"linked_products":null,"banner":{"show":true,"text":"","color":""},"length":"13:32 min","content_movie":"Gesamtes Begleitmaterial: 64 Seiten\r\nArbeitsbl\u00e4tter: 20 Seiten\r\nTestaufgaben: 20 Seiten\r\nInteraktive Aufgaben: 10\r\n\r\n&nbsp;\r\n\r\n&nbsp;","learning_goals":"Lernziele:\r\n\r\nDie Sch\u00fclerinnen und Sch\u00fcler\r\n<ol>\r\n \t<li>beschreiben die Angepasstheit von Tieren und Pflanzen an ihren jeweiligen Lebensraum.<\/li>\r\n \t<li>erkennen die Bedeutung von Naturgrundlagen f\u00fcr Mensch, Tier und Pflanze.<\/li>\r\n<\/ol>\r\n&nbsp;\r\n\r\nKompetenzen:\r\n\r\nDie Sch\u00fclerinnen und Sch\u00fcler k\u00f6nnen\r\n<ol>\r\n \t<li>Gestaltmerkmale von Lebewesen kriterienbezogen beschreiben und vergleichen.<\/li>\r\n \t<li>Handlungsm\u00f6glichkeiten f\u00fcr ein umwelt- und naturvertr\u00e4gliches Leben beschreiben.<\/li>\r\n<\/ol>","preview_gif":33776,"trailer":{"file":33778,"url":"","image":33780},"mediathek_id":882,"amount":"","demo_url":"","h5p_demo_id":"","content_interactive":"","hide_numbers":false,"flyer":"","info_columns":null},"_links":{"self":[{"href":"https:\/\/www.medienlb.com\/en\/wp-json\/wp\/v2\/product\/33771","targetHints":{"allow":["GET"]}}],"collection":[{"href":"https:\/\/www.medienlb.com\/en\/wp-json\/wp\/v2\/product"}],"about":[{"href":"https:\/\/www.medienlb.com\/en\/wp-json\/wp\/v2\/types\/product"}],"acf:post":[{"embeddable":true,"href":"https:\/\/www.medienlb.com\/en\/wp-json\/wp\/v2\/product\/35205"},{"embeddable":true,"href":"https:\/\/www.medienlb.com\/en\/wp-json\/wp\/v2\/product\/6810"}],"wp:featuredmedia":[{"embeddable":true,"href":"https:\/\/www.medienlb.com\/en\/wp-json\/wp\/v2\/media\/33781"}],"wp:attachment":[{"href":"https:\/\/www.medienlb.com\/en\/wp-json\/wp\/v2\/media?parent=33771"}],"wp:term":[{"taxonomy":"product_brand","embeddable":true,"href":"https:\/\/www.medienlb.com\/en\/wp-json\/wp\/v2\/product_brand?post=33771"},{"taxonomy":"product_cat","embeddable":true,"href":"https:\/\/www.medienlb.com\/en\/wp-json\/wp\/v2\/product_cat?post=33771"},{"taxonomy":"product_tag","embeddable":true,"href":"https:\/\/www.medienlb.com\/en\/wp-json\/wp\/v2\/product_tag?post=33771"}],"curies":[{"name":"wp","href":"https:\/\/api.w.org\/{rel}","templated":true}]}}