{"id":33731,"date":"2025-07-14T06:07:57","date_gmt":"2025-07-14T06:07:57","guid":{"rendered":"https:\/\/www.medienlb.com\/?post_type=product&#038;p=33731"},"modified":"2025-08-11T12:19:52","modified_gmt":"2025-08-11T12:19:52","slug":"braunbaer","status":"publish","type":"product","link":"https:\/\/www.medienlb.com\/en\/produkt\/braunbaer\/","title":{"rendered":"Braunb\u00e4r"},"content":{"rendered":"<p>Der Braunb\u00e4r ist in der Regel Einzelg\u00e4nger. Er lebt in den W\u00e4ldern und Gebirgen Europas, Asiens und Nordamerikas. Mit seinem kr\u00e4ftigen K\u00f6rperbau, den langen Krallen und dem dichten Fell wird er bis zu 2,80 m gro\u00df und 600 kg schwer. Als Allesfresser h\u00e4lt er das \u00d6kosystem im Gleichgewicht und tr\u00e4gt zur Verbreitung von Pflanzensamen bei.<br \/>\nDer Film zeigt die Lebensweise, Merkmale und Umwelt des Braunb\u00e4ren.<\/p>\n","protected":false},"excerpt":{"rendered":"<p>Der Braunb\u00e4r ist in der Regel Einzelg\u00e4nger. Er lebt in den W\u00e4ldern und Gebirgen Europas, Asiens und Nordamerikas.<\/p>\n","protected":false},"featured_media":33741,"template":"","meta":{"_acf_changed":false},"product_brand":[],"product_cat":[70],"product_tag":[87,97,129,125],"class_list":{"0":"post-33731","1":"product","2":"type-product","3":"status-publish","4":"has-post-thumbnail","6":"product_cat-film","7":"product_tag-subject-biologie","8":"product_tag-subject-grundschule","9":"product_tag-target-gru","10":"product_tag-target-sek-i","11":"product_shipping_class-dvd-versand","13":"first","14":"instock","15":"taxable","16":"shipping-taxable","17":"purchasable","18":"product-type-variable"},"acf":{"subtitle":"Aussehen, Verbreitung, Lebensweise","article_id":"46505598 \/ 55507272","languages":"DE","thumb_up":false,"cover_image":33746,"linked_product":32607,"linked_products":null,"banner":{"show":true,"text":"","color":""},"length":"18:14 min","content_movie":"Gesamtes Begleitmaterial: 71 Seiten\r\nArbeitsbl\u00e4tter: 20 Seiten\r\nTestaufgaben: 20 Seiten\r\nInteraktive Aufgaben: 10\r\n\r\n&nbsp;\r\n\r\n&nbsp;","learning_goals":"Lernziele: Die Sch\u00fclerinnen und Sch\u00fcler\r\n<ol>\r\n \t<li>beschreiben die typischen S\u00e4ugetiermerkmale.<\/li>\r\n \t<li>beschreiben die typischen S\u00e4ugetiermerkmale.<\/li>\r\n \t<li>erkl\u00e4ren die Angepasstheit von Arten an Umweltfaktoren.<\/li>\r\n<\/ol>\r\n&nbsp;\r\n\r\nKompetenzen: Die Sch\u00fclerinnen und Sch\u00fcler k\u00f6nnen\r\n<ol>\r\n \t<li>k\u00f6nnen Vorstellungen entwickeln und interessengeleitete Fragen formulieren.<\/li>\r\n \t<li>k\u00f6nnen Beobachtungen von Erkl\u00e4rungen unterscheiden.<\/li>\r\n \t<li>k\u00f6nnen Gestaltmerkmale von Lebewesen kriterienbezogen beschreiben und vergleichen.<\/li>\r\n<\/ol>","preview_gif":33736,"trailer":{"file":33738,"url":"","image":33740},"mediathek_id":881,"amount":"","demo_url":"","h5p_demo_id":"","content_interactive":"","hide_numbers":false,"flyer":"","info_columns":null},"_links":{"self":[{"href":"https:\/\/www.medienlb.com\/en\/wp-json\/wp\/v2\/product\/33731","targetHints":{"allow":["GET"]}}],"collection":[{"href":"https:\/\/www.medienlb.com\/en\/wp-json\/wp\/v2\/product"}],"about":[{"href":"https:\/\/www.medienlb.com\/en\/wp-json\/wp\/v2\/types\/product"}],"acf:post":[{"embeddable":true,"href":"https:\/\/www.medienlb.com\/en\/wp-json\/wp\/v2\/product\/32607"}],"wp:featuredmedia":[{"embeddable":true,"href":"https:\/\/www.medienlb.com\/en\/wp-json\/wp\/v2\/media\/33741"}],"wp:attachment":[{"href":"https:\/\/www.medienlb.com\/en\/wp-json\/wp\/v2\/media?parent=33731"}],"wp:term":[{"taxonomy":"product_brand","embeddable":true,"href":"https:\/\/www.medienlb.com\/en\/wp-json\/wp\/v2\/product_brand?post=33731"},{"taxonomy":"product_cat","embeddable":true,"href":"https:\/\/www.medienlb.com\/en\/wp-json\/wp\/v2\/product_cat?post=33731"},{"taxonomy":"product_tag","embeddable":true,"href":"https:\/\/www.medienlb.com\/en\/wp-json\/wp\/v2\/product_tag?post=33731"}],"curies":[{"name":"wp","href":"https:\/\/api.w.org\/{rel}","templated":true}]}}