{"id":33505,"date":"2025-06-03T11:57:37","date_gmt":"2025-06-03T11:57:37","guid":{"rendered":"https:\/\/www.medienlb.com\/?post_type=product&#038;p=33505"},"modified":"2025-06-05T05:23:53","modified_gmt":"2025-06-05T05:23:53","slug":"antarktis","status":"publish","type":"product","link":"https:\/\/www.medienlb.com\/en\/produkt\/antarktis\/","title":{"rendered":"Antarktis"},"content":{"rendered":"<p>Die Antarktis ist der k\u00e4lteste Kontinent der Erde und fast vollst\u00e4ndig von Eis bedeckt.<\/p>\n<p>Der Film stellt die Antarktis vor und zeigt Tiere und Pflanzen, die sich an die extremen Bedingungen angepasst haben.<\/p>\n<p>Die Auswirkungen steigender Temperaturen auf Vegetation und Eisschild werden eindrucksvoll dargestellt.<\/p>\n","protected":false},"excerpt":{"rendered":"<p>Die Antarktis ist der k\u00e4lteste Kontinent der Erde und fast vollst\u00e4ndig von Eis bedeckt.<\/p>\n","protected":false},"featured_media":33515,"template":"","meta":{"_acf_changed":false},"product_brand":[],"product_cat":[70],"product_tag":[91,125],"class_list":{"0":"post-33505","1":"product","2":"type-product","3":"status-publish","4":"has-post-thumbnail","6":"product_cat-film","7":"product_tag-subject-geografie","8":"product_tag-target-sek-i","9":"product_shipping_class-dvd-versand","11":"first","12":"instock","13":"taxable","14":"shipping-taxable","15":"purchasable","16":"product-type-variable"},"acf":{"subtitle":"Eiswelt am S\u00fcdpol","article_id":"46505686 \/ 55507575","languages":"DE","thumb_up":false,"cover_image":33561,"linked_product":8980,"linked_products":null,"banner":{"show":true,"text":"","color":""},"length":"18:15 min","content_movie":"Gesamtes Begleitmaterial: 75 Seiten\r\nArbeitsbl\u00e4tter: 20 Seiten\r\nTestaufgaben: 20 Seiten\r\nInteraktive Aufgaben: 10\r\n\r\n&nbsp;\r\n\r\n&nbsp;","learning_goals":"Lernziele:\r\n\r\nDie Sch\u00fclerinnen und Sch\u00fcler k\u00f6nnen\r\n<ol>\r\n \t<li>typische Merkmale der Klimazonen der Erde als Ergebnis der solaren Einstrahlung erl\u00e4utern<\/li>\r\n \t<li>den Zusammenhang zwischen Klima und nat\u00fcrlicher Vegetation erkl\u00e4ren<\/li>\r\n<\/ol>\r\n&nbsp;\r\n\r\nKompetenzen:\r\n\r\nDie Sch\u00fclerinnen und Sch\u00fcler\r\n<ol>\r\n \t<li>ordnen geographische Sachverhalte in topgrafische Raster ein<\/li>\r\n \t<li>bewerten raumrelevante systemische Strukturen und Prozesse auch hinsichtlich ihrer zuk\u00fcnftigen Entwicklung<\/li>\r\n<\/ol>","preview_gif":33510,"trailer":{"file":33512,"url":"","image":33514},"mediathek_id":878,"amount":"","demo_url":"","h5p_demo_id":"","content_interactive":"","hide_numbers":false,"flyer":"","info_columns":null},"_links":{"self":[{"href":"https:\/\/www.medienlb.com\/en\/wp-json\/wp\/v2\/product\/33505","targetHints":{"allow":["GET"]}}],"collection":[{"href":"https:\/\/www.medienlb.com\/en\/wp-json\/wp\/v2\/product"}],"about":[{"href":"https:\/\/www.medienlb.com\/en\/wp-json\/wp\/v2\/types\/product"}],"acf:post":[{"embeddable":true,"href":"https:\/\/www.medienlb.com\/en\/wp-json\/wp\/v2\/product\/8980"}],"wp:featuredmedia":[{"embeddable":true,"href":"https:\/\/www.medienlb.com\/en\/wp-json\/wp\/v2\/media\/33515"}],"wp:attachment":[{"href":"https:\/\/www.medienlb.com\/en\/wp-json\/wp\/v2\/media?parent=33505"}],"wp:term":[{"taxonomy":"product_brand","embeddable":true,"href":"https:\/\/www.medienlb.com\/en\/wp-json\/wp\/v2\/product_brand?post=33505"},{"taxonomy":"product_cat","embeddable":true,"href":"https:\/\/www.medienlb.com\/en\/wp-json\/wp\/v2\/product_cat?post=33505"},{"taxonomy":"product_tag","embeddable":true,"href":"https:\/\/www.medienlb.com\/en\/wp-json\/wp\/v2\/product_tag?post=33505"}],"curies":[{"name":"wp","href":"https:\/\/api.w.org\/{rel}","templated":true}]}}