{"id":33438,"date":"2025-05-27T04:49:22","date_gmt":"2025-05-27T04:49:22","guid":{"rendered":"https:\/\/www.medienlb.com\/?post_type=product&#038;p=33438"},"modified":"2026-03-17T11:32:08","modified_gmt":"2026-03-17T11:32:08","slug":"kamishibai-das-magische-gruen","status":"publish","type":"product","link":"https:\/\/www.medienlb.com\/en\/produkt\/kamishibai-das-magische-gruen\/","title":{"rendered":"Kamishibai &#8211; Das magische Gr\u00fcn"},"content":{"rendered":"<p>Zaubuin und seine Freunde treffen sich in einem komplett gr\u00fcnen Zimmer. Das Zimmer ist aber nicht irgendwie gr\u00fcn, sondern magisch Gr\u00fcn. Dinge k\u00f6nnen verschwinden, oder erscheinen. In 16 liebevoll illustrierten Bildtafeln wird f\u00fcr Kinder die Greenscreentechnologie erkl\u00e4rt.<\/p>\n<hr \/>\n<p><span style=\"color: #000000;\">Zuz\u00fcglich Versandkosten von \u20ac 7,69<\/span><\/p>\n","protected":false},"excerpt":{"rendered":"<p>In 16 liebevoll illustrierten Bildtafeln wird f\u00fcr Kinder die Greenscreentechnologie erkl\u00e4rt.<\/p>\n","protected":false},"featured_media":33440,"template":"","meta":{"_acf_changed":false},"product_brand":[],"product_cat":[186],"product_tag":[81,111],"class_list":{"0":"post-33438","1":"product","2":"type-product","3":"status-publish","4":"has-post-thumbnail","6":"product_cat-kamishibai","7":"product_tag-subject-elementarbereich","8":"product_tag-subject-medienbildung","10":"first","11":"instock","12":"taxable","13":"shipping-taxable","14":"purchasable","15":"product-type-variable"},"acf":{"subtitle":"Japanisches Erz\u00e4hltheater","article_id":"72500668","languages":"DE","thumb_up":false,"cover_image":"","linked_product":32649,"linked_products":null,"banner":{"show":true,"text":"","color":""},"length":"","content_movie":"","learning_goals":"","preview_gif":"","trailer":{"file":"","url":"","image":""},"mediathek_id":"","amount":"","demo_url":"","h5p_demo_id":"","content_interactive":"","hide_numbers":false,"flyer":"","info_columns":[{"heading":"","content":"<a href=\"https:\/\/www.medienlb.com\/en\/produkt\/kamishibai-theater\/\" target=\"_blank\" rel=\"noopener\"><img class=\"alignnone wp-image-20365\" src=\"https:\/\/www.medienlb.com\/wp-content\/uploads\/2023\/12\/03_Maker_Kamishibai_4_3_SC-300x225.png\" alt=\"\" width=\"100\" height=\"75\" \/><\/a>Die Abmessungen der Bildertafeln (A3) erlauben die Verwendung in einem gebr\u00e4uchlichen Kamishibai-Theatern, das Sie <span style=\"color: #0000ff;\"><a style=\"color: #0000ff;\" href=\"https:\/\/www.medienlb.com\/en\/produkt\/kamishibai-theater\/\" target=\"_blank\" rel=\"noopener\"><strong>Hier finden:<\/strong><\/a><\/span>\r\n\r\n&nbsp;"},{"heading":"","content":"<a href=\"https:\/\/www.medienlb.com\/produkt\/kamishibai\/\" target=\"_blank\" rel=\"noopener\"><img class=\"alignnone wp-image-29153\" src=\"https:\/\/www.medienlb.com\/wp-content\/uploads\/2025\/01\/6506-300x300.png\" alt=\"\" width=\"99\" height=\"99\" \/><\/a>Unseren allgemeinen Schul-Film \u00fcber Kamishibais und dessen Verwendung finden Sie<strong><a href=\"https:\/\/www.medienlb.com\/produkt\/kamishibai\/\" target=\"_blank\" rel=\"noopener\"><span style=\"color: #0000ff;\"> Hier<\/span>:<\/a><\/strong>\r\n\r\n&nbsp;"},{"heading":"","content":"<a href=\"https:\/\/www.medienlb.com\/en\/produkt\/das-magische-gruen\/\" target=\"_blank\" rel=\"noopener\"><img class=\"alignnone wp-image-33471\" src=\"https:\/\/www.medienlb.com\/wp-content\/uploads\/2025\/05\/55507266-Das-magische-Gruen-Cover-300x300.png\" alt=\"\" width=\"100\" height=\"100\" \/><\/a>Dieses Kamishibai basiert auf einem spannenden Animationsfilm, welchen Sie <span style=\"color: #0000ff;\"><strong><a style=\"color: #0000ff;\" href=\"https:\/\/www.medienlb.com\/en\/produkt\/das-magische-gruen\/\" target=\"_blank\" rel=\"noopener\">Hier finden: <\/a><\/strong><\/span>"}]},"_links":{"self":[{"href":"https:\/\/www.medienlb.com\/en\/wp-json\/wp\/v2\/product\/33438","targetHints":{"allow":["GET"]}}],"collection":[{"href":"https:\/\/www.medienlb.com\/en\/wp-json\/wp\/v2\/product"}],"about":[{"href":"https:\/\/www.medienlb.com\/en\/wp-json\/wp\/v2\/types\/product"}],"acf:post":[{"embeddable":true,"href":"https:\/\/www.medienlb.com\/en\/wp-json\/wp\/v2\/product\/32649"}],"wp:featuredmedia":[{"embeddable":true,"href":"https:\/\/www.medienlb.com\/en\/wp-json\/wp\/v2\/media\/33440"}],"wp:attachment":[{"href":"https:\/\/www.medienlb.com\/en\/wp-json\/wp\/v2\/media?parent=33438"}],"wp:term":[{"taxonomy":"product_brand","embeddable":true,"href":"https:\/\/www.medienlb.com\/en\/wp-json\/wp\/v2\/product_brand?post=33438"},{"taxonomy":"product_cat","embeddable":true,"href":"https:\/\/www.medienlb.com\/en\/wp-json\/wp\/v2\/product_cat?post=33438"},{"taxonomy":"product_tag","embeddable":true,"href":"https:\/\/www.medienlb.com\/en\/wp-json\/wp\/v2\/product_tag?post=33438"}],"curies":[{"name":"wp","href":"https:\/\/api.w.org\/{rel}","templated":true}]}}