{"id":33419,"date":"2025-05-26T11:19:29","date_gmt":"2025-05-26T11:19:29","guid":{"rendered":"https:\/\/www.medienlb.com\/?post_type=product&#038;p=33419"},"modified":"2025-05-27T06:21:10","modified_gmt":"2025-05-27T06:21:10","slug":"faszinierende-nacktkiemer","status":"publish","type":"product","link":"https:\/\/www.medienlb.com\/en\/produkt\/faszinierende-nacktkiemer\/","title":{"rendered":"Faszinierende Nacktkiemer"},"content":{"rendered":"<p>Nacktkiemer \u00fcberleben ohne sch\u00fctzendes Geh\u00e4use im Meer.<br \/>\nDurch beeindruckende Unterwasseraufnahmen und Animationen lernen die Sch\u00fcler die besonderen Anpassungen dieser Tiere kennen, etwa ihre giftigen Hautstoffe zur Abwehr von Fressfeinden.<br \/>\nDer Film f\u00f6rdert das Verst\u00e4ndnis f\u00fcr marine Biodiversit\u00e4t und regt zur Diskussion \u00fcber den Schutz empfindlicher Lebensr\u00e4ume an.<\/p>\n","protected":false},"excerpt":{"rendered":"<p>Nacktkiemer \u00fcberleben ohne sch\u00fctzendes Geh\u00e4use im Meer.<br \/>\nDurch beeindruckende Unterwasseraufnahmen und Animationen lernen die Sch\u00fcler die besonderen Anpassungen dieser Tiere kennen, etwa ihre giftigen Hautstoffe zur Abwehr von Fressfeinden.<\/p>\n","protected":false},"featured_media":33429,"template":"","meta":{"_acf_changed":false},"product_brand":[],"product_cat":[70],"product_tag":[87,125],"class_list":{"0":"post-33419","1":"product","2":"type-product","3":"status-publish","4":"has-post-thumbnail","6":"product_cat-film","7":"product_tag-subject-biologie","8":"product_tag-target-sek-i","9":"product_shipping_class-dvd-versand","11":"first","12":"instock","13":"taxable","14":"shipping-taxable","15":"purchasable","16":"product-type-variable"},"acf":{"subtitle":"Vorkommen, Lebensweise, Bedrohung","article_id":"46505603 \/ 55507277","languages":"DE","thumb_up":false,"cover_image":33432,"linked_product":12871,"linked_products":null,"banner":{"show":true,"text":"","color":""},"length":"13:33 min","content_movie":"Gesamtes Begleitmaterial: 63 Seiten\r\nArbeitsbl\u00e4tter: 20 Seiten\r\nTestaufgaben: 20 Seiten\r\nInteraktive Aufgaben: 10\r\n\r\n&nbsp;\r\n\r\n&nbsp;","learning_goals":"Lernziele\r\n\r\nDie Sch\u00fclerinnen und Sch\u00fcler\r\n<ol>\r\n \t<li>beschreiben Beziehungen zwischen Lebewesen (R\u00e4uber-Beute-Beziehung).<\/li>\r\n \t<li>beschreiben die Angepasstheit von Lebewesen an Umweltfaktoren an ausgew\u00e4hlten Beispielen.<\/li>\r\n<\/ol>\r\n&nbsp;\r\n\r\nKompetenzen\r\n\r\nDie Sch\u00fclerinnen und Sch\u00fcler k\u00f6nnen\r\n<ol>\r\n \t<li>bewerten den Einfluss des Menschen auf \u00d6kosysteme im Hinblick auf nachhaltige Entwicklung.<\/li>\r\n \t<li>pr\u00fcfen kritisch Aussagen zu naturwissenschaftlichen Themen.<\/li>\r\n \t<li>stellen Bez\u00fcge zu anderen Unterrichtsf\u00e4chern her.<\/li>\r\n<\/ol>","preview_gif":33424,"trailer":{"file":33426,"url":"","image":33428},"mediathek_id":877,"amount":"","demo_url":"","h5p_demo_id":"","content_interactive":"","hide_numbers":false,"flyer":"","info_columns":null},"_links":{"self":[{"href":"https:\/\/www.medienlb.com\/en\/wp-json\/wp\/v2\/product\/33419","targetHints":{"allow":["GET"]}}],"collection":[{"href":"https:\/\/www.medienlb.com\/en\/wp-json\/wp\/v2\/product"}],"about":[{"href":"https:\/\/www.medienlb.com\/en\/wp-json\/wp\/v2\/types\/product"}],"acf:post":[{"embeddable":true,"href":"https:\/\/www.medienlb.com\/en\/wp-json\/wp\/v2\/product\/12871"}],"wp:featuredmedia":[{"embeddable":true,"href":"https:\/\/www.medienlb.com\/en\/wp-json\/wp\/v2\/media\/33429"}],"wp:attachment":[{"href":"https:\/\/www.medienlb.com\/en\/wp-json\/wp\/v2\/media?parent=33419"}],"wp:term":[{"taxonomy":"product_brand","embeddable":true,"href":"https:\/\/www.medienlb.com\/en\/wp-json\/wp\/v2\/product_brand?post=33419"},{"taxonomy":"product_cat","embeddable":true,"href":"https:\/\/www.medienlb.com\/en\/wp-json\/wp\/v2\/product_cat?post=33419"},{"taxonomy":"product_tag","embeddable":true,"href":"https:\/\/www.medienlb.com\/en\/wp-json\/wp\/v2\/product_tag?post=33419"}],"curies":[{"name":"wp","href":"https:\/\/api.w.org\/{rel}","templated":true}]}}