{"id":32734,"date":"2025-05-20T09:31:33","date_gmt":"2025-05-20T09:31:33","guid":{"rendered":"https:\/\/www.medienlb.com\/?post_type=product&#038;p=32734"},"modified":"2025-05-20T11:52:57","modified_gmt":"2025-05-20T11:52:57","slug":"das-amt-des-papstes","status":"publish","type":"product","link":"https:\/\/www.medienlb.com\/en\/produkt\/das-amt-des-papstes\/","title":{"rendered":"Das Amt des Papstes"},"content":{"rendered":"<p>In 10 interaktiven Aufgaben erlangen die Sch\u00fclerinnen und Sch\u00fcler Wissen \u00fcber die Geschichte, das Amt, die Funktion, die Wahl und die Verantwortung des Papstes.<\/p>\n<p>Die Lerneinheit ist nicht nur f\u00fcr den Einsatz im katholischen Religionsunterricht geeignet, sondern dient als Grundlage f\u00fcr das allgemeine Verst\u00e4ndnis, wie sich die Strukturen der katholischen Kirche von Anbeginn an bildeten. Um am gesellschaftlichen Diskurs teilhaben zu k\u00f6nnen, empfiehlt sich das Material f\u00fcr jeden Religions-, Ethik- und Geschichtsunterricht.<\/p>\n","protected":false},"excerpt":{"rendered":"<p>In 10 interaktiven Aufgaben erlangen die Sch\u00fclerinnen und Sch\u00fcler Wissen \u00fcber die Geschichte, das Amt, die Funktion, die Wahl und die Verantwortung des Papstes.<\/p>\n","protected":false},"featured_media":32739,"template":"","meta":{"_acf_changed":false},"product_brand":[],"product_cat":[180],"product_tag":[89,125],"class_list":{"0":"post-32734","1":"product","2":"type-product","3":"status-publish","4":"has-post-thumbnail","6":"product_cat-interaktive-lerneinheit","7":"product_tag-subject-religion","8":"product_tag-target-sek-i","10":"first","11":"instock","12":"taxable","13":"shipping-taxable","14":"purchasable","15":"product-type-variable"},"acf":{"subtitle":"Religion 5-10","article_id":"55507892","languages":"DE","thumb_up":false,"cover_image":32746,"linked_product":9520,"linked_products":null,"banner":{"show":true,"text":"","color":""},"length":"","content_movie":"","learning_goals":"","preview_gif":"","trailer":{"file":"","url":"","image":""},"mediathek_id":"","amount":10,"demo_url":"","h5p_demo_id":158,"content_interactive":"Papst: Person und Amt - Interaktive Aufgaben \r\nDie r&ouml;misch-katholische Kirche - L&uuml;ckentext \r\nHierarchie in der katholischen Kirche - Interaktive Aufgaben\r\nAmtssitz Vatikan - W&auml;hle die richtige Antwort \r\nInsignien des Papstes - Finde die L&ouml;sungsw&ouml;rter! \r\nPapstwahl - Interaktive Aufgaben \r\nDie Wahl des Papstnamens - Finde Beispiele \r\nProtokoll beim Tod des Papstes - Zuordnung \r\n9. Zeitstrahl: Die letzten zehn P&auml;pste in der Geschichte \r\n10. Das Amt des Papstes - Testfragen","hide_numbers":false,"flyer":"","info_columns":null},"_links":{"self":[{"href":"https:\/\/www.medienlb.com\/en\/wp-json\/wp\/v2\/product\/32734","targetHints":{"allow":["GET"]}}],"collection":[{"href":"https:\/\/www.medienlb.com\/en\/wp-json\/wp\/v2\/product"}],"about":[{"href":"https:\/\/www.medienlb.com\/en\/wp-json\/wp\/v2\/types\/product"}],"acf:post":[{"embeddable":true,"href":"https:\/\/www.medienlb.com\/en\/wp-json\/wp\/v2\/product\/9520"}],"wp:featuredmedia":[{"embeddable":true,"href":"https:\/\/www.medienlb.com\/en\/wp-json\/wp\/v2\/media\/32739"}],"wp:attachment":[{"href":"https:\/\/www.medienlb.com\/en\/wp-json\/wp\/v2\/media?parent=32734"}],"wp:term":[{"taxonomy":"product_brand","embeddable":true,"href":"https:\/\/www.medienlb.com\/en\/wp-json\/wp\/v2\/product_brand?post=32734"},{"taxonomy":"product_cat","embeddable":true,"href":"https:\/\/www.medienlb.com\/en\/wp-json\/wp\/v2\/product_cat?post=32734"},{"taxonomy":"product_tag","embeddable":true,"href":"https:\/\/www.medienlb.com\/en\/wp-json\/wp\/v2\/product_tag?post=32734"}],"curies":[{"name":"wp","href":"https:\/\/api.w.org\/{rel}","templated":true}]}}