{"id":32673,"date":"2025-05-20T09:05:46","date_gmt":"2025-05-20T09:05:46","guid":{"rendered":"https:\/\/www.medienlb.com\/?post_type=product&#038;p=32673"},"modified":"2025-12-16T10:11:01","modified_gmt":"2025-12-16T10:11:01","slug":"aerodynamik","status":"publish","type":"product","link":"https:\/\/www.medienlb.com\/en\/produkt\/aerodynamik\/","title":{"rendered":"Aerodynamik"},"content":{"rendered":"<p>Unter Aerodynamik versteht man die Wissenschaft, die sich mit der Analyse von Bewegung von Luft um Objekte befasst. Der Schwerpunkt liegt hierbei auf dem Luftwiderstand und Auftrieb. Die gewonnenen Daten spielen in Bereichen wie der Luftfahrt, im Automobilbau und Windenergie \u2013 aber auch z.B. im Sport eine wichtige Rolle.<\/p>\n<p>Der Film beschreibt die Prinzipien der Aerodynamik und wie durch deren Optimierung beispielsweise Flugzeuge effizienter fliegen und Autos schneller fahren.<\/p>\n","protected":false},"excerpt":{"rendered":"<p>Unter Aerodynamik versteht man die Wissenschaft, die sich mit der Analyse von Bewegung von Luft um Objekte befasst.<\/p>\n","protected":false},"featured_media":36145,"template":"","meta":{"_acf_changed":false},"product_brand":[],"product_cat":[70],"product_tag":[101,125,127],"class_list":{"0":"post-32673","1":"product","2":"type-product","3":"status-publish","4":"has-post-thumbnail","6":"product_cat-film","7":"product_tag-subject-physik","8":"product_tag-target-sek-i","9":"product_tag-target-sek-ii","10":"product_shipping_class-dvd-versand","12":"first","13":"instock","14":"taxable","15":"shipping-taxable","16":"purchasable","17":"product-type-variable"},"acf":{"subtitle":"Str\u00f6mung, Auftrieb, Widerstand","article_id":"46505615 \/ 55507290","languages":"DE","thumb_up":true,"cover_image":32678,"linked_product":11701,"linked_products":null,"banner":{"show":true,"text":"","color":""},"length":"15:22 min","content_movie":"Gesamtes Begleitmaterial: 69 Seiten\r\nArbeitsbl\u00e4tter: 20 Seiten\r\nTestaufgaben: 20 Seiten\r\nInteraktive Aufgaben: 10\r\n\r\n&nbsp;\r\n\r\n&nbsp;","learning_goals":"Lernziele: Die Sch\u00fclerinnen und Sch\u00fcler k\u00f6nnen\r\n<ol>\r\n \t<li>\u00c4nderungen von Bewegungszust\u00e4nden als Wirkung von Kr\u00e4ften beschreiben.<\/li>\r\n \t<li>Das Zusammenwirken von Kr\u00e4ften an eindimensionalen Beispielen quantitativ beschreiben<\/li>\r\n<\/ol>\r\nKompetenzen: Die Sch\u00fclerinnen und Sch\u00fcler\r\n<ol>\r\n \t<li>f\u00fchren mathematische Umformung zur Berechnung physikalischer Gr\u00f6\u00dfen durch.<\/li>\r\n \t<li>recherchieren in unterschiedlichen Quellen.<\/li>\r\n<\/ol>","preview_gif":32686,"trailer":{"file":32690,"url":"","image":32692},"mediathek_id":870,"amount":"","demo_url":"","h5p_demo_id":"","content_interactive":"","hide_numbers":false,"flyer":"","info_columns":null},"_links":{"self":[{"href":"https:\/\/www.medienlb.com\/en\/wp-json\/wp\/v2\/product\/32673","targetHints":{"allow":["GET"]}}],"collection":[{"href":"https:\/\/www.medienlb.com\/en\/wp-json\/wp\/v2\/product"}],"about":[{"href":"https:\/\/www.medienlb.com\/en\/wp-json\/wp\/v2\/types\/product"}],"acf:post":[{"embeddable":true,"href":"https:\/\/www.medienlb.com\/en\/wp-json\/wp\/v2\/product\/11701"}],"wp:featuredmedia":[{"embeddable":true,"href":"https:\/\/www.medienlb.com\/en\/wp-json\/wp\/v2\/media\/36145"}],"wp:attachment":[{"href":"https:\/\/www.medienlb.com\/en\/wp-json\/wp\/v2\/media?parent=32673"}],"wp:term":[{"taxonomy":"product_brand","embeddable":true,"href":"https:\/\/www.medienlb.com\/en\/wp-json\/wp\/v2\/product_brand?post=32673"},{"taxonomy":"product_cat","embeddable":true,"href":"https:\/\/www.medienlb.com\/en\/wp-json\/wp\/v2\/product_cat?post=32673"},{"taxonomy":"product_tag","embeddable":true,"href":"https:\/\/www.medienlb.com\/en\/wp-json\/wp\/v2\/product_tag?post=32673"}],"curies":[{"name":"wp","href":"https:\/\/api.w.org\/{rel}","templated":true}]}}