{"id":32649,"date":"2025-05-20T08:58:53","date_gmt":"2025-05-20T08:58:53","guid":{"rendered":"https:\/\/www.medienlb.com\/?post_type=product&#038;p=32649"},"modified":"2025-08-20T09:04:45","modified_gmt":"2025-08-20T09:04:45","slug":"das-magische-gruen","status":"publish","type":"product","link":"https:\/\/www.medienlb.com\/en\/produkt\/das-magische-gruen\/","title":{"rendered":"Das magische Gr\u00fcn"},"content":{"rendered":"<p>Die Greenscreen-Technik basiert auf der Verwendung eines einfarbigen gr\u00fcnen Hintergrunds, um auf Fotos in Filmen und Videos digitale Effekte zu erzeugen. Der gleichm\u00e4\u00dfige gr\u00fcne Hintergrund wird bei der Finalisierung durch andere Bilder oder Filmsequenzen ersetzt. So entstehen Bild- und Filmszenen, ohne die Notwendigkeit, z.B. selbst vor Ort sein zu m\u00fcssen.<\/p>\n<p>Der Film zeigt anhand einer Geschichte die M\u00f6glichkeiten des Greenscreens im Bereich des Animationsfilms und regt die Kinder zur Umsetzung eigener Ideen an.<\/p>\n<hr \/>\n<p>hier der Link zur <span style=\"color: #3366ff;\"><a style=\"color: #3366ff;\" href=\"https:\/\/www.medienlb.com\/produkt\/greenscreenbox\/\" target=\"_blank\" rel=\"noopener\">Grennscreenbox<\/a> <\/span><a href=\"https:\/\/www.medienlb.com\/produkt\/greenscreenbox\/\" target=\"_blank\" rel=\"noopener\"><img loading=\"lazy\" decoding=\"async\" class=\"alignnone wp-image-33220\" src=\"https:\/\/www.medienlb.com\/wp-content\/uploads\/2025\/05\/2025-05-22-09_07_08-Greenscreenbox-\u2013-MedienLB-\u2013-Mozilla-Firefox-300x286.png\" alt=\"\" width=\"88\" height=\"84\" srcset=\"https:\/\/www.medienlb.com\/wp-content\/uploads\/2025\/05\/2025-05-22-09_07_08-Greenscreenbox-\u2013-MedienLB-\u2013-Mozilla-Firefox-300x286.png 300w, https:\/\/www.medienlb.com\/wp-content\/uploads\/2025\/05\/2025-05-22-09_07_08-Greenscreenbox-\u2013-MedienLB-\u2013-Mozilla-Firefox.png 489w\" sizes=\"auto, (max-width: 88px) 100vw, 88px\" \/><\/a> mit welcher dieser Film gestaltet wurde.<\/p>\n<hr \/>\n<p>Auf Basis dieses Animationsfilms bieten wir auch ein Kamishibai an, welches Sie hier finden: <a href=\"https:\/\/www.medienlb.com\/produkt\/kamishibai-das-magische-gruen\/\"><img loading=\"lazy\" decoding=\"async\" class=\"alignnone wp-image-33440\" src=\"https:\/\/www.medienlb.com\/wp-content\/uploads\/2025\/05\/000-300x212.jpg\" alt=\"\" width=\"91\" height=\"64\" srcset=\"https:\/\/www.medienlb.com\/wp-content\/uploads\/2025\/05\/000-300x212.jpg 300w, https:\/\/www.medienlb.com\/wp-content\/uploads\/2025\/05\/000-768x543.jpg 768w, https:\/\/www.medienlb.com\/wp-content\/uploads\/2025\/05\/000.jpg 877w\" sizes=\"auto, (max-width: 91px) 100vw, 91px\" \/><\/a><\/p>\n","protected":false},"excerpt":{"rendered":"<p>Die Greenscreen-Technik basiert auf der Verwendung eines einfarbigen gr\u00fcnen Hintergrunds, um auf Fotos in Filmen und Videos digitale Effekte zu erzeugen.<\/p>\n","protected":false},"featured_media":32671,"template":"","meta":{"_acf_changed":false},"product_brand":[],"product_cat":[70],"product_tag":[97,129],"class_list":{"0":"post-32649","1":"product","2":"type-product","3":"status-publish","4":"has-post-thumbnail","6":"product_cat-film","7":"product_tag-subject-grundschule","8":"product_tag-target-gru","9":"product_shipping_class-dvd-versand","11":"first","12":"instock","13":"taxable","14":"shipping-taxable","15":"purchasable","16":"product-type-variable"},"acf":{"subtitle":"","article_id":"46505592 \/ 55507266","languages":"DE","thumb_up":false,"cover_image":33472,"linked_product":[33438,24993],"linked_products":null,"banner":{"show":true,"text":"","color":""},"length":"14:56 min","content_movie":"Gesamtes Begleitmaterial: 69 Seiten\r\nArbeitsbl\u00e4tter: 20 Seiten\r\nTestaufgaben: 20 Seiten\r\nInteraktive Aufgaben: 10\r\n\r\n&nbsp;\r\n\r\n&nbsp;","learning_goals":"Lernziele\r\n\r\nDie Sch\u00fclerinnen und Sch\u00fcler\r\n<ol>\r\n \t<li>beachten bei der Erstellung eines digitalen Medienprodukts grundlegende Urheberrechtsrichtlinien.<\/li>\r\n \t<li>erstellen ein einfaches digitales Medienprodukt.<\/li>\r\n \t<li>stellen ihr eigenes digitales Medienprodukt vor einem Publikum vor.<\/li>\r\n<\/ol>\r\n&nbsp;\r\n\r\nKompetenzen\r\n\r\nDie Sch\u00fclerinnen und Sch\u00fcler k\u00f6nnen\r\n<ol>\r\n \t<li>einfache digitale Medienprodukte planen, gestalten und pr\u00e4sentieren.<\/li>\r\n \t<li>Auswirkungen der medialen Selbstdarstellung absch\u00e4tzen und in Grundz\u00fcgen bewerten<\/li>\r\n<\/ol>","preview_gif":33917,"trailer":{"file":33915,"url":"","image":32670},"mediathek_id":867,"amount":"","demo_url":"","h5p_demo_id":"","content_interactive":"","hide_numbers":false,"flyer":"","info_columns":null},"_links":{"self":[{"href":"https:\/\/www.medienlb.com\/en\/wp-json\/wp\/v2\/product\/32649","targetHints":{"allow":["GET"]}}],"collection":[{"href":"https:\/\/www.medienlb.com\/en\/wp-json\/wp\/v2\/product"}],"about":[{"href":"https:\/\/www.medienlb.com\/en\/wp-json\/wp\/v2\/types\/product"}],"acf:post":[{"embeddable":true,"href":"https:\/\/www.medienlb.com\/en\/wp-json\/wp\/v2\/product\/24993"},{"embeddable":true,"href":"https:\/\/www.medienlb.com\/en\/wp-json\/wp\/v2\/product\/33438"}],"wp:featuredmedia":[{"embeddable":true,"href":"https:\/\/www.medienlb.com\/en\/wp-json\/wp\/v2\/media\/32671"}],"wp:attachment":[{"href":"https:\/\/www.medienlb.com\/en\/wp-json\/wp\/v2\/media?parent=32649"}],"wp:term":[{"taxonomy":"product_brand","embeddable":true,"href":"https:\/\/www.medienlb.com\/en\/wp-json\/wp\/v2\/product_brand?post=32649"},{"taxonomy":"product_cat","embeddable":true,"href":"https:\/\/www.medienlb.com\/en\/wp-json\/wp\/v2\/product_cat?post=32649"},{"taxonomy":"product_tag","embeddable":true,"href":"https:\/\/www.medienlb.com\/en\/wp-json\/wp\/v2\/product_tag?post=32649"}],"curies":[{"name":"wp","href":"https:\/\/api.w.org\/{rel}","templated":true}]}}