{"id":32645,"date":"2025-05-20T08:57:48","date_gmt":"2025-05-20T08:57:48","guid":{"rendered":"https:\/\/www.medienlb.com\/?post_type=product&#038;p=32645"},"modified":"2025-05-20T09:02:18","modified_gmt":"2025-05-20T09:02:18","slug":"drucken-mit-schokolade","status":"publish","type":"product","link":"https:\/\/www.medienlb.com\/en\/produkt\/drucken-mit-schokolade\/","title":{"rendered":"Drucken mit Schokolade"},"content":{"rendered":"<p>3D-Druck ist l\u00e4ngst keine Zukunftstechnologie mehr, sondern bereits Standard in Handwerk und Industrie. Im Schulunterricht findet die Technologie vielf\u00e4ltige Anwendung. Der Film stellt 3D-Druck vor, der Schokolade als Filament verwendet. Dies erlaubt eine einfache und sichere Verwendung der Technologie, da hier mit Temperaturen um die 35\u00b0C gearbeitet wird und keine potenziell sch\u00e4dlichen Gase austreten. Und da als Ergebnis ein essbares Produkt entsteht, steigt auch die Motivation der Lernenden.<\/p>\n","protected":false},"excerpt":{"rendered":"<p>3D-Druck ist l\u00e4ngst keine Zukunftstechnologie mehr, sondern bereits Standard in Handwerk und Industrie.<\/p>\n","protected":false},"featured_media":32657,"template":"","meta":{"_acf_changed":false},"product_brand":[],"product_cat":[70],"product_tag":[121,105,143,125],"class_list":{"0":"post-32645","1":"product","2":"type-product","3":"status-publish","4":"has-post-thumbnail","6":"product_cat-film","7":"product_tag-subject-lehrerfortbildung","8":"product_tag-subject-technik","9":"product_tag-target-lehrkraefte","10":"product_tag-target-sek-i","11":"product_shipping_class-dvd-versand","13":"first","14":"instock","15":"taxable","16":"shipping-taxable","17":"purchasable","18":"product-type-variable"},"acf":{"subtitle":"3D-Druck im Unterricht","article_id":"46505614 \/ 55507289","languages":"DE","thumb_up":false,"cover_image":32654,"linked_product":20764,"linked_products":null,"banner":{"show":true,"text":"","color":""},"length":"13:58 min","content_movie":"Gesamtes Begleitmaterial: 63 Seiten\r\nArbeitsbl\u00e4tter: 21 Seiten\r\nTestaufgaben: 20 Seiten\r\nInteraktive Aufgaben: 10\r\n\r\n&nbsp;\r\n\r\n&nbsp;","learning_goals":"Lernziele und Kompetenzen:\r\n\r\nDie Sch\u00fclerinnen und Sch\u00fcler k\u00f6nnen\r\n<ol>\r\n \t<li>Roh- und Werkstoffe ressourcenschonend ausw\u00e4hlen und nutzen.<\/li>\r\n \t<li>mit Werkzeugen und Maschinen ein Produkt fertigen.<\/li>\r\n \t<li>Funktion und Eigenschaften eines Produkts bewerten und Optimierungsans\u00e4tze bewerten.<\/li>\r\n<\/ol>\r\nDie Sch\u00fclerinnen und Sch\u00fcler\r\n<ol>\r\n \t<li>setzen geeignete Programme zur grafisch gest\u00fctzten Modellierung ein.<\/li>\r\n \t<li>implementieren Abl\u00e4ufe in einer (z.B. grafischen) Programmiersprache.<\/li>\r\n<\/ol>","preview_gif":32660,"trailer":{"file":32662,"url":"","image":32664},"mediathek_id":871,"amount":"","demo_url":"","h5p_demo_id":"","content_interactive":"","hide_numbers":false,"flyer":"","info_columns":null},"_links":{"self":[{"href":"https:\/\/www.medienlb.com\/en\/wp-json\/wp\/v2\/product\/32645","targetHints":{"allow":["GET"]}}],"collection":[{"href":"https:\/\/www.medienlb.com\/en\/wp-json\/wp\/v2\/product"}],"about":[{"href":"https:\/\/www.medienlb.com\/en\/wp-json\/wp\/v2\/types\/product"}],"acf:post":[{"embeddable":true,"href":"https:\/\/www.medienlb.com\/en\/wp-json\/wp\/v2\/product\/20764"}],"wp:featuredmedia":[{"embeddable":true,"href":"https:\/\/www.medienlb.com\/en\/wp-json\/wp\/v2\/media\/32657"}],"wp:attachment":[{"href":"https:\/\/www.medienlb.com\/en\/wp-json\/wp\/v2\/media?parent=32645"}],"wp:term":[{"taxonomy":"product_brand","embeddable":true,"href":"https:\/\/www.medienlb.com\/en\/wp-json\/wp\/v2\/product_brand?post=32645"},{"taxonomy":"product_cat","embeddable":true,"href":"https:\/\/www.medienlb.com\/en\/wp-json\/wp\/v2\/product_cat?post=32645"},{"taxonomy":"product_tag","embeddable":true,"href":"https:\/\/www.medienlb.com\/en\/wp-json\/wp\/v2\/product_tag?post=32645"}],"curies":[{"name":"wp","href":"https:\/\/api.w.org\/{rel}","templated":true}]}}