{"id":32619,"date":"2025-05-20T08:53:16","date_gmt":"2025-05-20T08:53:16","guid":{"rendered":"https:\/\/www.medienlb.com\/?post_type=product&#038;p=32619"},"modified":"2026-02-04T07:52:04","modified_gmt":"2026-02-04T07:52:04","slug":"tiere-auf-dem-bauernhof","status":"publish","type":"product","link":"https:\/\/www.medienlb.com\/en\/produkt\/tiere-auf-dem-bauernhof\/","title":{"rendered":"Tiere auf dem Bauernhof"},"content":{"rendered":"<p>In einem Film \u00fcber Tiere auf dem Bauernhof k\u00f6nnen Kindergartenkinder lernen, wie K\u00fche, Ziegen, Schweine und Schafe leben und welche Ger\u00e4usche sie machen. Sie erfahren, was diese Tiere fressen, wie sie gepflegt werden und welche Produkte wir von ihnen bekommen, wie Milch, Wolle und Fleisch. Der Film zeigt auch die Bedeutung der Tiere f\u00fcr das Leben auf dem Bauernhof und f\u00f6rdert das Verst\u00e4ndnis f\u00fcr Natur und Landwirtschaft.<\/p>\n","protected":false},"excerpt":{"rendered":"<p>In einem Film \u00fcber Tiere auf dem Bauernhof k\u00f6nnen Kindergartenkinder lernen, wie K\u00fche, Ziegen, Schweine und Schafe leben und welche Ger\u00e4usche sie machen.<\/p>\n","protected":false},"featured_media":32642,"template":"","meta":{"_acf_changed":false},"product_brand":[],"product_cat":[70],"product_tag":[81,135],"class_list":{"0":"post-32619","1":"product","2":"type-product","3":"status-publish","4":"has-post-thumbnail","6":"product_cat-film","7":"product_tag-subject-elementarbereich","8":"product_tag-target-ele","9":"product_shipping_class-dvd-versand","11":"first","12":"instock","13":"taxable","14":"shipping-taxable","15":"purchasable","16":"product-type-variable"},"acf":{"subtitle":"Kuh, Ziege, Schaf, Schwein","article_id":"46505687 \/ 55507576","languages":"DE","thumb_up":false,"cover_image":32628,"linked_product":11977,"linked_products":null,"banner":{"show":true,"text":"","color":""},"length":"12:16 min","content_movie":"Gesamtes Begleitmaterial: 68 Seiten\r\nArbeitsbl\u00e4tter und Erg\u00e4nzungen: 20 Seiten\r\nTestaufgaben: 20 Seiten\r\nInteraktive Aufgaben: 10\r\n\r\n&nbsp;\r\n\r\n&nbsp;","learning_goals":"Kompetenzen:\r\n\r\nDie Kinder\r\n\r\nstaunen \u00fcber Alltags- und Naturph\u00e4nomene und werden sprachlich begleitet.\r\n\r\nlernen Tierstimmen und Naturger\u00e4usche kennen","preview_gif":32632,"trailer":{"file":32636,"url":"","image":32638},"mediathek_id":873,"amount":"","demo_url":"","h5p_demo_id":"","content_interactive":"","hide_numbers":false,"flyer":"","info_columns":null},"_links":{"self":[{"href":"https:\/\/www.medienlb.com\/en\/wp-json\/wp\/v2\/product\/32619","targetHints":{"allow":["GET"]}}],"collection":[{"href":"https:\/\/www.medienlb.com\/en\/wp-json\/wp\/v2\/product"}],"about":[{"href":"https:\/\/www.medienlb.com\/en\/wp-json\/wp\/v2\/types\/product"}],"acf:post":[{"embeddable":true,"href":"https:\/\/www.medienlb.com\/en\/wp-json\/wp\/v2\/product\/11977"}],"wp:featuredmedia":[{"embeddable":true,"href":"https:\/\/www.medienlb.com\/en\/wp-json\/wp\/v2\/media\/32642"}],"wp:attachment":[{"href":"https:\/\/www.medienlb.com\/en\/wp-json\/wp\/v2\/media?parent=32619"}],"wp:term":[{"taxonomy":"product_brand","embeddable":true,"href":"https:\/\/www.medienlb.com\/en\/wp-json\/wp\/v2\/product_brand?post=32619"},{"taxonomy":"product_cat","embeddable":true,"href":"https:\/\/www.medienlb.com\/en\/wp-json\/wp\/v2\/product_cat?post=32619"},{"taxonomy":"product_tag","embeddable":true,"href":"https:\/\/www.medienlb.com\/en\/wp-json\/wp\/v2\/product_tag?post=32619"}],"curies":[{"name":"wp","href":"https:\/\/api.w.org\/{rel}","templated":true}]}}