{"id":32607,"date":"2025-05-20T08:50:00","date_gmt":"2025-05-20T08:50:00","guid":{"rendered":"https:\/\/www.medienlb.com\/?post_type=product&#038;p=32607"},"modified":"2025-11-27T09:06:44","modified_gmt":"2025-11-27T09:06:44","slug":"eisbaer","status":"publish","type":"product","link":"https:\/\/www.medienlb.com\/en\/produkt\/eisbaer\/","title":{"rendered":"Eisb\u00e4r"},"content":{"rendered":"<p>Eisb\u00e4ren z\u00e4hlen zu den gr\u00f6\u00dften Landraubtieren der Welt. Sie leben den extremen Bedingungen der Arktis angepasst: Ihr wei\u00dfes Fell dient der Tarnung und Isolation, und die kr\u00e4ftigen Pfoten zum Wandern auf dem Eis. Eisb\u00e4ren sind Allesfresser, mit Robben als bevorzugter Beute. Die Jungen lernen w\u00e4hrend der zweieinhalb Jahre in der Obhut der Mutter die Notwendigkeiten zum \u00dcberleben. Der Film zeigt die Merkmale des Eisb\u00e4ren und seine Bedrohungen, insbesondere durch den Menschen.<\/p>\n","protected":false},"excerpt":{"rendered":"<p>Eisb\u00e4ren z\u00e4hlen zu den gr\u00f6\u00dften Landraubtieren der Welt. Sie leben den extremen Bedingungen der Arktis angepasst: Ihr wei\u00dfes Fell dient der Tarnung und Isolation, und die kr\u00e4ftigen Pfoten zum Wandern auf dem Eis.<\/p>\n","protected":false},"featured_media":32633,"template":"","meta":{"_acf_changed":false},"product_brand":[],"product_cat":[70],"product_tag":[87,97,129,125],"class_list":{"0":"post-32607","1":"product","2":"type-product","3":"status-publish","4":"has-post-thumbnail","6":"product_cat-film","7":"product_tag-subject-biologie","8":"product_tag-subject-grundschule","9":"product_tag-target-gru","10":"product_tag-target-sek-i","11":"product_shipping_class-dvd-versand","13":"first","14":"instock","15":"taxable","16":"shipping-taxable","17":"purchasable","18":"product-type-variable"},"acf":{"subtitle":"Lebensraum, Lebensweise, Bedrohung","article_id":"46505572 \/ 55507205","languages":"DE","thumb_up":true,"cover_image":32748,"linked_product":33731,"linked_products":null,"banner":{"show":true,"text":"","color":""},"length":"23:36 min","content_movie":"Gesamtes Begleitmaterial: 73 Seiten\r\nArbeitsbl\u00e4tter: 20 Seiten\r\nTestaufgaben: 20 Seiten\r\nInteraktive Aufgaben: 10\r\n\r\n&nbsp;\r\n\r\n&nbsp;","learning_goals":"Lernziele\r\n\r\nDie Sch\u00fclerinnen und Sch\u00fcler\r\n<ol>\r\n \t<li>beschreiben die typischen S\u00e4ugetiermerkmale.<\/li>\r\n \t<li>erkl\u00e4ren den K\u00f6rperbau von S\u00e4ugetieren als Angepasstheit.<\/li>\r\n \t<li>erkl\u00e4ren die Angepasstheit von Arten an Umweltfaktoren.<\/li>\r\n<\/ol>\r\n&nbsp;\r\n\r\nKompetenzen\r\n\r\nDie Sch\u00fclerinnen und Sch\u00fcler k\u00f6nnen\r\n<ol>\r\n \t<li>k\u00f6nnen Vorstellungen entwickeln und interessengeleitete Fragen formulieren.<\/li>\r\n \t<li>k\u00f6nnen Beobachtungen von Erkl\u00e4rungen unterscheiden.<\/li>\r\n \t<li>k\u00f6nnen Gestaltmerkmale von Lebewesen kriterienbezogen beschreiben und vergleichen.<\/li>\r\n<\/ol>","preview_gif":32630,"trailer":{"file":32624,"url":"","image":32626},"mediathek_id":868,"amount":"","demo_url":"","h5p_demo_id":"","content_interactive":"","hide_numbers":false,"flyer":"","info_columns":null},"_links":{"self":[{"href":"https:\/\/www.medienlb.com\/en\/wp-json\/wp\/v2\/product\/32607","targetHints":{"allow":["GET"]}}],"collection":[{"href":"https:\/\/www.medienlb.com\/en\/wp-json\/wp\/v2\/product"}],"about":[{"href":"https:\/\/www.medienlb.com\/en\/wp-json\/wp\/v2\/types\/product"}],"acf:post":[{"embeddable":true,"href":"https:\/\/www.medienlb.com\/en\/wp-json\/wp\/v2\/product\/33731"}],"wp:featuredmedia":[{"embeddable":true,"href":"https:\/\/www.medienlb.com\/en\/wp-json\/wp\/v2\/media\/32633"}],"wp:attachment":[{"href":"https:\/\/www.medienlb.com\/en\/wp-json\/wp\/v2\/media?parent=32607"}],"wp:term":[{"taxonomy":"product_brand","embeddable":true,"href":"https:\/\/www.medienlb.com\/en\/wp-json\/wp\/v2\/product_brand?post=32607"},{"taxonomy":"product_cat","embeddable":true,"href":"https:\/\/www.medienlb.com\/en\/wp-json\/wp\/v2\/product_cat?post=32607"},{"taxonomy":"product_tag","embeddable":true,"href":"https:\/\/www.medienlb.com\/en\/wp-json\/wp\/v2\/product_tag?post=32607"}],"curies":[{"name":"wp","href":"https:\/\/api.w.org\/{rel}","templated":true}]}}