{"id":32603,"date":"2025-05-20T08:49:20","date_gmt":"2025-05-20T08:49:20","guid":{"rendered":"https:\/\/www.medienlb.com\/?post_type=product&#038;p=32603"},"modified":"2025-06-02T07:20:35","modified_gmt":"2025-06-02T07:20:35","slug":"proteine","status":"publish","type":"product","link":"https:\/\/www.medienlb.com\/en\/produkt\/proteine\/","title":{"rendered":"Proteine"},"content":{"rendered":"<p>Proteine sind Makromolek\u00fcle, die aus Aminos\u00e4uren aufgebaut sind. Proteine sind neben Fetten und Kohlenhydraten wichtige Bestandteile der Nahrung. Enthalten sind sie in tierischen und pflanzlichen Lebensmitteln wie Fleisch, Fisch, Eiern, H\u00fclsenfr\u00fcchten und Milchprodukten. In ihrer Funktion als Enzyme, Hormone, Strukturgeber und Transporter beeinflussen u.a. den Zellaufbau, Stoffwechsel oder auch das Immunsystem.<\/p>\n<p>Der Film zeigt die Merkmale, Funktionen und Beispiele der lebenswichtigen Proteine.<\/p>\n<p>&nbsp;<\/p>\n","protected":false},"excerpt":{"rendered":"<p>Proteine sind Makromolek\u00fcle, die aus Aminos\u00e4uren aufgebaut sind. Proteine sind neben Fetten und Kohlenhydraten wichtige Bestandteile der Nahrung.<\/p>\n","protected":false},"featured_media":32611,"template":"","meta":{"_acf_changed":false},"product_brand":[],"product_cat":[70],"product_tag":[87,125],"class_list":{"0":"post-32603","1":"product","2":"type-product","3":"status-publish","4":"has-post-thumbnail","6":"product_cat-film","7":"product_tag-subject-biologie","8":"product_tag-target-sek-i","9":"product_shipping_class-dvd-versand","11":"first","12":"instock","13":"taxable","14":"shipping-taxable","15":"purchasable","16":"product-type-variable"},"acf":{"subtitle":"Bestandteil gesunder Ern\u00e4hrung","article_id":"46505583 \/ 55507255","languages":"DE","thumb_up":false,"cover_image":32614,"linked_product":19080,"linked_products":null,"banner":{"show":true,"text":"","color":""},"length":"15:59 min","content_movie":"Gesamtes Begleitmaterial: 71 Seiten\r\nArbeitsbl\u00e4tter: 20 Seiten\r\nTestaufgaben: 20 Seiten\r\nInteraktive Aufgaben: 10\r\n\r\n&nbsp;\r\n\r\n&nbsp;","learning_goals":"Lernziele: Die Sch\u00fclerinnen und Sch\u00fcler\r\n<ol>\r\n \t<li>nennen die Bestandteile der Nahrung.<\/li>\r\n \t<li>beschreiben den Bau der Eiwei\u00dfe aus Grundbausteinen.<\/li>\r\n \t<li>erl\u00e4utern den Energiebedarf (Grund- und Leistungsumsatz) und ermitteln ihn rechnerisch.<\/li>\r\n<\/ol>\r\nKompetenzen\r\n\r\nDie Sch\u00fclerinnen und Sch\u00fcler k\u00f6nnen\r\n<ol>\r\n \t<li>zu biologischen Themen in unterschiedlichen analogen und digitalen Quellen recherchieren.<\/li>\r\n \t<li>Informationen aus Texten, Bildern, Diagrammen entnehmen.<\/li>\r\n \t<li>ihr eigenes Handeln unter dem Aspekt einer gesunden Lebensf\u00fchrung bewerten.<\/li>\r\n<\/ol>","preview_gif":32616,"trailer":{"file":32618,"url":"","image":33500},"mediathek_id":875,"amount":"","demo_url":"","h5p_demo_id":"","content_interactive":"","hide_numbers":false,"flyer":"","info_columns":null},"_links":{"self":[{"href":"https:\/\/www.medienlb.com\/en\/wp-json\/wp\/v2\/product\/32603","targetHints":{"allow":["GET"]}}],"collection":[{"href":"https:\/\/www.medienlb.com\/en\/wp-json\/wp\/v2\/product"}],"about":[{"href":"https:\/\/www.medienlb.com\/en\/wp-json\/wp\/v2\/types\/product"}],"acf:post":[{"embeddable":true,"href":"https:\/\/www.medienlb.com\/en\/wp-json\/wp\/v2\/product\/19080"}],"wp:featuredmedia":[{"embeddable":true,"href":"https:\/\/www.medienlb.com\/en\/wp-json\/wp\/v2\/media\/32611"}],"wp:attachment":[{"href":"https:\/\/www.medienlb.com\/en\/wp-json\/wp\/v2\/media?parent=32603"}],"wp:term":[{"taxonomy":"product_brand","embeddable":true,"href":"https:\/\/www.medienlb.com\/en\/wp-json\/wp\/v2\/product_brand?post=32603"},{"taxonomy":"product_cat","embeddable":true,"href":"https:\/\/www.medienlb.com\/en\/wp-json\/wp\/v2\/product_cat?post=32603"},{"taxonomy":"product_tag","embeddable":true,"href":"https:\/\/www.medienlb.com\/en\/wp-json\/wp\/v2\/product_tag?post=32603"}],"curies":[{"name":"wp","href":"https:\/\/api.w.org\/{rel}","templated":true}]}}