{"id":32581,"date":"2025-05-20T07:58:48","date_gmt":"2025-05-20T07:58:48","guid":{"rendered":"https:\/\/www.medienlb.com\/?post_type=product&#038;p=32581"},"modified":"2025-08-20T09:06:33","modified_gmt":"2025-08-20T09:06:33","slug":"liebe-boese-schlange","status":"publish","type":"product","link":"https:\/\/www.medienlb.com\/en\/produkt\/liebe-boese-schlange\/","title":{"rendered":"Liebe b\u00f6se Schlange"},"content":{"rendered":"<p>Anna und Wanda beobachten Schlangen im Terrarium. Wanda erz\u00e4hlt Anna die Geschichte von einer Schlange, die einen Bauern erst bei\u00dft und sp\u00e4ter rettet.<\/p>\n<p>Der liebevoll gestaltete Animationsfilm zeichnet die Natur von Mensch und Tier in ihren Lebenswelten, taucht ein in die Symbolik und den Mythos in Religion und Kultur.<\/p>\n<p>Das Begleitmaterial f\u00f6rdert die Kreativit\u00e4t und l\u00e4dt Kinder im Elementarbereich und in der Grundschule gleicherma\u00dfen zur Mitarbeit und Diskussion ein.<\/p>\n<hr \/>\n<p>Auf Basis dieses Animationsfilms bieten wir auch ein Kamishibai an, welches Sie hier finden: <a href=\"https:\/\/www.medienlb.com\/produkt\/kamishibai-liebe-boese-schlange\/\" target=\"_blank\" rel=\"noopener\"><img loading=\"lazy\" decoding=\"async\" class=\"alignnone wp-image-32592\" src=\"https:\/\/www.medienlb.com\/wp-content\/uploads\/2025\/05\/Coverbild_Homepage-1-300x225.jpg\" alt=\"\" width=\"98\" height=\"73\" srcset=\"https:\/\/www.medienlb.com\/wp-content\/uploads\/2025\/05\/Coverbild_Homepage-1-300x225.jpg 300w, https:\/\/www.medienlb.com\/wp-content\/uploads\/2025\/05\/Coverbild_Homepage-1-768x576.jpg 768w, https:\/\/www.medienlb.com\/wp-content\/uploads\/2025\/05\/Coverbild_Homepage-1.jpg 1000w\" sizes=\"auto, (max-width: 98px) 100vw, 98px\" \/><\/a><\/p>\n","protected":false},"excerpt":{"rendered":"<p>Anna und Wanda beobachten Schlangen im Terrarium. Wanda erz\u00e4hlt Anna die Geschichte von einer Schlange, die einen Bauern erst bei\u00dft und sp\u00e4ter rettet.<\/p>\n","protected":false},"featured_media":33950,"template":"","meta":{"_acf_changed":false},"product_brand":[],"product_cat":[70],"product_tag":[81,97,135,129],"class_list":{"0":"post-32581","1":"product","2":"type-product","3":"status-publish","4":"has-post-thumbnail","6":"product_cat-film","7":"product_tag-subject-elementarbereich","8":"product_tag-subject-grundschule","9":"product_tag-target-ele","10":"product_tag-target-gru","11":"product_shipping_class-dvd-versand","13":"first","14":"instock","15":"taxable","16":"shipping-taxable","17":"purchasable","18":"product-type-variable"},"acf":{"subtitle":"","article_id":"46505612 \/ 55507287","languages":"DE","thumb_up":false,"cover_image":33415,"linked_product":32578,"linked_products":null,"banner":{"show":true,"text":"","color":""},"length":"09:56 min","content_movie":"Gesamtes Begleitmaterial: 65 Seiten\r\nArbeitsbl\u00e4tter: 20 Seiten\r\nInteraktive Aufgaben: 10\r\n\r\n&nbsp;\r\n\r\n&nbsp;","learning_goals":"Lernziele:\r\n\r\nDie Sch\u00fclerinnen und Sch\u00fcler\r\n<ol>\r\n \t<li>stellen dar, dass sie selbst und alle Lebewesen Teil der Welt sind.<\/li>\r\n \t<li>zeigen, wie Menschen ihre Freude, ihr Lob und ihren Dank f\u00fcr alles Lebendige zum Ausdruck bringen.<\/li>\r\n \t<li>entwickeln Beispiele, wie Kinder in ihrer Lebenswelt achtsam mit ihren Mitmenschen, Natur und Tieren umgehen.<\/li>\r\n<\/ol>\r\nKompetenzen\r\n\r\nDie Sch\u00fclerinnen und Sch\u00fcler k\u00f6nnen\r\n<ol>\r\n \t<li>Grundformen religi\u00f6ser Sprache ganzheitlich erschlie\u00dfen.<\/li>\r\n \t<li>Grundlegende Ausdrucksformen religi\u00f6sen Glaubens beschreiben.<\/li>\r\n<\/ol>","preview_gif":33911,"trailer":{"file":33913,"url":"","image":33949},"mediathek_id":872,"amount":"","demo_url":"","h5p_demo_id":"","content_interactive":"","hide_numbers":false,"flyer":"","info_columns":null},"_links":{"self":[{"href":"https:\/\/www.medienlb.com\/en\/wp-json\/wp\/v2\/product\/32581","targetHints":{"allow":["GET"]}}],"collection":[{"href":"https:\/\/www.medienlb.com\/en\/wp-json\/wp\/v2\/product"}],"about":[{"href":"https:\/\/www.medienlb.com\/en\/wp-json\/wp\/v2\/types\/product"}],"acf:post":[{"embeddable":true,"href":"https:\/\/www.medienlb.com\/en\/wp-json\/wp\/v2\/product\/32578"}],"wp:featuredmedia":[{"embeddable":true,"href":"https:\/\/www.medienlb.com\/en\/wp-json\/wp\/v2\/media\/33950"}],"wp:attachment":[{"href":"https:\/\/www.medienlb.com\/en\/wp-json\/wp\/v2\/media?parent=32581"}],"wp:term":[{"taxonomy":"product_brand","embeddable":true,"href":"https:\/\/www.medienlb.com\/en\/wp-json\/wp\/v2\/product_brand?post=32581"},{"taxonomy":"product_cat","embeddable":true,"href":"https:\/\/www.medienlb.com\/en\/wp-json\/wp\/v2\/product_cat?post=32581"},{"taxonomy":"product_tag","embeddable":true,"href":"https:\/\/www.medienlb.com\/en\/wp-json\/wp\/v2\/product_tag?post=32581"}],"curies":[{"name":"wp","href":"https:\/\/api.w.org\/{rel}","templated":true}]}}