{"id":32578,"date":"2025-05-20T08:00:17","date_gmt":"2025-05-20T08:00:17","guid":{"rendered":"https:\/\/www.medienlb.com\/?post_type=product&#038;p=32578"},"modified":"2026-03-17T11:32:21","modified_gmt":"2026-03-17T11:32:21","slug":"kamishibai-liebe-boese-schlange","status":"publish","type":"product","link":"https:\/\/www.medienlb.com\/en\/produkt\/kamishibai-liebe-boese-schlange\/","title":{"rendered":"Kamishibai\u00a0\u2013 Liebe, b\u00f6se Schlange"},"content":{"rendered":"<p>Ein alter Bauer findet eine Schlange im Schnee und w\u00e4rmt sie unter seinem Mantel. Die Schlange zeigt allerdings keine Dankbarkeit, sondern bei\u00dft den Bauern. In 16 liebevoll illustrierten Tafeln wird gezeigt, dass &#8220;lieb&#8221; und &#8220;b\u00f6se&#8221; menschliche Kategorien sind, die nicht einfach auf Natur und Tierwelt angewendet werden k\u00f6nnen.<\/p>\n<hr \/>\n<p><span style=\"color: #000000;\">Zuz\u00fcglich Versandkosten von \u20ac 7,69<\/span><\/p>\n","protected":false},"excerpt":{"rendered":"<p>Ein alter Bauer findet eine Schlange im Schnee und w\u00e4rmt sie unter seinem Mantel. Die Schlange zeigt allerdings keine Dankbarkeit, sondern bei\u00dft den Bauern. In 16 liebevoll illustrierten Tafeln wird gezeigt, dass &#8220;lieb&#8221; und &#8220;b\u00f6se&#8221; menschliche Kategorien sind, die nicht einfach auf Natur und Tierwelt angewendet werden k\u00f6nnen.<\/p>\n","protected":false},"featured_media":32579,"template":"","meta":{"_acf_changed":false},"product_brand":[],"product_cat":[186],"product_tag":[81],"class_list":{"0":"post-32578","1":"product","2":"type-product","3":"status-publish","4":"has-post-thumbnail","6":"product_cat-kamishibai","7":"product_tag-subject-elementarbereich","9":"first","10":"instock","11":"taxable","12":"shipping-taxable","13":"purchasable","14":"product-type-variable"},"acf":{"subtitle":"Japanisches Erz\u00e4hlthteater","article_id":"72500667","languages":"DE","thumb_up":false,"cover_image":"","linked_product":32581,"linked_products":null,"banner":{"show":true,"text":"","color":""},"length":"","content_movie":"","learning_goals":"","preview_gif":"","trailer":{"file":"","url":"","image":""},"mediathek_id":"","amount":"","demo_url":"","h5p_demo_id":"","content_interactive":"","hide_numbers":false,"flyer":"","info_columns":[{"heading":"","content":"<a href=\"https:\/\/www.medienlb.com\/en\/produkt\/kamishibai-theater\/\" target=\"_blank\" rel=\"noopener\"><img class=\"alignnone wp-image-20365\" src=\"https:\/\/www.medienlb.com\/wp-content\/uploads\/2023\/12\/03_Maker_Kamishibai_4_3_SC-300x225.png\" alt=\"\" width=\"100\" height=\"75\" \/><\/a>Die Abmessungen der Bildertafeln (A3) erlauben die Verwendung in einem gebr\u00e4uchlichen Kamishibai-Theatern, das Sie <a href=\"https:\/\/www.medienlb.com\/en\/produkt\/kamishibai-theater\/\" target=\"_blank\" rel=\"noopener\"><strong><span style=\"color: #0000ff;\">Hier finden:<\/span><\/strong><\/a>\r\n\r\n&nbsp;"},{"heading":"","content":"<a href=\"https:\/\/www.medienlb.com\/produkt\/kamishibai\/\" target=\"_blank\" rel=\"noopener\"><img class=\"alignnone wp-image-29153\" src=\"https:\/\/www.medienlb.com\/wp-content\/uploads\/2025\/01\/6506-300x300.png\" alt=\"\" width=\"99\" height=\"99\" \/><\/a>Unseren allgemeinen Schul-Film \u00fcber Kamishibais und dessen Verwendung finden Sie<span style=\"color: #0000ff;\"><strong><a style=\"color: #0000ff;\" href=\"https:\/\/www.medienlb.com\/produkt\/kamishibai\/\" target=\"_blank\" rel=\"noopener\"> Hier:<\/a><\/strong><\/span>"},{"heading":"","content":"<a href=\"https:\/\/www.medienlb.com\/en\/produkt\/liebe-boese-schlange\/\" target=\"_blank\" rel=\"noopener\"><img class=\"alignnone wp-image-33414\" src=\"https:\/\/www.medienlb.com\/wp-content\/uploads\/2025\/05\/55507287-Liebe-boese-Schlange-\u2013-Cover-300x300.png\" alt=\"\" width=\"101\" height=\"101\" \/><\/a>Dieses Kamishibai basiert auf einem spannenden Animationsfilm, welchen Sie <a href=\"https:\/\/www.medienlb.com\/en\/produkt\/liebe-boese-schlange\/\" target=\"_blank\" rel=\"noopener\"><span style=\"color: #0000ff;\"><strong>Hier finden: <\/strong><\/span><\/a>"}]},"_links":{"self":[{"href":"https:\/\/www.medienlb.com\/en\/wp-json\/wp\/v2\/product\/32578","targetHints":{"allow":["GET"]}}],"collection":[{"href":"https:\/\/www.medienlb.com\/en\/wp-json\/wp\/v2\/product"}],"about":[{"href":"https:\/\/www.medienlb.com\/en\/wp-json\/wp\/v2\/types\/product"}],"acf:post":[{"embeddable":true,"href":"https:\/\/www.medienlb.com\/en\/wp-json\/wp\/v2\/product\/32581"}],"wp:featuredmedia":[{"embeddable":true,"href":"https:\/\/www.medienlb.com\/en\/wp-json\/wp\/v2\/media\/32579"}],"wp:attachment":[{"href":"https:\/\/www.medienlb.com\/en\/wp-json\/wp\/v2\/media?parent=32578"}],"wp:term":[{"taxonomy":"product_brand","embeddable":true,"href":"https:\/\/www.medienlb.com\/en\/wp-json\/wp\/v2\/product_brand?post=32578"},{"taxonomy":"product_cat","embeddable":true,"href":"https:\/\/www.medienlb.com\/en\/wp-json\/wp\/v2\/product_cat?post=32578"},{"taxonomy":"product_tag","embeddable":true,"href":"https:\/\/www.medienlb.com\/en\/wp-json\/wp\/v2\/product_tag?post=32578"}],"curies":[{"name":"wp","href":"https:\/\/api.w.org\/{rel}","templated":true}]}}