{"id":32502,"date":"2025-05-20T06:20:22","date_gmt":"2025-05-20T06:20:22","guid":{"rendered":"https:\/\/www.medienlb.com\/?post_type=product&#038;p=32502"},"modified":"2025-06-27T10:29:31","modified_gmt":"2025-06-27T10:29:31","slug":"the-end-of-the-road","status":"publish","type":"product","link":"https:\/\/www.medienlb.com\/en\/produkt\/the-end-of-the-road\/","title":{"rendered":"The End of the Road"},"content":{"rendered":"<p>Mit atemberaubenden Bildern und einer zu Herzen gehenden Geschichte zeigt \u201eThe End of the Road\u201c die Widerstandsf\u00e4higkeit einer Gemeinschaft, die entschlossen ist, ihre Lebensweise zu erhalten.<\/p>\n<p>Der Film bietet einen zutiefst pers\u00f6nlichen Blick auf die globalen Herausforderungen und hinterl\u00e4sst bei den Zuschauern eine starke Reflexion \u00fcber das Gleichgewicht zwischen Natur und Zivilisation und die dringende Notwendigkeit, unser kulturelles und \u00f6kologisches Erbe zu sch\u00fctzen.<\/p>\n","protected":false},"excerpt":{"rendered":"<p>Mit atemberaubenden Bildern und einer zu Herzen gehenden Geschichte zeigt \u201eThe End of the Road\u201c die Widerstandsf\u00e4higkeit einer Gemeinschaft, die entschlossen ist, ihre Lebensweise zu erhalten.<\/p>\n","protected":false},"featured_media":32508,"template":"","meta":{"_acf_changed":false},"product_brand":[],"product_cat":[70],"product_tag":[91,125],"class_list":{"0":"post-32502","1":"product","2":"type-product","3":"status-publish","4":"has-post-thumbnail","6":"product_cat-film","7":"product_tag-subject-geografie","8":"product_tag-target-sek-i","9":"product_shipping_class-dvd-versand","11":"first","12":"instock","13":"taxable","14":"shipping-taxable","15":"purchasable","16":"product-type-variable"},"acf":{"subtitle":"Zerbrechliche Oase","article_id":"46505649 \/ 55507335","languages":"DE","thumb_up":false,"cover_image":33651,"linked_product":9730,"linked_products":null,"banner":{"show":true,"text":"","color":""},"length":"52:59 min","content_movie":"Gesamtes Begleitmaterial: 76 Seiten\r\nArbeitsbl\u00e4tter: 20 Seiten\r\nTestaufgaben: 20 Seiten\r\nInteraktive Aufgaben: 10\r\n\r\n&nbsp;\r\n\r\n&nbsp;","learning_goals":"Lernziele\r\n\r\nDie Sch\u00fclerinnen und Sch\u00fcler\r\n<ol>\r\n \t<li>stellen Zusammenh\u00e4nge zwischen naturr\u00e4umlicher Ausstattung und menschlicher Nutzung her.<\/li>\r\n \t<li>erl\u00e4utern die Auswirkungen dies Klimawandels auf die Ressource Wasser.<\/li>\r\n<\/ol>\r\n&nbsp;\r\n\r\nKompetenzen\r\n\r\nDie Sch\u00fclerinnen und Sch\u00fcler k\u00f6nnen\r\n<ol>\r\n \t<li>raumrelevante systemische Strukturen und Prozesse auch hinsichtlich ihrer zuk\u00fcnftigen Entwicklung bewerten.<\/li>\r\n \t<li>l\u00f6sungsorientierte, nachhaltige Handlungsm\u00f6glichkeiten erl\u00e4utern.<\/li>\r\n<\/ol>","preview_gif":32511,"trailer":{"file":32513,"url":"","image":32515},"mediathek_id":874,"amount":"","demo_url":"","h5p_demo_id":"","content_interactive":"","hide_numbers":false,"flyer":"","info_columns":null},"_links":{"self":[{"href":"https:\/\/www.medienlb.com\/en\/wp-json\/wp\/v2\/product\/32502","targetHints":{"allow":["GET"]}}],"collection":[{"href":"https:\/\/www.medienlb.com\/en\/wp-json\/wp\/v2\/product"}],"about":[{"href":"https:\/\/www.medienlb.com\/en\/wp-json\/wp\/v2\/types\/product"}],"acf:post":[{"embeddable":true,"href":"https:\/\/www.medienlb.com\/en\/wp-json\/wp\/v2\/product\/9730"}],"wp:featuredmedia":[{"embeddable":true,"href":"https:\/\/www.medienlb.com\/en\/wp-json\/wp\/v2\/media\/32508"}],"wp:attachment":[{"href":"https:\/\/www.medienlb.com\/en\/wp-json\/wp\/v2\/media?parent=32502"}],"wp:term":[{"taxonomy":"product_brand","embeddable":true,"href":"https:\/\/www.medienlb.com\/en\/wp-json\/wp\/v2\/product_brand?post=32502"},{"taxonomy":"product_cat","embeddable":true,"href":"https:\/\/www.medienlb.com\/en\/wp-json\/wp\/v2\/product_cat?post=32502"},{"taxonomy":"product_tag","embeddable":true,"href":"https:\/\/www.medienlb.com\/en\/wp-json\/wp\/v2\/product_tag?post=32502"}],"curies":[{"name":"wp","href":"https:\/\/api.w.org\/{rel}","templated":true}]}}