{"id":27535,"date":"2025-01-27T08:49:55","date_gmt":"2025-01-27T08:49:55","guid":{"rendered":"https:\/\/www.medienlb.com\/?post_type=product&#038;p=27535"},"modified":"2025-01-31T12:03:15","modified_gmt":"2025-01-31T12:03:15","slug":"55507470-guerteltier-zootier-2025","status":"publish","type":"product","link":"https:\/\/www.medienlb.com\/en\/produkt\/55507470-guerteltier-zootier-2025\/","title":{"rendered":"G\u00fcrteltier, Zootier 2025"},"content":{"rendered":"<p>In 10 interaktiven Aufgaben wird den Sch\u00fclerinnen und Sch\u00fclern Wissen zum G\u00fcrteltier vermittelt und abgefragt.<\/p>\n<p>Das Medium bietet H5P-Aufgaben an, die ohne zus\u00e4tzliche Software verwendbar sind.<br \/>\nDurch interaktive Aufgabentypen wird das audiovisuelle und interaktive Lernen einfach.<br \/>\nLernen macht jetzt Spa\u00df!<\/p>\n","protected":false},"excerpt":{"rendered":"<p>In 10 interaktiven Aufgaben wird den Sch\u00fclerinnen und Sch\u00fclern Wissen zum G\u00fcrteltier vermittelt und abgefragt.<\/p>\n","protected":false},"featured_media":27538,"template":"","meta":{"_acf_changed":false},"product_brand":[],"product_cat":[180],"product_tag":[87,125],"class_list":{"0":"post-27535","1":"product","2":"type-product","3":"status-publish","4":"has-post-thumbnail","6":"product_cat-interaktive-lerneinheit","7":"product_tag-subject-biologie","8":"product_tag-target-sek-i","10":"first","11":"instock","12":"taxable","13":"shipping-taxable","14":"purchasable","15":"product-type-variable"},"acf":{"subtitle":"Lerneinheit Biologie 7","article_id":"55507470","languages":"DE","thumb_up":false,"cover_image":29475,"linked_product":6730,"linked_products":null,"banner":{"show":true,"text":"","color":""},"length":"","content_movie":"","learning_goals":"","preview_gif":"","trailer":{"file":"","url":"","image":""},"mediathek_id":"","amount":10,"demo_url":"","h5p_demo_id":117,"content_interactive":"Der Panzer des G\u00fcrteltiers - Interaktive Aufgaben\r\nK\u00f6rperbau des G\u00fcrteltiers - Zuordnungsaufgabe\r\nLebensraum des G\u00fcrteltiers - Interaktive Aufgaben\r\nLebensweise des G\u00fcrteltiers - Interaktive Fragen\r\nErn\u00e4hrung des G\u00fcrteltiers - Zuordnungsaufgabe\r\nFortpflanzung des G\u00fcrteltiers - wahr oder falsch?\r\n\u00d6kologische Bedeutung des G\u00fcrteltiers - Zuordnungsaufgabe\r\nBedrohungen f\u00fcr das G\u00fcrteltier - Interaktive Aufgaben\r\nDie Evolution des G\u00fcrteltiers - Paragraphen sortieren\r\nG\u00fcrteltier - Finde die L\u00f6sungsw\u00f6rter","hide_numbers":false,"flyer":"","info_columns":null},"_links":{"self":[{"href":"https:\/\/www.medienlb.com\/en\/wp-json\/wp\/v2\/product\/27535","targetHints":{"allow":["GET"]}}],"collection":[{"href":"https:\/\/www.medienlb.com\/en\/wp-json\/wp\/v2\/product"}],"about":[{"href":"https:\/\/www.medienlb.com\/en\/wp-json\/wp\/v2\/types\/product"}],"acf:post":[{"embeddable":true,"href":"https:\/\/www.medienlb.com\/en\/wp-json\/wp\/v2\/product\/6730"}],"wp:featuredmedia":[{"embeddable":true,"href":"https:\/\/www.medienlb.com\/en\/wp-json\/wp\/v2\/media\/27538"}],"wp:attachment":[{"href":"https:\/\/www.medienlb.com\/en\/wp-json\/wp\/v2\/media?parent=27535"}],"wp:term":[{"taxonomy":"product_brand","embeddable":true,"href":"https:\/\/www.medienlb.com\/en\/wp-json\/wp\/v2\/product_brand?post=27535"},{"taxonomy":"product_cat","embeddable":true,"href":"https:\/\/www.medienlb.com\/en\/wp-json\/wp\/v2\/product_cat?post=27535"},{"taxonomy":"product_tag","embeddable":true,"href":"https:\/\/www.medienlb.com\/en\/wp-json\/wp\/v2\/product_tag?post=27535"}],"curies":[{"name":"wp","href":"https:\/\/api.w.org\/{rel}","templated":true}]}}