{"id":27483,"date":"2025-01-24T07:16:59","date_gmt":"2025-01-24T07:16:59","guid":{"rendered":"https:\/\/www.medienlb.com\/?post_type=product&#038;p=27483"},"modified":"2025-02-07T13:42:09","modified_gmt":"2025-02-07T13:42:09","slug":"klimazonen-der-erde-2","status":"publish","type":"product","link":"https:\/\/www.medienlb.com\/en\/produkt\/klimazonen-der-erde-2\/","title":{"rendered":"Klimazonen der Erde"},"content":{"rendered":"<p>Die Tropen erstrecken sich zwischen dem Wendekreis des Krebses und dem Wendekreis des Steinbocks. Kennzeichnend ist ihr warm feuchtes Klima und Landschaften wie u.a. Regenw\u00e4lder und Savannen.<\/p>\n<p>Der Film zeigt, basierend auf der Grundlage des Gradnetzes, die Entstehung der Klimazonen und in schillernden Bildern Fauna und Flora und deren Bedrohung durch den Menschen. Des Weiteren regt der Film durch die Erl\u00e4uterung m\u00f6glicher Schutzma\u00dfnahmen zur Erhaltung der \u00d6kosysteme und gegen den Klimawandel die Sch\u00fclerinnen und Sch\u00fcler zur Reflexion an.<\/p>\n","protected":false},"excerpt":{"rendered":"<p>Die Tropen erstrecken sich zwischen dem Wendekreis des Krebses und dem Wendekreis des Steinbocks.<\/p>\n","protected":false},"featured_media":27494,"template":"","meta":{"_acf_changed":false},"product_brand":[],"product_cat":[70],"product_tag":[91,125],"class_list":{"0":"post-27483","1":"product","2":"type-product","3":"status-publish","4":"has-post-thumbnail","6":"product_cat-film","7":"product_tag-subject-geografie","8":"product_tag-target-sek-i","9":"product_shipping_class-dvd-versand","11":"first","12":"instock","13":"taxable","14":"shipping-taxable","15":"purchasable","16":"product-type-variable"},"acf":{"subtitle":"Tropen","article_id":"46505576 \/ 55507248","languages":"DE","thumb_up":false,"cover_image":27637,"linked_product":9611,"linked_products":null,"banner":{"show":true,"text":"Schulfilm","color":""},"length":"19:31 min","content_movie":"Gesamtes Begleitmaterial: 79 Seiten\r\nArbeitsbl\u00e4tter: 20 Seiten\r\nTestaufgaben: 20 Seiten\r\nInteraktive Aufgaben: 10\r\n\r\n&nbsp;\r\n\r\n&nbsp;","learning_goals":"Die Lernenden\r\n\r\n1. charakterisieren typische Merkmale der Klimazonen der Erde als Ergebnis der solaren Einstrahlung.\r\n2. erl\u00e4utern den Zusammenhang zwischen Klima und nat\u00fcrlicher Vegetation im globalen \u00dcberblick.\r\n\r\nKompetenzen: Die Lernenden k\u00f6nnen\r\n1. geografische Sachverhalte raum-zeitlich einordnen.\r\n2. geografische Strukturen und Prozesse herausarbeiten und analysieren.\r\n3. raumrelevante systemische Strukturen hinsichtlich ihrer zuk\u00fcnftigen Entwicklung bewerten","preview_gif":27489,"trailer":{"file":27548,"url":"","image":27493},"mediathek_id":863,"amount":"","demo_url":"","h5p_demo_id":"","content_interactive":"","hide_numbers":false,"flyer":"","info_columns":null},"_links":{"self":[{"href":"https:\/\/www.medienlb.com\/en\/wp-json\/wp\/v2\/product\/27483","targetHints":{"allow":["GET"]}}],"collection":[{"href":"https:\/\/www.medienlb.com\/en\/wp-json\/wp\/v2\/product"}],"about":[{"href":"https:\/\/www.medienlb.com\/en\/wp-json\/wp\/v2\/types\/product"}],"acf:post":[{"embeddable":true,"href":"https:\/\/www.medienlb.com\/en\/wp-json\/wp\/v2\/product\/9611"}],"wp:featuredmedia":[{"embeddable":true,"href":"https:\/\/www.medienlb.com\/en\/wp-json\/wp\/v2\/media\/27494"}],"wp:attachment":[{"href":"https:\/\/www.medienlb.com\/en\/wp-json\/wp\/v2\/media?parent=27483"}],"wp:term":[{"taxonomy":"product_brand","embeddable":true,"href":"https:\/\/www.medienlb.com\/en\/wp-json\/wp\/v2\/product_brand?post=27483"},{"taxonomy":"product_cat","embeddable":true,"href":"https:\/\/www.medienlb.com\/en\/wp-json\/wp\/v2\/product_cat?post=27483"},{"taxonomy":"product_tag","embeddable":true,"href":"https:\/\/www.medienlb.com\/en\/wp-json\/wp\/v2\/product_tag?post=27483"}],"curies":[{"name":"wp","href":"https:\/\/api.w.org\/{rel}","templated":true}]}}