{"id":27354,"date":"2025-01-20T19:40:40","date_gmt":"2025-01-20T19:40:40","guid":{"rendered":"https:\/\/www.medienlb.com\/?post_type=product&#038;p=27354"},"modified":"2025-01-31T12:05:03","modified_gmt":"2025-01-31T12:05:03","slug":"55507343_vertretungsstunde-geografie-deutsch-schiefer-turm","status":"publish","type":"product","link":"https:\/\/www.medienlb.com\/en\/produkt\/55507343_vertretungsstunde-geografie-deutsch-schiefer-turm\/","title":{"rendered":"Vertretungsstunde Geografie, Deutsch &#8211; Schiefer Turm von Pisa"},"content":{"rendered":"<p>Die interaktiven H5P-Module sind speziell entwickelt worden, um fachfremden Lehrkr\u00e4ften den Vertretungsunterricht im Fach Geografie zu erleichtern. Die Sch\u00fcler und Sch\u00fclerinnen k\u00f6nnen das Material eigenst\u00e4ndig im Homeschooling nutzen oder auch im selbstgesteuerten Lernen (Einzeln\/Team) im Unterricht. Die verschiedenen Module eignen sich zum Stationenlernen, nachdem das 1. Modul durchgearbeitet wurde.<\/p>\n<p>Zwei Module (Verben &amp; Nomen) sind als zus\u00e4tzliches F\u00f6rdermaterial f\u00fcr die deutsche Sprache gedacht.<\/p>\n","protected":false},"excerpt":{"rendered":"<p>Die interaktiven H5P-Module sind speziell entwickelt worden, um fachfremden Lehrkr\u00e4ften den Vertretungsunterricht im Fach Geografie zu erleichtern.<\/p>\n","protected":false},"featured_media":27357,"template":"","meta":{"_acf_changed":false},"product_brand":[],"product_cat":[198],"product_tag":[91,196,201],"class_list":{"0":"post-27354","1":"product","2":"type-product","3":"status-publish","4":"has-post-thumbnail","6":"product_cat-vertretungsstunde","7":"product_tag-subject-geografie","8":"product_tag-target-foerderunterricht","9":"product_tag-vertretung","11":"first","12":"instock","13":"taxable","14":"shipping-taxable","15":"purchasable","16":"product-type-variable"},"acf":{"subtitle":"F\u00f6rdermaterial ","article_id":"55507343","languages":"DE","thumb_up":false,"cover_image":29515,"linked_product":27214,"linked_products":null,"banner":{"show":true,"text":"","color":""},"length":"","content_movie":"","learning_goals":"","preview_gif":"","trailer":{"file":"","url":"","image":""},"mediathek_id":"","amount":17,"demo_url":"","h5p_demo_id":8,"content_interactive":"Schiefer Turm - Sachtext mit Bildern\r\nSchiefer Turm - L\u00fcckentext\r\nWo befindet sich der Schiefe Turm von Pisa auf der Weltkarte?\r\nBonus: Italien-Karte mit 100% Zoomfaktor\r\nOrdne die geografische Lage von Pisa ein!\r\nSchiefer Turm - Sch\u00e4tze die Entfernungen richtig ein!\r\nSchiefer Turm - Bewerte die folgenden Aussagen\r\nSchiefer Turm - Verbinde die Satzanf\u00e4nge\r\nSchiefer Turm - Finde und markiere die 9 W\u00f6rter mit Wortanzeige\r\nSchiefer Turm - Finde und markiere die 10 W\u00f6rter ohne Wortanzeige\r\nSchiefer Turm - Ein Wort zu viel - Lesetraining\r\nSchiefer Turm - Markiere alle Verben\r\nSchiefer Turm - Markiere alle Nomen\r\nSchiefer Turm - Setze das Bild zusammen\r\nBonus: Europakarte der L\u00e4nder mit 100% Zoomfaktor\r\nBonus: Weltkugel mit 100% Zoomfaktor\r\nBonus: Weltkarte der L\u00e4nder mit 100% Zoomfaktor","hide_numbers":false,"flyer":"","info_columns":null},"_links":{"self":[{"href":"https:\/\/www.medienlb.com\/en\/wp-json\/wp\/v2\/product\/27354","targetHints":{"allow":["GET"]}}],"collection":[{"href":"https:\/\/www.medienlb.com\/en\/wp-json\/wp\/v2\/product"}],"about":[{"href":"https:\/\/www.medienlb.com\/en\/wp-json\/wp\/v2\/types\/product"}],"acf:post":[{"embeddable":true,"href":"https:\/\/www.medienlb.com\/en\/wp-json\/wp\/v2\/product\/27214"}],"wp:featuredmedia":[{"embeddable":true,"href":"https:\/\/www.medienlb.com\/en\/wp-json\/wp\/v2\/media\/27357"}],"wp:attachment":[{"href":"https:\/\/www.medienlb.com\/en\/wp-json\/wp\/v2\/media?parent=27354"}],"wp:term":[{"taxonomy":"product_brand","embeddable":true,"href":"https:\/\/www.medienlb.com\/en\/wp-json\/wp\/v2\/product_brand?post=27354"},{"taxonomy":"product_cat","embeddable":true,"href":"https:\/\/www.medienlb.com\/en\/wp-json\/wp\/v2\/product_cat?post=27354"},{"taxonomy":"product_tag","embeddable":true,"href":"https:\/\/www.medienlb.com\/en\/wp-json\/wp\/v2\/product_tag?post=27354"}],"curies":[{"name":"wp","href":"https:\/\/api.w.org\/{rel}","templated":true}]}}