{"id":27151,"date":"2024-12-17T14:20:22","date_gmt":"2024-12-17T14:20:22","guid":{"rendered":"https:\/\/www.medienlb.com\/?post_type=product&#038;p=27151"},"modified":"2025-02-04T10:23:11","modified_gmt":"2025-02-04T10:23:11","slug":"xr-becky-holgi-rebound","status":"publish","type":"product","link":"https:\/\/www.medienlb.com\/en\/produkt\/xr-becky-holgi-rebound\/","title":{"rendered":"XR Becky &#8211; Holgi Rebound"},"content":{"rendered":"<div class=\"markdown-container\">\n<p>Die Spielerinnen und Spieler m\u00fcssen mit einer Zahnb\u00fcrste jeweils eine Zahnreihe gegen ein Bakterium sch\u00fctzen, das in der Mundh\u00f6hle hin und her rast und die Z\u00e4hne sch\u00e4digt. Rasches Z\u00e4hneputzen kann bereits gesch\u00e4digte Z\u00e4hne reparieren.<br \/>\nMit innovativer Technologie wird die Zahnb\u00fcrste durch Vorw\u00e4rts- und R\u00fcckw\u00e4rtsbewegungen der vor der Kamera spielenden Personen gesteuert. So wird das Z\u00e4hneputzen zu einem Erlebnis, das vollen K\u00f6rpereinsatz erfordert.<\/p>\n<p>&nbsp;<\/p>\n<hr \/>\n<p><span style=\"color: #3366ff;\">Die Entwicklung dieses Produkts wurde gef\u00f6rdert durch den FilmFernsehFonds Bayern. <a href=\"https:\/\/www.fff-bayern.de\/\" target=\"_blank\" rel=\"noopener\"><img loading=\"lazy\" decoding=\"async\" class=\"alignnone wp-image-27154\" src=\"https:\/\/www.medienlb.com\/wp-content\/uploads\/2024\/12\/FFF-Logo-FFF-Bayern-Verlauf-positiv-900px-300x120.jpg\" alt=\"\" width=\"215\" height=\"86\" srcset=\"https:\/\/www.medienlb.com\/wp-content\/uploads\/2024\/12\/FFF-Logo-FFF-Bayern-Verlauf-positiv-900px-300x120.jpg 300w, https:\/\/www.medienlb.com\/wp-content\/uploads\/2024\/12\/FFF-Logo-FFF-Bayern-Verlauf-positiv-900px-768x307.jpg 768w, https:\/\/www.medienlb.com\/wp-content\/uploads\/2024\/12\/FFF-Logo-FFF-Bayern-Verlauf-positiv-900px.jpg 900w\" sizes=\"auto, (max-width: 215px) 100vw, 215px\" \/><\/a><\/span><\/p>\n<hr \/>\n<\/div>\n<p>&nbsp;<\/p>\n","protected":false},"excerpt":{"rendered":"<p>Die Spielerinnen und Spieler m\u00fcssen mit einer Zahnb\u00fcrste jeweils eine Zahnreihe gegen ein Bakterium sch\u00fctzen, das in der Mundh\u00f6hle hin und her rast und die Z\u00e4hne sch\u00e4digt. Rasches Z\u00e4hneputzen kann bereits gesch\u00e4digte Z\u00e4hne reparieren.<br \/>\nMit innovativer Technologie wird die Zahnb\u00fcrste durch Vorw\u00e4rts- und R\u00fcckw\u00e4rtsbewegungen der vor der Kamera spielenden Personen gesteuert. So wird das Z\u00e4hneputzen zu einem Erlebnis, das vollen K\u00f6rpereinsatz erfordert.<\/p>\n","protected":false},"featured_media":27163,"template":"","meta":{"_acf_changed":false},"product_brand":[],"product_cat":[75],"product_tag":[],"class_list":{"0":"post-27151","1":"product","2":"type-product","3":"status-publish","4":"has-post-thumbnail","6":"product_cat-hardware","8":"first","9":"instock","10":"taxable","11":"shipping-taxable","12":"product-type-variable"},"acf":{"subtitle":"","article_id":"MS_38","languages":"","thumb_up":false,"cover_image":"","linked_product":29811,"linked_products":null,"banner":{"show":true,"text":"","color":""},"length":"","content_movie":"","learning_goals":"","preview_gif":"","trailer":{"file":"","url":"","image":""},"mediathek_id":"","amount":"","demo_url":"","h5p_demo_id":"","content_interactive":"","hide_numbers":false,"flyer":"","info_columns":[{"heading":"Lieferumfang","content":"Intel Nuc Rechner mit installiertem Programm\r\nLG 75 Zoll UL3J-E Signage Display\r\nTV-St\u00e4nder | Vogels\r\nIntel RealSense Depth Camera D415 Full HD-Webcam 1920 x 1080 Pixel\r\n\r\n&nbsp;"},{"heading":"","content":""},{"heading":"","content":""}]},"_links":{"self":[{"href":"https:\/\/www.medienlb.com\/en\/wp-json\/wp\/v2\/product\/27151","targetHints":{"allow":["GET"]}}],"collection":[{"href":"https:\/\/www.medienlb.com\/en\/wp-json\/wp\/v2\/product"}],"about":[{"href":"https:\/\/www.medienlb.com\/en\/wp-json\/wp\/v2\/types\/product"}],"acf:post":[{"embeddable":true,"href":"https:\/\/www.medienlb.com\/en\/wp-json\/wp\/v2\/product\/29811"}],"wp:featuredmedia":[{"embeddable":true,"href":"https:\/\/www.medienlb.com\/en\/wp-json\/wp\/v2\/media\/27163"}],"wp:attachment":[{"href":"https:\/\/www.medienlb.com\/en\/wp-json\/wp\/v2\/media?parent=27151"}],"wp:term":[{"taxonomy":"product_brand","embeddable":true,"href":"https:\/\/www.medienlb.com\/en\/wp-json\/wp\/v2\/product_brand?post=27151"},{"taxonomy":"product_cat","embeddable":true,"href":"https:\/\/www.medienlb.com\/en\/wp-json\/wp\/v2\/product_cat?post=27151"},{"taxonomy":"product_tag","embeddable":true,"href":"https:\/\/www.medienlb.com\/en\/wp-json\/wp\/v2\/product_tag?post=27151"}],"curies":[{"name":"wp","href":"https:\/\/api.w.org\/{rel}","templated":true}]}}