{"id":27127,"date":"2024-12-11T10:24:03","date_gmt":"2024-12-11T10:24:03","guid":{"rendered":"https:\/\/www.medienlb.com\/?post_type=product&#038;p=27127"},"modified":"2025-01-31T21:52:06","modified_gmt":"2025-01-31T21:52:06","slug":"mathematik-8-2","status":"publish","type":"product","link":"https:\/\/www.medienlb.com\/en\/produkt\/mathematik-8-2\/","title":{"rendered":"Einfache Gleichungen"},"content":{"rendered":"<p>In 10 interaktiven Aufgaben l\u00f6sen die Sch\u00fclerinnen und Sch\u00fcler anhand der Rechenregeln einfache Gleichungen.<\/p>\n<p>Das Medium bietet H5P-Aufgaben an, die ohne zus\u00e4tzliche Software verwendbar sind.<br \/>\nDurch interaktive Aufgabentypen wird das audiovisuelle und interaktive Lernen einfach.<br \/>\nLernen macht jetzt Spa\u00df!<\/p>\n","protected":false},"excerpt":{"rendered":"<p>In 10 interaktiven Aufgaben l\u00f6sen die Sch\u00fclerinnen und Sch\u00fcler anhand der Rechenregeln einfache Gleichungen.<\/p>\n","protected":false},"featured_media":29775,"template":"","meta":{"_acf_changed":false},"product_brand":[],"product_cat":[180],"product_tag":[99,125],"class_list":{"0":"post-27127","1":"product","2":"type-product","3":"status-publish","4":"has-post-thumbnail","6":"product_cat-interaktive-lerneinheit","7":"product_tag-subject-mathematik","8":"product_tag-target-sek-i","10":"first","11":"instock","12":"taxable","13":"shipping-taxable","14":"purchasable","15":"product-type-variable"},"acf":{"subtitle":"Mathematik 8 (10 H5P)","article_id":"55507326","languages":"DE","thumb_up":false,"cover_image":29780,"linked_product":17183,"linked_products":null,"banner":{"show":true,"text":"","color":""},"length":"","content_movie":"","learning_goals":"","preview_gif":"","trailer":{"file":"","url":"","image":""},"mediathek_id":"","amount":10,"demo_url":"","h5p_demo_id":122,"content_interactive":"Berechne den Wert von x - Addition\r\nBerechne den Wert von x - Subtraktion\r\nBerechne den Wert von x - Multiplikation\r\nBerechne den Wert x - Division\r\nBerechne den Wert von x - Vermischte Aufgaben\r\nBerechne den Wert von x - Klammerrechnung (Addition \/ Subtraktion)\r\nBerechne den Wert von x - Klammer mal Zahl\r\nBerechne den Wert von x - Klammer mal Klammer\r\nGleichungen mit 1 Variablen - Vermischte \u00dcbungen I\r\nGleichungen mit 1 Variablen \u2013 Vermischte \u00dcbungen II","hide_numbers":false,"flyer":"","info_columns":null},"_links":{"self":[{"href":"https:\/\/www.medienlb.com\/en\/wp-json\/wp\/v2\/product\/27127","targetHints":{"allow":["GET"]}}],"collection":[{"href":"https:\/\/www.medienlb.com\/en\/wp-json\/wp\/v2\/product"}],"about":[{"href":"https:\/\/www.medienlb.com\/en\/wp-json\/wp\/v2\/types\/product"}],"acf:post":[{"embeddable":true,"href":"https:\/\/www.medienlb.com\/en\/wp-json\/wp\/v2\/product\/17183"}],"wp:featuredmedia":[{"embeddable":true,"href":"https:\/\/www.medienlb.com\/en\/wp-json\/wp\/v2\/media\/29775"}],"wp:attachment":[{"href":"https:\/\/www.medienlb.com\/en\/wp-json\/wp\/v2\/media?parent=27127"}],"wp:term":[{"taxonomy":"product_brand","embeddable":true,"href":"https:\/\/www.medienlb.com\/en\/wp-json\/wp\/v2\/product_brand?post=27127"},{"taxonomy":"product_cat","embeddable":true,"href":"https:\/\/www.medienlb.com\/en\/wp-json\/wp\/v2\/product_cat?post=27127"},{"taxonomy":"product_tag","embeddable":true,"href":"https:\/\/www.medienlb.com\/en\/wp-json\/wp\/v2\/product_tag?post=27127"}],"curies":[{"name":"wp","href":"https:\/\/api.w.org\/{rel}","templated":true}]}}