{"id":27107,"date":"2024-12-11T08:25:31","date_gmt":"2024-12-11T08:25:31","guid":{"rendered":"https:\/\/www.medienlb.com\/?post_type=product&#038;p=27107"},"modified":"2025-01-31T12:09:03","modified_gmt":"2025-01-31T12:09:03","slug":"lerneinheit-mathematik-4-3","status":"publish","type":"product","link":"https:\/\/www.medienlb.com\/en\/produkt\/lerneinheit-mathematik-4-3\/","title":{"rendered":"Mathematik 4"},"content":{"rendered":"<p>In 10 interaktiven Aufgaben befassen sich die Sch\u00fclerinnen und Sch\u00fcler mit Fragestellungen zu mathematischem Grundwissen, das als Voraussetzung f\u00fcr das Gymnasium gilt.<\/p>\n<p>Das Medium bietet H5P-Aufgaben an, die ohne zus\u00e4tzliche Software verwendbar sind.<br \/>\nDurch interaktive Aufgabentypen wird das audiovisuelle und interaktive Lernen einfach.<br \/>\nLernen macht jetzt Spa\u00df!<\/p>\n","protected":false},"excerpt":{"rendered":"<p>In 10 interaktiven Aufgaben wird mathematisches Grundwissen abgefragt, das als Voraussetzung f\u00fcr das Gymnasium gilt.<\/p>\n","protected":false},"featured_media":27110,"template":"","meta":{"_acf_changed":false},"product_brand":[],"product_cat":[180],"product_tag":[97,99,129],"class_list":{"0":"post-27107","1":"product","2":"type-product","3":"status-publish","4":"has-post-thumbnail","6":"product_cat-interaktive-lerneinheit","7":"product_tag-subject-grundschule","8":"product_tag-subject-mathematik","9":"product_tag-target-gru","11":"first","12":"instock","13":"taxable","14":"shipping-taxable","15":"purchasable","16":"product-type-variable"},"acf":{"subtitle":"Wissen f\u00fcr das Gymnasium Vol. 1","article_id":"55507322","languages":"DE","thumb_up":false,"cover_image":29539,"linked_product":27117,"linked_products":null,"banner":{"show":false,"text":"","color":""},"length":"","content_movie":"","learning_goals":"","preview_gif":"","trailer":{"file":"","url":"","image":""},"mediathek_id":"","amount":10,"demo_url":"https:\/\/www.interaktive-arbeitshefte.de\/de\/h5p\/36995\/embed\/","h5p_demo_id":"","content_interactive":"Zahlen-Detektive: Dem Stellenwert auf der Spur!\r\nZahlen-Jongleure: Mit Stellenwerten spielen wie ein Profi!\r\nZahlen-Schatzsucher: Versteckte Stellenwerte enth\u00fcllen!\r\nZahlen-Entdecker\r\nKurz und knackig: Zahlen in Worten\r\nZahlenumzug: Hilf den Zahlen beim Umzug ins Rechengitter!\r\nZahlen-Detektiv: Finde den richtigen Platz f\u00fcr jede Ziffer!\r\nZahlen in Buchstaben: Schreibe die W\u00f6rter richtig auf!\r\nZeig dein Zahlenwissen: Benenne die Zahlen!\r\nDetektive im Tierreich: Finde heraus, welches Tier wie alt wird!","hide_numbers":false,"flyer":"","info_columns":null},"_links":{"self":[{"href":"https:\/\/www.medienlb.com\/en\/wp-json\/wp\/v2\/product\/27107","targetHints":{"allow":["GET"]}}],"collection":[{"href":"https:\/\/www.medienlb.com\/en\/wp-json\/wp\/v2\/product"}],"about":[{"href":"https:\/\/www.medienlb.com\/en\/wp-json\/wp\/v2\/types\/product"}],"acf:post":[{"embeddable":true,"href":"https:\/\/www.medienlb.com\/en\/wp-json\/wp\/v2\/product\/27117"}],"wp:featuredmedia":[{"embeddable":true,"href":"https:\/\/www.medienlb.com\/en\/wp-json\/wp\/v2\/media\/27110"}],"wp:attachment":[{"href":"https:\/\/www.medienlb.com\/en\/wp-json\/wp\/v2\/media?parent=27107"}],"wp:term":[{"taxonomy":"product_brand","embeddable":true,"href":"https:\/\/www.medienlb.com\/en\/wp-json\/wp\/v2\/product_brand?post=27107"},{"taxonomy":"product_cat","embeddable":true,"href":"https:\/\/www.medienlb.com\/en\/wp-json\/wp\/v2\/product_cat?post=27107"},{"taxonomy":"product_tag","embeddable":true,"href":"https:\/\/www.medienlb.com\/en\/wp-json\/wp\/v2\/product_tag?post=27107"}],"curies":[{"name":"wp","href":"https:\/\/api.w.org\/{rel}","templated":true}]}}