{"id":27085,"date":"2024-12-04T12:00:37","date_gmt":"2024-12-04T12:00:37","guid":{"rendered":"https:\/\/www.medienlb.com\/?post_type=product&#038;p=27085"},"modified":"2025-02-07T13:42:23","modified_gmt":"2025-02-07T13:42:23","slug":"drohnen","status":"publish","type":"product","link":"https:\/\/www.medienlb.com\/en\/produkt\/drohnen\/","title":{"rendered":"Drohnen"},"content":{"rendered":"<p>Drohnen wurden urspr\u00fcnglich f\u00fcr milit\u00e4rische Zwecke wie Aufkl\u00e4rung und Angriffe entwickelt, doch sind ihre Anwendungen viel breiter gef\u00e4chert. Sie unterst\u00fctzen u.a. Rettungsdienste bei der Inspektion unzug\u00e4nglicher Gebiete, \u00fcberwachen Anbaufelder in der Landwirtschaft und erm\u00f6glichen beeindruckende Luftaufnahmen in der Filmindustrie.<\/p>\n<p>Der Film zeigt Sch\u00fclerinnen und Sch\u00fclern, wie Drohnen konstruiert sind, beschreibt deren Einsatzm\u00f6glichkeiten und beleuchtet interdisziplin\u00e4re Berufsfelder sowie den potenziellen wissenschaftlich-technologischen Fortschritt.<\/p>\n<p>Interaktive Aufgaben, Testfragen und Glossar wurden mit H5P erstellt und k\u00f6nnen ohne weitere Software verwendet werden.<\/p>\n","protected":false},"excerpt":{"rendered":"<p>Drohnen wurden urspr\u00fcnglich f\u00fcr milit\u00e4rische Zwecke wie Aufkl\u00e4rung und Angriffe entwickelt, doch sind ihre Anwendungen viel breiter gef\u00e4chert.<\/p>\n","protected":false},"featured_media":27096,"template":"","meta":{"_acf_changed":false},"product_brand":[],"product_cat":[70],"product_tag":[105,125],"class_list":{"0":"post-27085","1":"product","2":"type-product","3":"status-publish","4":"has-post-thumbnail","6":"product_cat-film","7":"product_tag-subject-technik","8":"product_tag-target-sek-i","9":"product_shipping_class-dvd-versand","11":"first","12":"instock","13":"taxable","14":"shipping-taxable","15":"purchasable","16":"product-type-variable"},"acf":{"subtitle":"Anwendung und Nutzen","article_id":"46505335 \/ 55505949","languages":"DE","thumb_up":false,"cover_image":27643,"linked_product":[25673],"linked_products":null,"banner":{"show":true,"text":"Schulfilm","color":""},"length":"19:05 min","content_movie":"Gesamtes Begleitmaterial: 66 Seiten\r\nArbeitsbl\u00e4tter und L\u00f6sungen: 20 Seiten\r\nTestaufgaben: 20 St\u00fcck\r\nInteraktive Aufgaben: 10","learning_goals":"<strong>Lernziele und Kompetenzen:<\/strong>\r\n\r\nLernziele\r\n\r\nDie Sch\u00fclerinnen und Sch\u00fcler\r\n<ol>\r\n \t<li>erkennen die Zielorientierung technischen Handelns.<\/li>\r\n \t<li>reflektieren mit eigenen Wertma\u00dfst\u00e4ben den Umgang mit Technik.<\/li>\r\n \t<li>bewerten Chancen und Risiken technischer L\u00f6sungen f\u00fcr sich selbst, die Gesellschaft und die nat\u00fcrliche Umwelt.<\/li>\r\n<\/ol>\r\n&nbsp;\r\n\r\nKompetenzen\r\n\r\nDie Sch\u00fclerinnen und Sch\u00fcler k\u00f6nnen\r\n<ol>\r\n \t<li>eigene F\u00e4higkeiten und Fertigkeiten auch im Blick auf die sp\u00e4tere Berufswahl erkennen.<\/li>\r\n \t<li>Sicherheitsregeln ber\u00fccksichtigen und beachten.<\/li>\r\n \t<li>Ma\u00dfnahmen und Verfahren der Inbetriebnahme, Pflege und Wartung anwenden.<\/li>\r\n<\/ol>","preview_gif":27091,"trailer":{"file":27093,"url":"","image":27095},"mediathek_id":861,"amount":"","demo_url":"","h5p_demo_id":"","content_interactive":"","hide_numbers":false,"flyer":"","info_columns":null},"_links":{"self":[{"href":"https:\/\/www.medienlb.com\/en\/wp-json\/wp\/v2\/product\/27085","targetHints":{"allow":["GET"]}}],"collection":[{"href":"https:\/\/www.medienlb.com\/en\/wp-json\/wp\/v2\/product"}],"about":[{"href":"https:\/\/www.medienlb.com\/en\/wp-json\/wp\/v2\/types\/product"}],"acf:post":[{"embeddable":true,"href":"https:\/\/www.medienlb.com\/en\/wp-json\/wp\/v2\/product\/25673"}],"wp:featuredmedia":[{"embeddable":true,"href":"https:\/\/www.medienlb.com\/en\/wp-json\/wp\/v2\/media\/27096"}],"wp:attachment":[{"href":"https:\/\/www.medienlb.com\/en\/wp-json\/wp\/v2\/media?parent=27085"}],"wp:term":[{"taxonomy":"product_brand","embeddable":true,"href":"https:\/\/www.medienlb.com\/en\/wp-json\/wp\/v2\/product_brand?post=27085"},{"taxonomy":"product_cat","embeddable":true,"href":"https:\/\/www.medienlb.com\/en\/wp-json\/wp\/v2\/product_cat?post=27085"},{"taxonomy":"product_tag","embeddable":true,"href":"https:\/\/www.medienlb.com\/en\/wp-json\/wp\/v2\/product_tag?post=27085"}],"curies":[{"name":"wp","href":"https:\/\/api.w.org\/{rel}","templated":true}]}}