{"id":26990,"date":"2024-11-25T07:40:23","date_gmt":"2024-11-25T07:40:23","guid":{"rendered":"https:\/\/www.medienlb.com\/?post_type=product&#038;p=26990"},"modified":"2025-01-31T10:35:56","modified_gmt":"2025-01-31T10:35:56","slug":"chessgenius-pro-schachcomputer","status":"publish","type":"product","link":"https:\/\/www.medienlb.com\/en\/produkt\/chessgenius-pro-schachcomputer\/","title":{"rendered":"ChessGenius Pro Schachcomputer"},"content":{"rendered":"<div class=\"markdown-container\">\n<p>Der ChessGenius Pro ist der perfekte Schachcomputer f\u00fcr alle, die Schach lernen m\u00f6chten, ob jung oder alt. Mit seinen vielen Lern- und Hilfsfunktionen zum \u00dcben sowie der einfachen, intuitiven Bedienung und seiner extrem weiten Bandbreite an einstellbaren Schwierigkeitsstufen bietet er alles, was das Schachspielerherz begehrt.<\/p>\n<hr \/>\n<p>Link zur Website des Herstellers: <span style=\"color: #3366ff;\"><a style=\"color: #3366ff;\" href=\"https:\/\/computerchess.com\/Best-Practice\/Schachcomputer-in-der-Schule\" target=\"_blank\" rel=\"noopener\">Schachcomputer in der Schule<\/a><\/span><\/p>\n<hr \/>\n<\/div>\n<p>&nbsp;<\/p>\n","protected":false},"excerpt":{"rendered":"<p>&#8230;&#8230;der perfekte Schachcomputer f\u00fcr alle, die Schach lernen m\u00f6chten<\/p>\n<p>&nbsp;<\/p>\n","protected":false},"featured_media":26994,"template":"","meta":{"_acf_changed":false},"product_brand":[],"product_cat":[75],"product_tag":[],"class_list":{"0":"post-26990","1":"product","2":"type-product","3":"status-publish","4":"has-post-thumbnail","6":"product_cat-hardware","7":"product_shipping_class-hardware-versand","9":"first","10":"instock","11":"taxable","12":"shipping-taxable","13":"purchasable","14":"product-type-variable"},"acf":{"subtitle":"Der ideale Schachpartner f\u00fcr Alle, die Schach lernen wollen","article_id":"MS_37","languages":"","thumb_up":false,"cover_image":"","linked_product":"","linked_products":null,"banner":{"show":true,"text":"","color":""},"length":"","content_movie":"","learning_goals":"","preview_gif":"","trailer":{"file":"","url":"","image":""},"mediathek_id":"","amount":"","demo_url":"","h5p_demo_id":"","content_interactive":"","hide_numbers":false,"flyer":27016,"info_columns":[{"heading":"Technische Details","content":"<a href=\"https:\/\/www.medienlb.com\/wp-content\/uploads\/2024\/11\/Schach_Tech_Det.png\" target=\"_blank\" rel=\"noopener\"><img class=\"alignnone size-medium wp-image-26992\" src=\"https:\/\/www.medienlb.com\/wp-content\/uploads\/2024\/11\/Schach_Tech_Det-300x295.png\" alt=\"\" width=\"300\" height=\"295\" \/><\/a>"},{"heading":"","content":""},{"heading":"Lieferumfang","content":"<a href=\"https:\/\/www.medienlb.com\/wp-content\/uploads\/2024\/11\/9.png\" target=\"_blank\" rel=\"noopener\"><img class=\"alignnone size-medium wp-image-27012\" src=\"https:\/\/www.medienlb.com\/wp-content\/uploads\/2024\/11\/9-300x189.png\" alt=\"\" width=\"300\" height=\"189\" \/><\/a>"}]},"_links":{"self":[{"href":"https:\/\/www.medienlb.com\/en\/wp-json\/wp\/v2\/product\/26990","targetHints":{"allow":["GET"]}}],"collection":[{"href":"https:\/\/www.medienlb.com\/en\/wp-json\/wp\/v2\/product"}],"about":[{"href":"https:\/\/www.medienlb.com\/en\/wp-json\/wp\/v2\/types\/product"}],"wp:featuredmedia":[{"embeddable":true,"href":"https:\/\/www.medienlb.com\/en\/wp-json\/wp\/v2\/media\/26994"}],"wp:attachment":[{"href":"https:\/\/www.medienlb.com\/en\/wp-json\/wp\/v2\/media?parent=26990"}],"wp:term":[{"taxonomy":"product_brand","embeddable":true,"href":"https:\/\/www.medienlb.com\/en\/wp-json\/wp\/v2\/product_brand?post=26990"},{"taxonomy":"product_cat","embeddable":true,"href":"https:\/\/www.medienlb.com\/en\/wp-json\/wp\/v2\/product_cat?post=26990"},{"taxonomy":"product_tag","embeddable":true,"href":"https:\/\/www.medienlb.com\/en\/wp-json\/wp\/v2\/product_tag?post=26990"}],"curies":[{"name":"wp","href":"https:\/\/api.w.org\/{rel}","templated":true}]}}