{"id":26868,"date":"2024-11-15T08:09:45","date_gmt":"2024-11-15T08:09:45","guid":{"rendered":"https:\/\/www.medienlb.com\/?post_type=product&#038;p=26868"},"modified":"2026-03-09T09:51:34","modified_gmt":"2026-03-09T09:51:34","slug":"kernforschung","status":"publish","type":"product","link":"https:\/\/www.medienlb.com\/en\/produkt\/kernforschung\/","title":{"rendered":"Kernforschung"},"content":{"rendered":"<p>Kerntechnische Anwendungen sind in der Medizin, Industrie, Wissenschaft, aber auch in unserem Alltag ein wichtiges Element.<\/p>\n<p>Der Film beschreibt anschaulich und praxisnah die Freisetzung der enormen Energien, die durch Kernspaltung oder Kernfusion als Grundlage der Kernforschung.<\/p>\n<p>Experten unterschiedlicher Forschungseinrichtungen erkl\u00e4ren Zusammenh\u00e4nge von Elementen, Materialien, Temperaturen und Dr\u00fccken, die bei der Kernspaltung oder -fusion entstehen, bzw. notwendig sind, um Funktionsprozesse anzusto\u00dfen.<\/p>\n<p>Die Experteninterviews wurden in f\u00fchrenden Forschungseinrichtungen gef\u00fchrt \u2013 dies erlaubt Einblicke in faszinierende Gro\u00dfexperimente.<\/p>\n","protected":false},"excerpt":{"rendered":"<p>Kerntechnische Anwendungen sind in der Medizin, Industrie, Wissenschaft, aber auch in unserem Alltag ein wichtiges Element.<\/p>\n","protected":false},"featured_media":26916,"template":"","meta":{"_acf_changed":false},"product_brand":[],"product_cat":[70],"product_tag":[101,125,127],"class_list":{"0":"post-26868","1":"product","2":"type-product","3":"status-publish","4":"has-post-thumbnail","6":"product_cat-film","7":"product_tag-subject-physik","8":"product_tag-target-sek-i","9":"product_tag-target-sek-ii","10":"product_shipping_class-dvd-versand","12":"first","13":"instock","14":"taxable","15":"shipping-taxable","16":"purchasable","17":"product-type-variable"},"acf":{"subtitle":"Einsatzgebiete, Zukunft, Risiken","article_id":"46505387 \/ 55506125","languages":"DE","thumb_up":true,"cover_image":27645,"linked_product":20616,"linked_products":null,"banner":{"show":true,"text":"","color":""},"length":"25:38 min","content_movie":"Gesamtes Begleitmaterial: 74 Seiten\r\nArbeitsbl\u00e4tter: 21 Seiten\r\nTestaufgaben: 20 Seiten\r\nInteraktive Aufgaben: 10","learning_goals":"Lernziele und Kompetenzen:\r\n\r\nDie Sch\u00fclerinnen und Sch\u00fcler\r\n<ol>\r\n \t<li>nennen Anwendungsgebiete der Kernforschung<\/li>\r\n \t<li>erkl\u00e4ren die Struktur der Materie und den Aufbau des Atoms<\/li>\r\n \t<li>beschreiben die Kernfusion als Energiefreisetzungsprozess in Sternen<\/li>\r\n<\/ol>\r\n&nbsp;\r\n\r\nDie Sch\u00fclerinnen und Sch\u00fcler k\u00f6nnen\r\n<ol>\r\n \t<li>Informationen aus verschiedenen Quellen auf Relevanz pr\u00fcfen.<\/li>\r\n \t<li>Chancen und Risiken von Technologien mithilfe ihres physikalischen Wissens bewerten.<\/li>\r\n \t<li>Technologien auch unter sozialen, \u00f6kologischen und \u00f6konomischen Aspekten diskutieren.<\/li>\r\n<\/ol>","preview_gif":26874,"trailer":{"file":26876,"url":"","image":26878},"mediathek_id":859,"amount":"","demo_url":"","h5p_demo_id":"","content_interactive":"","hide_numbers":false,"flyer":"","info_columns":null},"_links":{"self":[{"href":"https:\/\/www.medienlb.com\/en\/wp-json\/wp\/v2\/product\/26868","targetHints":{"allow":["GET"]}}],"collection":[{"href":"https:\/\/www.medienlb.com\/en\/wp-json\/wp\/v2\/product"}],"about":[{"href":"https:\/\/www.medienlb.com\/en\/wp-json\/wp\/v2\/types\/product"}],"acf:post":[{"embeddable":true,"href":"https:\/\/www.medienlb.com\/en\/wp-json\/wp\/v2\/product\/20616"}],"wp:featuredmedia":[{"embeddable":true,"href":"https:\/\/www.medienlb.com\/en\/wp-json\/wp\/v2\/media\/26916"}],"wp:attachment":[{"href":"https:\/\/www.medienlb.com\/en\/wp-json\/wp\/v2\/media?parent=26868"}],"wp:term":[{"taxonomy":"product_brand","embeddable":true,"href":"https:\/\/www.medienlb.com\/en\/wp-json\/wp\/v2\/product_brand?post=26868"},{"taxonomy":"product_cat","embeddable":true,"href":"https:\/\/www.medienlb.com\/en\/wp-json\/wp\/v2\/product_cat?post=26868"},{"taxonomy":"product_tag","embeddable":true,"href":"https:\/\/www.medienlb.com\/en\/wp-json\/wp\/v2\/product_tag?post=26868"}],"curies":[{"name":"wp","href":"https:\/\/api.w.org\/{rel}","templated":true}]}}