{"id":26853,"date":"2024-11-15T06:42:46","date_gmt":"2024-11-15T06:42:46","guid":{"rendered":"https:\/\/www.medienlb.com\/?post_type=product&#038;p=26853"},"modified":"2025-02-07T13:42:32","modified_gmt":"2025-02-07T13:42:32","slug":"unterrichten-mit-google-earth","status":"publish","type":"product","link":"https:\/\/www.medienlb.com\/en\/produkt\/unterrichten-mit-google-earth\/","title":{"rendered":"Unterrichten mit Google Earth"},"content":{"rendered":"<p>Die kostenlos verwendbare Software Google Earth ist ein hervorragendes Werkzeug f\u00fcr den Geographie- bzw. Erdkundeunterricht. Per Mausklick l\u00e4sst sich jeder Ort der Erde erreichen, \u00fcber die Zoomfunktion kann man Satellitenbilder von fast jedem Ort der Erde sehen. Mit dem Streetview-Modus befindet man sich pl\u00f6tzlich am Time Square in New York und springt von dort auf den M\u00fcnchner Marienplatz. Mit zahlreichen Funktionen und Extraebenen lassen sich Gebiete hervorheben, Entwicklungen im Zeitverlauf sichtbar machen und damit den Sch\u00fclerinnen und Sch\u00fclern hautnah geographische Strukturen vermitteln.<\/p>\n","protected":false},"excerpt":{"rendered":"<p>Die kostenlos verwendbare Software Google Earth ist ein hervorragendes Werkzeug f\u00fcr den Geographie- bzw. Erdkundeunterricht.<\/p>\n","protected":false},"featured_media":26864,"template":"","meta":{"_acf_changed":false},"product_brand":[],"product_cat":[70],"product_tag":[91,121,143,125],"class_list":{"0":"post-26853","1":"product","2":"type-product","3":"status-publish","4":"has-post-thumbnail","6":"product_cat-film","7":"product_tag-subject-geografie","8":"product_tag-subject-lehrerfortbildung","9":"product_tag-target-lehrkraefte","10":"product_tag-target-sek-i","11":"product_shipping_class-dvd-versand","13":"first","14":"instock","15":"taxable","16":"shipping-taxable","17":"purchasable","18":"product-type-variable"},"acf":{"subtitle":"Entwicklungen, Messungen, Analysen","article_id":"46505331 \/ 55505945","languages":"DE","thumb_up":false,"cover_image":27647,"linked_product":"","linked_products":null,"banner":{"show":true,"text":"","color":""},"length":"16:56 min","content_movie":"Gesamtes Begleitmaterial: 79 Seiten\r\nArbeitsbl\u00e4tter: 21 Seiten\r\nTestaufgaben: 20 Seiten\r\nInteraktive Aufgaben: 10","learning_goals":"Lernziele und Kompetenzen:\r\n\r\nDie Sch\u00fclerinnen und Sch\u00fcler\r\n<ol>\r\n \t<li>kennen Elemente einer kartographischen Darstellung<\/li>\r\n \t<li>nutzen digitale Medien zur Orientierung im Nahraum<\/li>\r\n \t<li>er\u00f6rtern Auswirkungen menschlichen Handelns auf die Umwelt<\/li>\r\n<\/ol>\r\n&nbsp;\r\n\r\nDie Sch\u00fclerinnen und Sch\u00fcler k\u00f6nnen\r\n<ol>\r\n \t<li>Geographische Sachverhalte raum-zeitlich einordnen<\/li>\r\n \t<li>Geographische Sachverhalte in das Mensch-Umwelt-System einordnen<\/li>\r\n \t<li>Geographische Strukturen und Prozesse herausarbeiten, analysieren und charakterisieren.<\/li>\r\n<\/ol>","preview_gif":27533,"trailer":{"file":26861,"url":"","image":26863},"mediathek_id":860,"amount":"","demo_url":"","h5p_demo_id":"","content_interactive":"","hide_numbers":false,"flyer":"","info_columns":null},"_links":{"self":[{"href":"https:\/\/www.medienlb.com\/en\/wp-json\/wp\/v2\/product\/26853","targetHints":{"allow":["GET"]}}],"collection":[{"href":"https:\/\/www.medienlb.com\/en\/wp-json\/wp\/v2\/product"}],"about":[{"href":"https:\/\/www.medienlb.com\/en\/wp-json\/wp\/v2\/types\/product"}],"wp:featuredmedia":[{"embeddable":true,"href":"https:\/\/www.medienlb.com\/en\/wp-json\/wp\/v2\/media\/26864"}],"wp:attachment":[{"href":"https:\/\/www.medienlb.com\/en\/wp-json\/wp\/v2\/media?parent=26853"}],"wp:term":[{"taxonomy":"product_brand","embeddable":true,"href":"https:\/\/www.medienlb.com\/en\/wp-json\/wp\/v2\/product_brand?post=26853"},{"taxonomy":"product_cat","embeddable":true,"href":"https:\/\/www.medienlb.com\/en\/wp-json\/wp\/v2\/product_cat?post=26853"},{"taxonomy":"product_tag","embeddable":true,"href":"https:\/\/www.medienlb.com\/en\/wp-json\/wp\/v2\/product_tag?post=26853"}],"curies":[{"name":"wp","href":"https:\/\/api.w.org\/{rel}","templated":true}]}}