{"id":26821,"date":"2024-11-11T09:02:44","date_gmt":"2024-11-11T09:02:44","guid":{"rendered":"https:\/\/www.medienlb.com\/?post_type=product&#038;p=26821"},"modified":"2025-05-20T11:49:02","modified_gmt":"2025-05-20T11:49:02","slug":"kopernikanische-wende","status":"publish","type":"product","link":"https:\/\/www.medienlb.com\/en\/produkt\/kopernikanische-wende\/","title":{"rendered":"Kopernikanische Wende"},"content":{"rendered":"<p>Die Renaissance war eine Zeit des Umbruchs in Europa, gepr\u00e4gt vom Wiederaufleben des Interesses an Kunst, Wissenschaft und Wissen aus der Antike.<br \/>\nDer Film beschreibt diese Ver\u00e4nderungen anhand des Lebens von Nikolaus Kopernikus, der das geozentrische Weltbild, mit der Erde als Mittelpunkt, in Frage stellte. Er entwickelte das heliozentrische Weltbild, in dem die Sonne im Zentrum des Sonnensystems steht und die Planeten, einschlie\u00dflich der Erde, um sie kreisen. Diese Idee f\u00fchrte zu einem Konflikt zwischen Kirche und Wissenschaft. Die Kirche sah ihre Autorit\u00e4t bedroht, w\u00e4hrend Wissenschaftler den Fortschritt erkannten. Dieser Streit markierte einen Wendepunkt in der Geschichte der Wissenschaft und legte den Grundstein f\u00fcr die moderne Astronomie.<\/p>\n<p>Interaktive Aufgaben, Testfragen und Glossar wurden mit H5P erstellt und k\u00f6nnen ohne weitere Software verwendet werden.<\/p>\n","protected":false},"excerpt":{"rendered":"<p>Die Renaissance war eine Zeit des Umbruchs in Europa, gepr\u00e4gt vom Wiederaufleben des Interesses an Kunst, Wissenschaft und Wissen aus der Antike.<\/p>\n","protected":false},"featured_media":26832,"template":"","meta":{"_acf_changed":false},"product_brand":[],"product_cat":[70],"product_tag":[109,125],"class_list":{"0":"post-26821","1":"product","2":"type-product","3":"status-publish","4":"has-post-thumbnail","6":"product_cat-film","7":"product_tag-subject-geschichte","8":"product_tag-target-sek-i","9":"product_shipping_class-dvd-versand","11":"first","12":"instock","13":"taxable","14":"shipping-taxable","15":"purchasable","16":"product-type-variable"},"acf":{"subtitle":"\u00c4nderung des Weltbildes","article_id":"46505349 \/ 55505963","languages":"DE","thumb_up":true,"cover_image":27649,"linked_product":[14417,35511],"linked_products":null,"banner":{"show":true,"text":"","color":""},"length":"16:59 min","content_movie":"Gesamtes Begleitmaterial: 67 Seiten\r\nArbeitsbl\u00e4tter: 20 Seiten\r\nTestaufgaben: 20 Seiten\r\nInteraktive Aufgaben: 10","learning_goals":"<ol>\r\n \t<li>Die Lernenden charakterisieren den Epochenwechsel vom Mittelalter zur Neuzeit.<\/li>\r\n \t<li>Die vergleichen das geozentrische und heliozentrische Weltbild.<\/li>\r\n \t<li>Die Lernenden erl\u00e4utern die Auswirkungen der kopernikanischen Wende auf den Alltag der Menschen.<\/li>\r\n<\/ol>","preview_gif":26827,"trailer":{"file":26829,"url":"","image":26846},"mediathek_id":858,"amount":"","demo_url":"","h5p_demo_id":"","content_interactive":"","hide_numbers":false,"flyer":"","info_columns":null},"_links":{"self":[{"href":"https:\/\/www.medienlb.com\/en\/wp-json\/wp\/v2\/product\/26821","targetHints":{"allow":["GET"]}}],"collection":[{"href":"https:\/\/www.medienlb.com\/en\/wp-json\/wp\/v2\/product"}],"about":[{"href":"https:\/\/www.medienlb.com\/en\/wp-json\/wp\/v2\/types\/product"}],"acf:post":[{"embeddable":true,"href":"https:\/\/www.medienlb.com\/en\/wp-json\/wp\/v2\/product\/35511"},{"embeddable":true,"href":"https:\/\/www.medienlb.com\/en\/wp-json\/wp\/v2\/product\/14417"}],"wp:featuredmedia":[{"embeddable":true,"href":"https:\/\/www.medienlb.com\/en\/wp-json\/wp\/v2\/media\/26832"}],"wp:attachment":[{"href":"https:\/\/www.medienlb.com\/en\/wp-json\/wp\/v2\/media?parent=26821"}],"wp:term":[{"taxonomy":"product_brand","embeddable":true,"href":"https:\/\/www.medienlb.com\/en\/wp-json\/wp\/v2\/product_brand?post=26821"},{"taxonomy":"product_cat","embeddable":true,"href":"https:\/\/www.medienlb.com\/en\/wp-json\/wp\/v2\/product_cat?post=26821"},{"taxonomy":"product_tag","embeddable":true,"href":"https:\/\/www.medienlb.com\/en\/wp-json\/wp\/v2\/product_tag?post=26821"}],"curies":[{"name":"wp","href":"https:\/\/api.w.org\/{rel}","templated":true}]}}