{"id":26770,"date":"2024-11-06T13:12:37","date_gmt":"2024-11-06T13:12:37","guid":{"rendered":"https:\/\/www.medienlb.com\/?post_type=product&#038;p=26770"},"modified":"2025-12-17T07:19:38","modified_gmt":"2025-12-17T07:19:38","slug":"sachunterricht-1-4","status":"publish","type":"product","link":"https:\/\/www.medienlb.com\/en\/produkt\/sachunterricht-1-4\/","title":{"rendered":"Sachunterricht 1-4"},"content":{"rendered":"<p>Die Familie ist die erste Instanz der Sozialisation und der Bildung der eigenen Identit\u00e4t.<br \/>\nIn 50 verschiedenen und interaktiv gestalteten Aufgaben erarbeiten die Sch\u00fclerinnen und Sch\u00fcler auf spielerische Weise Familienverh\u00e4ltnisse und lernen bewusst Vorlieben, Abneigungen, Hobbys usw. kennen.<\/p>\n<p>Die Aufgaben wurden mit H5P erstellt und sind ohne zus\u00e4tzliche Software anwendbar. Sie dienen der Wissensvermittlung, der Wissensvertiefung und zur Lernabfrage gleicherma\u00dfen. Aufgrund der unterschiedlichen Aufgabentypen bleiben Motivation und Lerneffekt hoch. Lernen macht jetzt Spa\u00df!<\/p>\n","protected":false},"excerpt":{"rendered":"<p>In 50 verschiedenen und interaktiv gestalteten Aufgaben erarbeiten Sch\u00fclerinnen und Sch\u00fcler Aspekte rund um die Familie.<\/p>\n","protected":false},"featured_media":36155,"template":"","meta":{"_acf_changed":false},"product_brand":[],"product_cat":[181],"product_tag":[97,129],"class_list":{"0":"post-26770","1":"product","2":"type-product","3":"status-publish","4":"has-post-thumbnail","6":"product_cat-interaktives-arbeitsheft","7":"product_tag-subject-grundschule","8":"product_tag-target-gru","10":"first","11":"instock","12":"taxable","13":"shipping-taxable","14":"purchasable","15":"product-type-variable"},"acf":{"subtitle":"Familie","article_id":"55507099","languages":"DE","thumb_up":false,"cover_image":29543,"linked_product":11794,"linked_products":null,"banner":{"show":false,"text":"","color":""},"length":"","content_movie":"","learning_goals":"","preview_gif":"","trailer":{"file":"","url":"","image":""},"mediathek_id":"","amount":50,"demo_url":"https:\/\/www.interaktive-arbeitshefte.de\/de\/h5p\/35618\/embed","h5p_demo_id":"","content_interactive":"Meine Familie\r\nIch beschreibe die Mitglieder meiner Familie\r\nDas bin ich\r\nDas kann ich gut, das macht mich besonders!\r\nDas mach ich gern!\r\nZusammen wohnen - Puzzle\r\nWen deiner Familie oder Verwandtschaft siehst du wie oft?\r\nWelche Familienbilder passen zusammen? - Finde die Bildpaare!\r\nErstelle einen Stammbaum\r\nUnser Familiensteckbrief\r\nBeschreibe die Familie eines anderen Kindes\r\nSo wohnen wir\r\nEin Kinderzimmer - Puzzle\r\nWie sieht dein Kinderzimmer aus?\r\nWie sieht eure K\u00fcche aus?\r\nWie sieht euer Badezimmer aus?\r\nWie sieht euer Wohnzimmer aus?\r\nWie m\u00f6chtest du wohnen?\r\nBezeichnung der Familienmitglieder - Vater, Mutter, Sohn und Tochter\r\nBezeichnung der Familienmitglieder - Onkel und Tante\r\nBezeichnung der Familienmitglieder - Neffe und Nichte\r\nBezeichnung der Familienmitglieder - Oma und Opa\r\nVater, Mutter, Sohn und Tochter: Ordne die Benennungen zu\r\nBruder und Schwester: Ordne die Benennungen zu\r\nOnkel, Tante und Cousine: Ordne die Benennungen zu\r\nOma und Opa: Ordne die Benennungen zu\r\nFamilienmitglieder: H\u00f6re genau zu und finde das passende Bild\r\nSind das Familien?\r\nFinde die Familien hinter den Fenstern!\r\nWas ist eine Familie? - Die vielen M\u00f6glichkeiten des Zusammenlebens\r\nBeschreibe den Familientyp in deinen eigenen Worten\r\nFamilientypen - Finde die Bildpaare\r\nWer kommt zu deinem Geburtstag?\r\nFamilienmitglieder - Finde die Bildpaare\r\nOrdne die Familienverh\u00e4ltnisse - \u00dcbung 1\r\nOrdne die Familienverh\u00e4ltnisse - \u00dcbung 2\r\nFamilienkonstellationen: Richtig oder falsch?\r\nWie hei\u00dfen die Familienmitglieder? - Trage ein.\r\nGib den Familienmitgliedern den richtigen Namen\r\nWas bedeutet die Familienbezeichnung? - Ordne zu\r\nKannst du die Familienverh\u00e4ltnisse richtig zuordnen? - Trage ein\r\nFamilienmitglieder - Suchsel\r\nWelches Familienmitglied hat welches Hobby? - Ordne zu\r\nWelche W\u00fcnsche hast du an deine Familie?\r\nWomit willst du deine Familienmitglieder positiv \u00fcberraschen?\r\nWer in deiner Familie hat welche Aufgaben?\r\nWelche Aufgaben zuhause \u00fcbernimmst du?\r\nWer \u00fcbernimmt zuhause diese spezielle Aufgaben?\r\nErstelle einen Haushaltsgutschein\r\nRegeln in der Familie","hide_numbers":false,"flyer":"","info_columns":null},"_links":{"self":[{"href":"https:\/\/www.medienlb.com\/en\/wp-json\/wp\/v2\/product\/26770","targetHints":{"allow":["GET"]}}],"collection":[{"href":"https:\/\/www.medienlb.com\/en\/wp-json\/wp\/v2\/product"}],"about":[{"href":"https:\/\/www.medienlb.com\/en\/wp-json\/wp\/v2\/types\/product"}],"acf:post":[{"embeddable":true,"href":"https:\/\/www.medienlb.com\/en\/wp-json\/wp\/v2\/product\/11794"}],"wp:featuredmedia":[{"embeddable":true,"href":"https:\/\/www.medienlb.com\/en\/wp-json\/wp\/v2\/media\/36155"}],"wp:attachment":[{"href":"https:\/\/www.medienlb.com\/en\/wp-json\/wp\/v2\/media?parent=26770"}],"wp:term":[{"taxonomy":"product_brand","embeddable":true,"href":"https:\/\/www.medienlb.com\/en\/wp-json\/wp\/v2\/product_brand?post=26770"},{"taxonomy":"product_cat","embeddable":true,"href":"https:\/\/www.medienlb.com\/en\/wp-json\/wp\/v2\/product_cat?post=26770"},{"taxonomy":"product_tag","embeddable":true,"href":"https:\/\/www.medienlb.com\/en\/wp-json\/wp\/v2\/product_tag?post=26770"}],"curies":[{"name":"wp","href":"https:\/\/api.w.org\/{rel}","templated":true}]}}