{"id":26680,"date":"2025-01-06T07:51:58","date_gmt":"2025-01-06T07:51:58","guid":{"rendered":"https:\/\/www.medienlb.com\/?post_type=product&#038;p=26680"},"modified":"2026-01-15T16:03:18","modified_gmt":"2026-01-15T16:03:18","slug":"loewenzahn","status":"publish","type":"product","link":"https:\/\/www.medienlb.com\/en\/produkt\/loewenzahn\/","title":{"rendered":"L\u00f6wenzahn"},"content":{"rendered":"<p>L\u00f6wenzahn \u2013 auch unter den Namen Kuh- oder Teufelsblume bekannt, geh\u00f6rt zur Familie der Korbbl\u00fctler. Kennzeichnend f\u00fcr die mehrj\u00e4hrige Pflanze sind seine leuchtend gelben Bl\u00fcten, die sich sp\u00e4ter in fliegende wei\u00dfe Schirmchen verwandeln und auf diese Weise u.a. ihre Samen verbreiten.<br \/>\nDer Film zeigt systematisch den Aufbau der robusten Pflanze, ihren Lebenszyklus und ihre Verbreitung. Er gibt Auskunft \u00fcber die vielseitige Verwendung als Futterpflanze, Nahrungsquelle f\u00fcr Insekten und den Einsatz in der Medizin und K\u00fcche.<\/p>\n<p>Interaktive Aufgaben, Testfragen und Glossar wurden mit H5P erstellt und k\u00f6nnen ohne weitere Software verwendet werden.<\/p>\n","protected":false},"excerpt":{"rendered":"<p>L\u00f6wenzahn \u2013 auch unter den Namen Kuh- oder Teufelsblume bekannt geh\u00f6rt zur Familie der Korbbl\u00fctler.<\/p>\n","protected":false},"featured_media":26695,"template":"","meta":{"_acf_changed":false},"product_brand":[],"product_cat":[70],"product_tag":[97,129],"class_list":{"0":"post-26680","1":"product","2":"type-product","3":"status-publish","4":"has-post-thumbnail","6":"product_cat-film","7":"product_tag-subject-grundschule","8":"product_tag-target-gru","9":"product_shipping_class-dvd-versand","11":"first","12":"instock","13":"taxable","14":"shipping-taxable","15":"purchasable","16":"product-type-variable"},"acf":{"subtitle":"Aufbau, Verbreitung, Besonderheiten","article_id":"46505554 \/ 55506899","languages":"DE","thumb_up":false,"cover_image":27641,"linked_product":11734,"linked_products":null,"banner":{"show":true,"text":"","color":""},"length":"14:41 min","content_movie":"Gesamtes Begleitmaterial: 66 Seiten\r\nArbeitsbl\u00e4tter: 20 Seiten\r\nTestaufgaben: 20 Seiten\r\nInteraktive Aufgaben: 10","learning_goals":"<ol>\r\n \t<li>Die Lernenden beschreiben die Merkmale des L\u00f6wenzahns.<\/li>\r\n \t<li>Die Lernenden reflektieren den Lebenszyklus der L\u00f6wenzahnpflanze.<\/li>\r\n \t<li>Die Lernenden diskutieren die Verwendungsm\u00f6glichkeiten des L\u00f6wenzahns.<\/li>\r\n<\/ol>","preview_gif":27531,"trailer":{"file":26690,"url":"","image":26692},"mediathek_id":856,"amount":"","demo_url":"","h5p_demo_id":"","content_interactive":"","hide_numbers":false,"flyer":"","info_columns":null},"_links":{"self":[{"href":"https:\/\/www.medienlb.com\/en\/wp-json\/wp\/v2\/product\/26680","targetHints":{"allow":["GET"]}}],"collection":[{"href":"https:\/\/www.medienlb.com\/en\/wp-json\/wp\/v2\/product"}],"about":[{"href":"https:\/\/www.medienlb.com\/en\/wp-json\/wp\/v2\/types\/product"}],"acf:post":[{"embeddable":true,"href":"https:\/\/www.medienlb.com\/en\/wp-json\/wp\/v2\/product\/11734"}],"wp:featuredmedia":[{"embeddable":true,"href":"https:\/\/www.medienlb.com\/en\/wp-json\/wp\/v2\/media\/26695"}],"wp:attachment":[{"href":"https:\/\/www.medienlb.com\/en\/wp-json\/wp\/v2\/media?parent=26680"}],"wp:term":[{"taxonomy":"product_brand","embeddable":true,"href":"https:\/\/www.medienlb.com\/en\/wp-json\/wp\/v2\/product_brand?post=26680"},{"taxonomy":"product_cat","embeddable":true,"href":"https:\/\/www.medienlb.com\/en\/wp-json\/wp\/v2\/product_cat?post=26680"},{"taxonomy":"product_tag","embeddable":true,"href":"https:\/\/www.medienlb.com\/en\/wp-json\/wp\/v2\/product_tag?post=26680"}],"curies":[{"name":"wp","href":"https:\/\/api.w.org\/{rel}","templated":true}]}}