{"id":26566,"date":"2024-10-28T10:23:53","date_gmt":"2024-10-28T10:23:53","guid":{"rendered":"https:\/\/www.medienlb.com\/?post_type=product&#038;p=26566"},"modified":"2025-01-31T10:35:43","modified_gmt":"2025-01-31T10:35:43","slug":"senseboxedu-s2","status":"publish","type":"product","link":"https:\/\/www.medienlb.com\/en\/produkt\/senseboxedu-s2\/","title":{"rendered":"senseBox:edu S2"},"content":{"rendered":"<div class=\"markdown-container\">\n<p>Die senseBox:edu S2 ist die n\u00e4chste Generation der senseBox:edu. Wie die Vorg\u00e4ngerversionen ist sie speziell f\u00fcr den Bildungsbereich konzipiert. Die S2 bietet einen erweiterten Hardwareumfang, um noch mehr Vielfalt in Projekten und Experimenten zu erm\u00f6glichen. Der senseBox MCU S2 Mikrocontroller hat zudem viele Komponenten direkt auf dem Board integriert, wie eine RGB-LED, einen Akkuladeregler f\u00fcr eine unkomplizierte und zuverl\u00e4ssige Stromversorgung sowie W-LAN und eine mSD-Karte zur Datenspeicherung, wodurch der Zusammenbau vereinfacht und zeitsparender gestaltet wird. Zudem sind ein Bluetooth-Bee zur Verwendung mit der Phyphox-App, eine LED-Matrix zur farblichen Darstellung und zur Vermittlung weiterer Konzepte aus der Informatik (z.B. Arrays) und ESP Now zur direkten Kommunikation zwischen mehreren MCUs S2 in der neuen senseBox:edu S2 als neue Features enthalten.<\/p>\n<p>Alles, was f\u00fcr den Einsatz im Unterricht ben\u00f6tigt wird, ist in einem robusten Kunststoffkoffer mit Schaumstoffeinlage untergebracht. Die Programmierung ist in senseBox-Blockly m\u00f6glich und Unterrichtsmaterialien sowie Anleitungen und Projekte stehen als Open Educational Resources (OER) frei zur Verf\u00fcgung.<\/p>\n<hr \/>\n<p>(Versandkosten je Bestellung \u20ac 4,90 innerhalb Deutschlands)<\/p>\n<\/div>\n<p>&nbsp;<\/p>\n<hr \/>\n<p>Link zu einer Sammlung von Beispiel-Videos: \u00a0 <a href=\"https:\/\/www.medienlb.com\/wp-content\/uploads\/2024\/10\/2024_10_28-Sensu-LINKS-1.pdf\" target=\"_blank\" rel=\"noopener\"><img loading=\"lazy\" decoding=\"async\" class=\"alignnone wp-image-26581 size-medium\" src=\"https:\/\/www.medienlb.com\/wp-content\/uploads\/2024\/10\/LINKs-300x69.png\" alt=\"\" width=\"300\" height=\"69\" srcset=\"https:\/\/www.medienlb.com\/wp-content\/uploads\/2024\/10\/LINKs-300x69.png 300w, https:\/\/www.medienlb.com\/wp-content\/uploads\/2024\/10\/LINKs-1024x237.png 1024w, https:\/\/www.medienlb.com\/wp-content\/uploads\/2024\/10\/LINKs-768x178.png 768w, https:\/\/www.medienlb.com\/wp-content\/uploads\/2024\/10\/LINKs.png 1235w\" sizes=\"auto, (max-width: 300px) 100vw, 300px\" \/><\/a><\/p>\n<hr \/>\n<p><span style=\"color: #3366ff;\"><span style=\"color: #333333;\">Link zum Hersteller:\u00a0 <a href=\"https:\/\/sensebox.de\/\" target=\"_blank\" rel=\"noopener\"><img loading=\"lazy\" decoding=\"async\" class=\"alignnone size-full wp-image-26579\" src=\"https:\/\/www.medienlb.com\/wp-content\/uploads\/2024\/10\/Hersteller_SenseBox.png\" alt=\"\" width=\"246\" height=\"85\" \/><\/a><\/span><\/span><\/p>\n<hr \/>\n<p><span style=\"color: #3366ff;\"><span style=\"color: #333333;\">Links zu Lernkarten: \u00a0 \u00a0 <a href=\"https:\/\/sensebox.de\/de\/lernkarten-s2\" target=\"_blank\" rel=\"noopener\"><img loading=\"lazy\" decoding=\"async\" class=\"alignnone wp-image-26588\" src=\"https:\/\/www.medienlb.com\/wp-content\/uploads\/2024\/10\/Lernkarten-300x108.jpg\" alt=\"\" width=\"200\" height=\"72\" srcset=\"https:\/\/www.medienlb.com\/wp-content\/uploads\/2024\/10\/Lernkarten-300x108.jpg 300w, https:\/\/www.medienlb.com\/wp-content\/uploads\/2024\/10\/Lernkarten.jpg 606w\" sizes=\"auto, (max-width: 200px) 100vw, 200px\" \/><\/a><\/span><\/span><\/p>\n<hr \/>\n<p>Links zu Projekten: \u00a0 \u00a0 <a href=\"https:\/\/sensebox.de\/de\/projects.html\" target=\"_blank\" rel=\"noopener\"><img loading=\"lazy\" decoding=\"async\" class=\"alignnone wp-image-26594\" src=\"https:\/\/www.medienlb.com\/wp-content\/uploads\/2024\/10\/Projekte_link-300x157.png\" alt=\"\" width=\"147\" height=\"77\" srcset=\"https:\/\/www.medienlb.com\/wp-content\/uploads\/2024\/10\/Projekte_link-300x157.png 300w, https:\/\/www.medienlb.com\/wp-content\/uploads\/2024\/10\/Projekte_link.png 545w\" sizes=\"auto, (max-width: 147px) 100vw, 147px\" \/><\/a><\/p>\n<p>&nbsp;<\/p>\n<p>&nbsp;<\/p>\n","protected":false},"excerpt":{"rendered":"<p>Die Umwelt wissenschaftlich beforschen und dabei spielerisch Programmieren lernen!<\/p>\n<p>&nbsp;<\/p>\n","protected":false},"featured_media":26568,"template":"","meta":{"_acf_changed":false},"product_brand":[],"product_cat":[75],"product_tag":[],"class_list":{"0":"post-26566","1":"product","2":"type-product","3":"status-publish","4":"has-post-thumbnail","6":"product_cat-hardware","8":"first","9":"instock","10":"taxable","11":"shipping-taxable","12":"purchasable","13":"product-type-variable"},"acf":{"subtitle":"Die Umwelt beforschen und dabei spielerisch Programmieren lernen!","article_id":"MS_34","languages":"","thumb_up":false,"cover_image":"","linked_product":15906,"linked_products":null,"banner":{"show":true,"text":"","color":""},"length":"","content_movie":"","learning_goals":"","preview_gif":"","trailer":{"file":"","url":"","image":""},"mediathek_id":"","amount":"","demo_url":"","h5p_demo_id":"","content_interactive":"","hide_numbers":false,"flyer":"","info_columns":[{"heading":"Lieferumfang","content":"<a href=\"https:\/\/www.medienlb.com\/wp-content\/uploads\/2024\/10\/sens2-Inhalt.jpg\" target=\"_blank\" rel=\"noopener\"><img class=\"alignnone size-medium wp-image-26576\" src=\"https:\/\/www.medienlb.com\/wp-content\/uploads\/2024\/10\/sens2-Inhalt-167x300.jpg\" alt=\"\" width=\"167\" height=\"300\" \/><\/a>"},{"heading":"Programmierung","content":"Die senseBox:edu kann sowohl mit einer <a href=\"https:\/\/blockly-react.netlify.app\/\">grafischen Programmieroberfl\u00e4che<\/a> (webbasiert, - es muss nichts installiert werden) als auch mit einer textbasierten Programmieroberfl\u00e4che (Arduino) programmiert werden. Die Anwendung setzt folglich keine Kenntnisse im Bereich der Informatik voraus und ist in vielen weiteren Kontexten einsetzbar, insbesondere im MINT-Bereich. Dar\u00fcber hinaus k\u00f6nnen eigene Projektideen umgesetzt und selbst formulierte Hypothesen auf Grundlage eigener Messdaten best\u00e4tigt oder widerlegt und so der gesamte naturwissenschaftliche Erkenntnisgang beschritten werden.\r\n\r\n<hr \/>\r\n\r\nBei einer Bestellung ab 10 senseBox:edu S2 erhalten Sie gratis einen Transportkoffer dazu.\r\n<img class=\"alignnone size-medium wp-image-26603\" src=\"https:\/\/www.medienlb.com\/wp-content\/uploads\/2024\/10\/Koffer-300x231.png\" alt=\"\" width=\"300\" height=\"231\" \/>"},{"heading":"F\u00e4cher\u00fcbergreifend f\u00fcr MINT","content":"<ul>\r\n \t<li>Abstrakte und logische Denkweisen werden geschult sowie selbst gewonnene Daten mittels mathematischer Methoden visualisiert und ausgewertet.<\/li>\r\n \t<li>Durch einfache Programmierbefehle in einer benutzerfreundlichen und anschaulichen Entwicklungsumgebung k\u00f6nnen die Grundlagen der Programmierung erlernt sowie diese Kenntnisse fortlaufend bis zur komplexen Programmierung erweitert werden.<\/li>\r\n \t<li>Umweltph\u00e4nomene werden durch die Erkenntnismethode des Messens erfahrbar und die station\u00e4r oder mobil erfassten Daten eignen sich zur Analyse und zum Verst\u00e4ndnis verschiedener Umwelterscheinungen.<\/li>\r\n \t<li>Technische Vorg\u00e4nge werden differenziert erfasst sowie Kenntnisse im Bereich der Funktions- und Wirkungsprinzipien technischer Systeme, die zur Bew\u00e4ltigung von Alltagsproblemen beitragen, gef\u00f6rdert.<\/li>\r\n \t<li>Selbst formulierte Hypothesen k\u00f6nnen auf Grundlage eigener Messdaten best\u00e4tigt oder widerlegt und so der gesamte naturwissenschaftliche Erkenntnisgang beschritten werden.<\/li>\r\n<\/ul>"}]},"_links":{"self":[{"href":"https:\/\/www.medienlb.com\/en\/wp-json\/wp\/v2\/product\/26566","targetHints":{"allow":["GET"]}}],"collection":[{"href":"https:\/\/www.medienlb.com\/en\/wp-json\/wp\/v2\/product"}],"about":[{"href":"https:\/\/www.medienlb.com\/en\/wp-json\/wp\/v2\/types\/product"}],"acf:post":[{"embeddable":true,"href":"https:\/\/www.medienlb.com\/en\/wp-json\/wp\/v2\/product\/15906"}],"wp:featuredmedia":[{"embeddable":true,"href":"https:\/\/www.medienlb.com\/en\/wp-json\/wp\/v2\/media\/26568"}],"wp:attachment":[{"href":"https:\/\/www.medienlb.com\/en\/wp-json\/wp\/v2\/media?parent=26566"}],"wp:term":[{"taxonomy":"product_brand","embeddable":true,"href":"https:\/\/www.medienlb.com\/en\/wp-json\/wp\/v2\/product_brand?post=26566"},{"taxonomy":"product_cat","embeddable":true,"href":"https:\/\/www.medienlb.com\/en\/wp-json\/wp\/v2\/product_cat?post=26566"},{"taxonomy":"product_tag","embeddable":true,"href":"https:\/\/www.medienlb.com\/en\/wp-json\/wp\/v2\/product_tag?post=26566"}],"curies":[{"name":"wp","href":"https:\/\/api.w.org\/{rel}","templated":true}]}}