{"id":26521,"date":"2024-10-18T11:44:14","date_gmt":"2024-10-18T11:44:14","guid":{"rendered":"https:\/\/www.medienlb.com\/?post_type=product&#038;p=26521"},"modified":"2025-12-17T07:22:13","modified_gmt":"2025-12-17T07:22:13","slug":"grundschule-1","status":"publish","type":"product","link":"https:\/\/www.medienlb.com\/en\/produkt\/grundschule-1\/","title":{"rendered":"In der Schule"},"content":{"rendered":"<p>In 50 interaktiven Aufgaben wird f\u00fcr Sch\u00fclerinnen der 1. Jahrgangsstufe die Schule, der Schulweg und das richtige Verhalten im Klassenzimmer auf spielerische Weise einge\u00fcbt.<\/p>\n<p>Die Aufgaben wurden mit H5P erstellt und sind ohne zus\u00e4tzliche Software anwendbar. Sie dienen der Wissensvermittlung, der Wissensvertiefung und zur Lernabfrage gleicherma\u00dfen.<br \/>\nAufgrund der unterschiedlichen Aufgabentypen bleiben Motivation und Lerneffekt hoch. Lernen macht jetzt Spa\u00df!<\/p>\n","protected":false},"excerpt":{"rendered":"<p>In 50 interaktiven Aufgaben wird f\u00fcr Sch\u00fclerinnen der 1. Jahrgangsstufe die Schule, der Schulweg und das richtige Verhalten im Klassenzimmer einge\u00fcbt.<\/p>\n","protected":false},"featured_media":36157,"template":"","meta":{"_acf_changed":false},"product_brand":[],"product_cat":[181],"product_tag":[97,129],"class_list":{"0":"post-26521","1":"product","2":"type-product","3":"status-publish","4":"has-post-thumbnail","6":"product_cat-interaktives-arbeitsheft","7":"product_tag-subject-grundschule","8":"product_tag-target-gru","10":"first","11":"instock","12":"taxable","13":"shipping-taxable","14":"purchasable","15":"product-type-variable"},"acf":{"subtitle":"Grundschule, Vol. 1","article_id":"55506900","languages":"DE","thumb_up":false,"cover_image":29763,"linked_product":12172,"linked_products":null,"banner":{"show":true,"text":"","color":""},"length":"","content_movie":"","learning_goals":"","preview_gif":"","trailer":{"file":"","url":"","image":""},"mediathek_id":"","amount":50,"demo_url":"","h5p_demo_id":118,"content_interactive":"Erster Schultag - Was steckt wohl in der Schult\u00fcte?\r\nKlassenzimmervergleich\r\nSchule vor \u00fcber 100 Jahren\r\nWas darfst du im Unterricht?\r\nWas darfst du im Unterricht nicht?\r\nUnsere F\u00e4cher und Fachr\u00e4ume\r\nSchulsachen\r\nSchulsachen finden - Bildauswahl\r\nWelche Objekte geh\u00f6ren im Klassenzimmer zusammen?\r\nMeine ersten Schultage - Interaktives Buch\r\nLi Ma Mo Le Su Ide stellen sich vor- Interaktive Seite\r\nLe, Ide, Su, Li, Ma, Mo Namen zuordnen\r\nLe, Ide, Su, Li, Ma, Mo - Puzzle\r\nWas wir in unserem Klassenzimmer tun! - Interaktive Infokarte\r\nGef\u00fchle wahrnehmen\r\nGef\u00fchle zuordnen\r\nWas tun wir in der Pause? - Interaktive Infokarte\r\nIn der Pause - Puzzle (leicht)\r\nBeschreibe deinen Schulweg\r\nDer Schulweg von Ide\r\nDer Schulweg von Mo\r\nDer Schulweg von Le\r\nDer Schulweg von Li\r\nDer Schulweg von Su\r\nFinde den Zebrastreifen\r\nFinde den Park\r\nFinde die Schule\r\nFinde die Kirche\r\nGeb\u00e4ude auf dem Schulweg\r\nVerhalten an der Fu\u00dfg\u00e4ngerampel\r\nDie Ampellichter\r\nIm Dunklen die Stra\u00dfe \u00fcberqueren\r\nVerhalten am Zebrastreifen\r\nZebrastreifenschild - Puzzle\r\nWo kommst du im Bild sicher \u00fcber die Stra\u00dfe?\r\nDie Stra\u00dfe \u00fcberqueren\r\nSchulweg - Puzzle\r\nFeriengarten - Puzzle\r\nErz\u00e4hle von deinen Sommerferien\r\nWas reflektiert Licht sehr?\r\nWas sieht man gut im Dunklen?\r\nWarnweste - Puzzle\r\nDeine Warnweste\r\nExperiment: Licht im Karton\r\nLichtleuchten - Finde die Bildpaare\r\nSchullandschaftsweg - Puzzle\r\nWo ist Licht?\r\nTag und Nacht entdecken\r\nTippe auf die Lichter\r\nSchattenspringen im Freien","hide_numbers":false,"flyer":"","info_columns":null},"_links":{"self":[{"href":"https:\/\/www.medienlb.com\/en\/wp-json\/wp\/v2\/product\/26521","targetHints":{"allow":["GET"]}}],"collection":[{"href":"https:\/\/www.medienlb.com\/en\/wp-json\/wp\/v2\/product"}],"about":[{"href":"https:\/\/www.medienlb.com\/en\/wp-json\/wp\/v2\/types\/product"}],"acf:post":[{"embeddable":true,"href":"https:\/\/www.medienlb.com\/en\/wp-json\/wp\/v2\/product\/12172"}],"wp:featuredmedia":[{"embeddable":true,"href":"https:\/\/www.medienlb.com\/en\/wp-json\/wp\/v2\/media\/36157"}],"wp:attachment":[{"href":"https:\/\/www.medienlb.com\/en\/wp-json\/wp\/v2\/media?parent=26521"}],"wp:term":[{"taxonomy":"product_brand","embeddable":true,"href":"https:\/\/www.medienlb.com\/en\/wp-json\/wp\/v2\/product_brand?post=26521"},{"taxonomy":"product_cat","embeddable":true,"href":"https:\/\/www.medienlb.com\/en\/wp-json\/wp\/v2\/product_cat?post=26521"},{"taxonomy":"product_tag","embeddable":true,"href":"https:\/\/www.medienlb.com\/en\/wp-json\/wp\/v2\/product_tag?post=26521"}],"curies":[{"name":"wp","href":"https:\/\/api.w.org\/{rel}","templated":true}]}}