{"id":26440,"date":"2024-10-04T09:47:38","date_gmt":"2024-10-04T09:47:38","guid":{"rendered":"https:\/\/www.medienlb.com\/?post_type=product&#038;p=26440"},"modified":"2025-12-17T07:33:53","modified_gmt":"2025-12-17T07:33:53","slug":"grundschule-1-4-vol-2","status":"publish","type":"product","link":"https:\/\/www.medienlb.com\/en\/produkt\/grundschule-1-4-vol-2\/","title":{"rendered":"Grundschule 1-4, Vol. 2"},"content":{"rendered":"<p>In\u00a050\u00a0interaktiven Aufgaben wird Sch\u00fclerinnen und Sch\u00fclern der\u00a01. bis 4. Jahrgangsstufe das Thema Herbst von unterschiedlichen Seiten beleuchtet.<br \/>\nUnterschiedliche Aufgabentypen f\u00f6rdern Lesef\u00e4higkeit und Verstehen, Logik und Motorik.<\/p>\n<p>Die Aufgaben wurden mit H5P erstellt und sind ohne zus\u00e4tzliche Software anwendbar. Sie dienen der Wissensvermittlung, der Wissensvertiefung und zur Lernabfrage gleicherma\u00dfen.<br \/>\nAufgrund der unterschiedlichen Aufgabentypen bleiben Motivation und Lerneffekt hoch. Lernen macht jetzt Spa\u00df!<\/p>\n","protected":false},"excerpt":{"rendered":"<p>In\u00a050\u00a0interaktiven Aufgaben wird Sch\u00fclerinnen und Sch\u00fclern der\u00a01. bis 4. Jahrgangsstufe das Thema Herbst von unterschiedlichen Seiten beleuchtet.<\/p>\n","protected":false},"featured_media":36165,"template":"","meta":{"_acf_changed":false},"product_brand":[],"product_cat":[181],"product_tag":[97,129],"class_list":{"0":"post-26440","1":"product","2":"type-product","3":"status-publish","4":"has-post-thumbnail","6":"product_cat-interaktives-arbeitsheft","7":"product_tag-subject-grundschule","8":"product_tag-target-gru","10":"first","11":"instock","12":"taxable","13":"shipping-taxable","14":"purchasable","15":"product-type-variable"},"acf":{"subtitle":"Herbst","article_id":"55506934","languages":"DE","thumb_up":false,"cover_image":29767,"linked_product":6714,"linked_products":null,"banner":{"show":true,"text":"","color":""},"length":"","content_movie":"","learning_goals":"","preview_gif":"","trailer":{"file":"","url":"","image":""},"mediathek_id":"","amount":50,"demo_url":"","h5p_demo_id":119,"content_interactive":"Herbst - Was f\u00e4llt dir zum Herbst ein?\r\nHerbst - Fragen zum Herbst\r\nHerbst \u2013 Puzzle\r\nHerbst - Male ein Herbstbild\r\nHerbst - Bildpaare finden\r\nHerbst - Finde das Bild zur Beschreibung\r\nHerbst - Was passt zusammen?\r\nHerbst - Vom Samen zum Baum\r\nHerbst - Laubblattnamen kennenlernen\r\nHerbst - Laubblatt erkennen\r\nHerbst - Laubbl\u00e4tterpuzzle\r\nHerbst - Ein Baum ver\u00e4ndert sich\r\nHerbst - W\u00e4hle die Pilze aus\r\nHerbst - Feste im Herbst\r\nHerbst - Tippe jedes Gem\u00fcse an\r\nHerbst - Gem\u00fcse kennenlernen\r\nHerbst - Gem\u00fcsepuzzle\r\nHerbst - Welches Gem\u00fcse isst du gerne?\r\nHerbst - Wie hei\u00dft das Gem\u00fcse?\r\nHerbst - Kastanienfiguren herstellen\r\nHerbst - Tiere, die im Winter bleiben\r\nHerbst - Finde die Gem\u00fcsenamen\r\nHerbst - Finde die Baumnamen\r\nHerbst - Obst im Herbst\r\nHerbst - Ordne die Frucht zu\r\nHerbst - Welche Frucht siehst du?\r\nHerbst - Finde die Fruchtbildpaare\r\nHerbst - Welches Obst magst du am liebsten?\r\nHerbst - Ein Baum im Jahr\r\nHerbst - Ein Baum im Sommer und Herbst\r\nHerbst - Blatt und Frucht zusammenf\u00fchren\r\nHerbst - W\u00e4hle B\u00e4ume mit Fr\u00fcchten aus\r\nHerbst - Was kann aus B\u00e4umen gemacht werden?\r\nHerbst - Flugfrucht Ahorn\r\nHerbst - Flugfrucht Ahorn untersuchen\r\nHerbst - Flugfrucht Ahorn nachbauen\r\nHerbst - Flugfrucht L\u00f6wenzahn\r\nHerbst - Flugfrucht L\u00f6wenzahn untersuchen\r\nHerbst - Flugfrucht L\u00f6wenzahn nachbauen\r\nHerbst - Was fliegt sanft zur Erde?\r\nHerbst - Deine Flugerfahrungen\r\nHerbst - Findest du die \u00c4pfel?\r\nHerbst - Findest du die Fehler im rechten Bild?\r\nHerbst - Den Apfel entdecken\r\nHerbst - Apfelpuzzle\r\nHerbst - Finde die Apfelbildpaare\r\nHerbst - Kreislauf des Apfels\r\nHerbst - Vom Apfelkern zum Apfel\r\nHerbst - Finde den leckersten Apfel\r\nHerbst - Leckere Apfelprodukte","hide_numbers":false,"flyer":"","info_columns":null},"_links":{"self":[{"href":"https:\/\/www.medienlb.com\/en\/wp-json\/wp\/v2\/product\/26440","targetHints":{"allow":["GET"]}}],"collection":[{"href":"https:\/\/www.medienlb.com\/en\/wp-json\/wp\/v2\/product"}],"about":[{"href":"https:\/\/www.medienlb.com\/en\/wp-json\/wp\/v2\/types\/product"}],"acf:post":[{"embeddable":true,"href":"https:\/\/www.medienlb.com\/en\/wp-json\/wp\/v2\/product\/6714"}],"wp:featuredmedia":[{"embeddable":true,"href":"https:\/\/www.medienlb.com\/en\/wp-json\/wp\/v2\/media\/36165"}],"wp:attachment":[{"href":"https:\/\/www.medienlb.com\/en\/wp-json\/wp\/v2\/media?parent=26440"}],"wp:term":[{"taxonomy":"product_brand","embeddable":true,"href":"https:\/\/www.medienlb.com\/en\/wp-json\/wp\/v2\/product_brand?post=26440"},{"taxonomy":"product_cat","embeddable":true,"href":"https:\/\/www.medienlb.com\/en\/wp-json\/wp\/v2\/product_cat?post=26440"},{"taxonomy":"product_tag","embeddable":true,"href":"https:\/\/www.medienlb.com\/en\/wp-json\/wp\/v2\/product_tag?post=26440"}],"curies":[{"name":"wp","href":"https:\/\/api.w.org\/{rel}","templated":true}]}}