{"id":26416,"date":"2024-09-30T09:33:57","date_gmt":"2024-09-30T09:33:57","guid":{"rendered":"https:\/\/www.medienlb.com\/?post_type=product&#038;p=26416"},"modified":"2025-02-07T13:42:55","modified_gmt":"2025-02-07T13:42:55","slug":"wasserknappheit","status":"publish","type":"product","link":"https:\/\/www.medienlb.com\/en\/produkt\/wasserknappheit\/","title":{"rendered":"Wasserknappheit"},"content":{"rendered":"<p>Wasserknappheit ist ein globale Problem. Versch\u00e4rft wird es durch das starke Bev\u00f6lkerungswachstum, den Klimawandel und ineffiziente Wassernutzung. D\u00fcrren und die Verringerung der Verf\u00fcgbarkeit von Trinkwasser sind u.a. die Folge.<\/p>\n<p>Der Film gibt Aufkl\u00e4rung \u00fcber die Ressource Wasser und dessen Verf\u00fcgbarkeit. Ein Fokus liegt hierbei auf dem virtuellen Wasserverbrauch. Des Weiteren zeigt der Film die \u00f6kologischen und sozialen Herausforderungen, die durch die Wasserknappheit entstehen. Er sensibilisiert die Lernenden mit Blick auf die Reduzierung des Wasserfu\u00dfabdrucks und zeigt ihnen L\u00f6sungen, die sie die Zusammenh\u00e4nge verstehen lassen und zum Handeln aufrufen.<\/p>\n<p>&nbsp;<\/p>\n<p>Interaktive Aufgaben, Testfragen und Glossar wurden mit H5P erstellt und k\u00f6nnen ohne weitere Software verwendet werden.<\/p>\n","protected":false},"excerpt":{"rendered":"<p>Wasserknappheit ist ein globale Problem. Versch\u00e4rft wird es durch das starke Bev\u00f6lkerungswachstum, den Klimawandel und ineffiziente Wassernutzung.<\/p>\n","protected":false},"featured_media":26430,"template":"","meta":{"_acf_changed":false},"product_brand":[],"product_cat":[70],"product_tag":[91,125],"class_list":{"0":"post-26416","1":"product","2":"type-product","3":"status-publish","4":"has-post-thumbnail","6":"product_cat-film","7":"product_tag-subject-geografie","8":"product_tag-target-sek-i","9":"product_shipping_class-dvd-versand","11":"first","12":"instock","13":"taxable","14":"shipping-taxable","15":"purchasable","16":"product-type-variable"},"acf":{"subtitle":"Verbrauch und Verf\u00fcgbarkeit von Wasser","article_id":"46505351 \/ 55505965","languages":"DE","thumb_up":false,"cover_image":27657,"linked_product":9058,"linked_products":null,"banner":{"show":true,"text":"","color":""},"length":"15:13 min","content_movie":"Gesamtes Begleitmaterial: 76 Seiten\r\nArbeitsbl\u00e4tter: 20 Seiten\r\nTestaufgaben: 20 Seiten\r\nInteraktive Aufgaben: 10","learning_goals":"&nbsp;\r\n<ol>\r\n \t<li>Die Lernenden erl\u00e4utern die Situation der Wasserknappheit.<\/li>\r\n \t<li>Die Lernenden definieren Fachbegriffe wie virtueller Wasserverbrauch, Desertifikation, usw.<\/li>\r\n \t<li>Die Lernenden reflektieren ihr Verhalten im Umgang mit der Ressource Wasser.<\/li>\r\n<\/ol>","preview_gif":26423,"trailer":{"file":26425,"url":"","image":26429},"mediathek_id":853,"amount":"","demo_url":"","h5p_demo_id":"","content_interactive":"","hide_numbers":false,"flyer":"","info_columns":null},"_links":{"self":[{"href":"https:\/\/www.medienlb.com\/en\/wp-json\/wp\/v2\/product\/26416","targetHints":{"allow":["GET"]}}],"collection":[{"href":"https:\/\/www.medienlb.com\/en\/wp-json\/wp\/v2\/product"}],"about":[{"href":"https:\/\/www.medienlb.com\/en\/wp-json\/wp\/v2\/types\/product"}],"acf:post":[{"embeddable":true,"href":"https:\/\/www.medienlb.com\/en\/wp-json\/wp\/v2\/product\/9058"}],"wp:featuredmedia":[{"embeddable":true,"href":"https:\/\/www.medienlb.com\/en\/wp-json\/wp\/v2\/media\/26430"}],"wp:attachment":[{"href":"https:\/\/www.medienlb.com\/en\/wp-json\/wp\/v2\/media?parent=26416"}],"wp:term":[{"taxonomy":"product_brand","embeddable":true,"href":"https:\/\/www.medienlb.com\/en\/wp-json\/wp\/v2\/product_brand?post=26416"},{"taxonomy":"product_cat","embeddable":true,"href":"https:\/\/www.medienlb.com\/en\/wp-json\/wp\/v2\/product_cat?post=26416"},{"taxonomy":"product_tag","embeddable":true,"href":"https:\/\/www.medienlb.com\/en\/wp-json\/wp\/v2\/product_tag?post=26416"}],"curies":[{"name":"wp","href":"https:\/\/api.w.org\/{rel}","templated":true}]}}