{"id":26376,"date":"2024-09-25T13:23:23","date_gmt":"2024-09-25T13:23:23","guid":{"rendered":"https:\/\/www.medienlb.com\/?post_type=product&#038;p=26376"},"modified":"2025-02-07T13:42:59","modified_gmt":"2025-02-07T13:42:59","slug":"krieg-und-diplomatie","status":"publish","type":"product","link":"https:\/\/www.medienlb.com\/en\/produkt\/krieg-und-diplomatie\/","title":{"rendered":"Krieg und Diplomatie"},"content":{"rendered":"<p>2022 brachte eine von Bundeskanzler Olaf Scholz so benannte \u201eZeitenwende\u201c. Zum ersten Mal seit 1945 f\u00fchren zwei europ\u00e4ische Staaten einen Krieg gegeneinander.<\/p>\n<p>Was dies f\u00fcr die Sicherheitslage in Deutschland bedeutet, welche diplomatischen M\u00f6glichkeiten der Konfliktbeilegung es gibt, welche milit\u00e4rischen Notwendigkeiten entstehen, ist der Inhalt dieses Films.<\/p>\n<p>In zahlreichen Interviews mit Diplomaten, Politikerinnen und Politikern, Milit\u00e4rs und Konfliktforscherinnen wird der Ukrainekrieg aus den verschiedensten Sichtweisen analysiert und bewertet.<\/p>\n<p>&nbsp;<\/p>\n<p>Interaktive Aufgaben, Testfragen und Glossar wurden mit H5P erstellt und k\u00f6nnen ohne weitere Software verwendet werden.<\/p>\n<p>&nbsp;<\/p>\n<p>Lernziele:<\/p>\n<p>Die Lernenden analysieren einen vorgegebenen kriegerischen Konflikt.<\/p>\n<p>Die Lernenden vergleichen Konzepte des negativen und positiven Friedens.<\/p>\n<p>Die Lernenden bewerten Ma\u00dfnahmen der UNO zur Friedenssicherung.<\/p>\n","protected":false},"excerpt":{"rendered":"<p>2022 brachte eine von Bundeskanzler Olaf Scholz so benannte \u201eZeitenwende\u201c.<\/p>\n","protected":false},"featured_media":26387,"template":"","meta":{"_acf_changed":false},"product_brand":[],"product_cat":[70],"product_tag":[93,125,127],"class_list":{"0":"post-26376","1":"product","2":"type-product","3":"status-publish","4":"has-post-thumbnail","6":"product_cat-film","7":"product_tag-subject-politik-sozialkunde","8":"product_tag-target-sek-i","9":"product_tag-target-sek-ii","10":"product_shipping_class-dvd-versand","12":"first","13":"instock","14":"taxable","15":"shipping-taxable","16":"purchasable","17":"product-type-variable"},"acf":{"subtitle":"Au\u00dfenpolitische Herausforderungen","article_id":"46505338 \/ 55505952","languages":"DE","thumb_up":false,"cover_image":27659,"linked_product":10920,"linked_products":null,"banner":{"show":true,"text":"","color":""},"length":"31:16 min","content_movie":"Gesamtes Begleitmaterial: 61 Seiten\r\nArbeitsbl\u00e4tter: 20 Seiten\r\nTestaufgaben: 20 Seiten\r\nInteraktive Aufgaben: 10","learning_goals":"<ol>\r\n \t<li>Die Lernenden analysieren einen vorgegebenen kriegerischen Konflikt.<\/li>\r\n \t<li>Die Lernenden vergleichen Konzepte des negativen und positiven Friedens.<\/li>\r\n \t<li>Die Lernenden bewerten Ma\u00dfnahmen der UNO zur Friedenssicherung.<\/li>\r\n<\/ol>","preview_gif":26382,"trailer":{"file":26384,"url":"","image":26386},"mediathek_id":852,"amount":"","demo_url":"","h5p_demo_id":"","content_interactive":"","hide_numbers":false,"flyer":"","info_columns":null},"_links":{"self":[{"href":"https:\/\/www.medienlb.com\/en\/wp-json\/wp\/v2\/product\/26376","targetHints":{"allow":["GET"]}}],"collection":[{"href":"https:\/\/www.medienlb.com\/en\/wp-json\/wp\/v2\/product"}],"about":[{"href":"https:\/\/www.medienlb.com\/en\/wp-json\/wp\/v2\/types\/product"}],"acf:post":[{"embeddable":true,"href":"https:\/\/www.medienlb.com\/en\/wp-json\/wp\/v2\/product\/10920"}],"wp:featuredmedia":[{"embeddable":true,"href":"https:\/\/www.medienlb.com\/en\/wp-json\/wp\/v2\/media\/26387"}],"wp:attachment":[{"href":"https:\/\/www.medienlb.com\/en\/wp-json\/wp\/v2\/media?parent=26376"}],"wp:term":[{"taxonomy":"product_brand","embeddable":true,"href":"https:\/\/www.medienlb.com\/en\/wp-json\/wp\/v2\/product_brand?post=26376"},{"taxonomy":"product_cat","embeddable":true,"href":"https:\/\/www.medienlb.com\/en\/wp-json\/wp\/v2\/product_cat?post=26376"},{"taxonomy":"product_tag","embeddable":true,"href":"https:\/\/www.medienlb.com\/en\/wp-json\/wp\/v2\/product_tag?post=26376"}],"curies":[{"name":"wp","href":"https:\/\/api.w.org\/{rel}","templated":true}]}}