{"id":26344,"date":"2024-09-17T09:51:48","date_gmt":"2024-09-17T09:51:48","guid":{"rendered":"https:\/\/www.medienlb.com\/?post_type=product&#038;p=26344"},"modified":"2025-11-21T11:48:56","modified_gmt":"2025-11-21T11:48:56","slug":"ned2-bundle-von-niryo","status":"publish","type":"product","link":"https:\/\/www.medienlb.com\/en\/produkt\/ned2-bundle-von-niryo\/","title":{"rendered":"Ned2 &#8211; Discovery-Bundle"},"content":{"rendered":"<p>Der <strong>NED2 von <\/strong><strong>Niryo\u00a0<\/strong> ist ein kollaborativer Roboterarm mit 6 Achsen, der sowohl durch seine hohe Pr\u00e4zision als auch durch seine mechanische Leistung \u00fcberzeugt.<\/p>\n<hr \/>\n<p>Das <strong>DiscoveryBundle<\/strong> bietet ein ganzes \u00d6kosystem an Robotik: Der NED2 wir hierbei unter anderem mit <strong>vier Endeffektoren<\/strong> angeboten (ein adaptierbarer Greifer, ein gro\u00dfer Greifer, ein Vakuum-Greifer, ein E-Magnet-Greifer)<\/p>\n<hr \/>\n<p>Ein <strong>programmierbares F\u00f6rderband<\/strong> samt Lichtschranke, eine <strong>Kamera im Vision-Set<\/strong> und ein Not-Aus-Schalter erg\u00e4nzen den 6-achsigen Roboter zu einem kompletten Robotik-System, so k\u00f6nnen <strong>industrielle Produktionslinien<\/strong> aufgebaut werden und programmiert werden.<\/p>\n<hr \/>\n<p>Link zum <span style=\"color: #3366ff;\"><a style=\"color: #3366ff;\" href=\"https:\/\/www.medienlb.com\/produkt\/ned2-von-niryo\/\" target=\"_blank\" rel=\"noopener\"><strong>\u00a0Ned2<\/strong><\/a> <\/span>&#8211; ohne Bundle.<\/p>\n<hr \/>\n<p>Der angegebene Preis ist exklusive Versandkosten, diese werden auftragsspezifisch berechnet und angeboten.<\/p>\n<hr \/>\n<p>Hier die komplette <span style=\"color: #3366ff;\"><a style=\"color: #3366ff;\" href=\"https:\/\/www.medienlb.com\/wp-content\/uploads\/2025\/11\/2025_Juni-Niryo-MedienLB-Kunden-Preisliste-1.pdf\" target=\"_blank\" rel=\"noopener\">Preisliste mit LINKS<\/a><\/span> auf die Hersteller-Website:<\/p>\n<hr \/>\n<p>Link zur <span style=\"color: #3366ff;\"><a style=\"color: #3366ff;\" href=\"https:\/\/www.youtube.com\/@NiryoRobotics\" target=\"_blank\" rel=\"noopener\">Videosammlung<\/a><\/span><\/p>\n<hr \/>\n<p><span style=\"color: #3366ff;\"><span style=\"color: #333333;\">Link zum Hersteller: <a href=\"https:\/\/niryo.com\/\" target=\"_blank\" rel=\"noopener\"><span style=\"color: #3366ff;\">NIRYO<\/span><\/a><\/span> <\/span><\/p>\n<p>&nbsp;<\/p>\n<p>&nbsp;<\/p>\n","protected":false},"excerpt":{"rendered":"<p>Ein F\u00f6rderband, 2 weitere Greifer, ein Vakuum-Greifer, ein E-Magnet-Modul und eine Kamera erg\u00e4nzen den 6-achsigen Roboter und so k\u00f6nnen industrielle Produktionslinien nachbildet werden.<\/p>\n","protected":false},"featured_media":26326,"template":"","meta":{"_acf_changed":false},"product_brand":[],"product_cat":[75],"product_tag":[],"class_list":{"0":"post-26344","1":"product","2":"type-product","3":"status-publish","4":"has-post-thumbnail","6":"product_cat-hardware","8":"first","9":"instock","10":"taxable","11":"shipping-taxable","12":"purchasable","13":"product-type-variable"},"acf":{"subtitle":"....ganze industrielle Produktionslinien nachbilden","article_id":"MS_33","languages":"","thumb_up":false,"cover_image":"","linked_product":35055,"linked_products":null,"banner":{"show":true,"text":"","color":""},"length":"","content_movie":"","learning_goals":"","preview_gif":"","trailer":{"file":"","url":"","image":""},"mediathek_id":"","amount":"","demo_url":"","h5p_demo_id":"","content_interactive":"","hide_numbers":false,"flyer":35312,"info_columns":[{"heading":"Lieferumfang","content":"<img class=\"alignnone size-medium wp-image-26493\" src=\"https:\/\/www.medienlb.com\/wp-content\/uploads\/2024\/09\/Inhalt_Bundlef-196x300.png\" alt=\"\" width=\"196\" height=\"300\" \/>"},{"heading":"","content":"<a href=\"https:\/\/www.medienlb.com\/wp-content\/uploads\/2024\/09\/in-the-box-bundle-OK-1024x576-1.webp\" target=\"_blank\" rel=\"noopener\"><img class=\"alignnone wp-image-26495\" src=\"https:\/\/www.medienlb.com\/wp-content\/uploads\/2024\/09\/in-the-box-bundle-OK-1024x576-1-300x169.webp\" alt=\"\" width=\"540\" height=\"304\" \/><\/a>"},{"heading":"","content":"https:\/\/youtu.be\/RxlXeCLEwrE\r\n\r\nhttps:\/\/youtu.be\/MhgEQIVMIls"}]},"_links":{"self":[{"href":"https:\/\/www.medienlb.com\/en\/wp-json\/wp\/v2\/product\/26344","targetHints":{"allow":["GET"]}}],"collection":[{"href":"https:\/\/www.medienlb.com\/en\/wp-json\/wp\/v2\/product"}],"about":[{"href":"https:\/\/www.medienlb.com\/en\/wp-json\/wp\/v2\/types\/product"}],"acf:post":[{"embeddable":true,"href":"https:\/\/www.medienlb.com\/en\/wp-json\/wp\/v2\/product\/35055"}],"wp:featuredmedia":[{"embeddable":true,"href":"https:\/\/www.medienlb.com\/en\/wp-json\/wp\/v2\/media\/26326"}],"wp:attachment":[{"href":"https:\/\/www.medienlb.com\/en\/wp-json\/wp\/v2\/media?parent=26344"}],"wp:term":[{"taxonomy":"product_brand","embeddable":true,"href":"https:\/\/www.medienlb.com\/en\/wp-json\/wp\/v2\/product_brand?post=26344"},{"taxonomy":"product_cat","embeddable":true,"href":"https:\/\/www.medienlb.com\/en\/wp-json\/wp\/v2\/product_cat?post=26344"},{"taxonomy":"product_tag","embeddable":true,"href":"https:\/\/www.medienlb.com\/en\/wp-json\/wp\/v2\/product_tag?post=26344"}],"curies":[{"name":"wp","href":"https:\/\/api.w.org\/{rel}","templated":true}]}}