{"id":26171,"date":"2024-09-11T08:17:57","date_gmt":"2024-09-11T08:17:57","guid":{"rendered":"https:\/\/www.medienlb.com\/?post_type=product&#038;p=26171"},"modified":"2025-11-24T06:47:35","modified_gmt":"2025-11-24T06:47:35","slug":"franz-kafka","status":"publish","type":"product","link":"https:\/\/www.medienlb.com\/en\/produkt\/franz-kafka\/","title":{"rendered":"Franz Kafka"},"content":{"rendered":"<p>\u201eDer Prozess\u201c, \u201eDie Verwandlung\u201c, \u201eDas Urteil\u201c sind bekannte Werke Franz Kafkas (1883 \u2013 1924). Als Sohn eines j\u00fcdischen Kaufmanns beginnt er fr\u00fch seine Gedanken in Form des Tagebuchschreibens festzuhalten. Seine zentralen Themen sind der Konflikt mit dem Vater, Sexualit\u00e4t und Ehe, sein Beruf und seine j\u00fcdische Identit\u00e4t. Sein Stil, heute als kafkaesk bezeichnet, ist unverkennbar und grenzt f\u00fcr viele an Absurdit\u00e4t. Mit nur 40 Jahren stirbt Kafka an den Nachwirkungen einer Tuberkuloseerkrankung.<\/p>\n<p>Der Film zeichnet die Person, das Leben und Werk Kafkas im Kontext der Epoche eindrucksvoll nach.<\/p>\n<p>Interaktive Aufgaben, Testfragen und Glossar wurden mit H5P erstellt und k\u00f6nnen ohne weitere Software verwendet werden.<\/p>\n","protected":false},"excerpt":{"rendered":"<p>\u201eDer Prozess\u201c, \u201eDie Verwandlung\u201c, \u201eDas Urteil\u201c sind bekannte Werke Franz Kafkas (1883 \u2013 1924).<\/p>\n","protected":false},"featured_media":26182,"template":"","meta":{"_acf_changed":false},"product_brand":[],"product_cat":[70],"product_tag":[204,119,125,127],"class_list":{"0":"post-26171","1":"product","2":"type-product","3":"status-publish","4":"has-post-thumbnail","6":"product_cat-film","7":"product_tag-abitur","8":"product_tag-subject-deutsch","9":"product_tag-target-sek-i","10":"product_tag-target-sek-ii","11":"product_shipping_class-dvd-versand","13":"first","14":"instock","15":"taxable","16":"shipping-taxable","17":"purchasable","18":"product-type-variable"},"acf":{"subtitle":"Leben und Werk","article_id":"46505350 \/ 55505964","languages":"DE","thumb_up":false,"cover_image":27663,"linked_product":[24289,35856],"linked_products":null,"banner":{"show":true,"text":"","color":""},"length":"18:39 min","content_movie":"Gesamtes Begleitmaterial: 63 Seiten\r\nArbeitsbl\u00e4tter: 20 Seiten\r\nTestaufgaben: 20 Seiten\r\nInteraktive Aufgaben: 10\r\n\r\n&nbsp;\r\n\r\nF\u00fcr die Vorbereitung auf das Abitur geeignet.","learning_goals":"<ol>\r\n \t<li>Die Lernenden kennen die Biografie Franz Kafkas.<\/li>\r\n \t<li>Die Lernenden besch\u00e4ftigen sich mit dem Werk Kafkas.<\/li>\r\n \t<li>Die Lernenden befassen sich mit Stilmitteln wie z.B. den Erz\u00e4hler-Formen.<\/li>\r\n<\/ol>","preview_gif":26177,"trailer":{"file":26179,"url":"","image":26181},"mediathek_id":850,"amount":"","demo_url":"","h5p_demo_id":"","content_interactive":"","hide_numbers":false,"flyer":"","info_columns":null},"_links":{"self":[{"href":"https:\/\/www.medienlb.com\/en\/wp-json\/wp\/v2\/product\/26171","targetHints":{"allow":["GET"]}}],"collection":[{"href":"https:\/\/www.medienlb.com\/en\/wp-json\/wp\/v2\/product"}],"about":[{"href":"https:\/\/www.medienlb.com\/en\/wp-json\/wp\/v2\/types\/product"}],"acf:post":[{"embeddable":true,"href":"https:\/\/www.medienlb.com\/en\/wp-json\/wp\/v2\/product\/35856"},{"embeddable":true,"href":"https:\/\/www.medienlb.com\/en\/wp-json\/wp\/v2\/product\/24289"}],"wp:featuredmedia":[{"embeddable":true,"href":"https:\/\/www.medienlb.com\/en\/wp-json\/wp\/v2\/media\/26182"}],"wp:attachment":[{"href":"https:\/\/www.medienlb.com\/en\/wp-json\/wp\/v2\/media?parent=26171"}],"wp:term":[{"taxonomy":"product_brand","embeddable":true,"href":"https:\/\/www.medienlb.com\/en\/wp-json\/wp\/v2\/product_brand?post=26171"},{"taxonomy":"product_cat","embeddable":true,"href":"https:\/\/www.medienlb.com\/en\/wp-json\/wp\/v2\/product_cat?post=26171"},{"taxonomy":"product_tag","embeddable":true,"href":"https:\/\/www.medienlb.com\/en\/wp-json\/wp\/v2\/product_tag?post=26171"}],"curies":[{"name":"wp","href":"https:\/\/api.w.org\/{rel}","templated":true}]}}