{"id":25896,"date":"2024-08-16T10:29:08","date_gmt":"2024-08-16T10:29:08","guid":{"rendered":"https:\/\/www.medienlb.com\/?post_type=product&#038;p=25896"},"modified":"2025-01-31T12:09:51","modified_gmt":"2025-01-31T12:09:51","slug":"lerneinheit-mathematik-4-2","status":"publish","type":"product","link":"https:\/\/www.medienlb.com\/en\/produkt\/lerneinheit-mathematik-4-2\/","title":{"rendered":"Lerneinheit Mathematik 4"},"content":{"rendered":"<p>Auf den Hund gekommen &#8211; Mathematik praktisch und im Alltag angewandt. In zehn unterschiedlich digital gestalteten Aufgaben \u00fcben die Sch\u00fclerinnen und Sch\u00fcler unterschiedliche Rechenoperationen und erfahren gleichzeitig eine Menge \u00fcber Hunderassen und Hundehaltung. Spielerisch gestaltet werden Unterhaltskosten und der Zeitaufwand zur Hundehaltung vermittelt, festgestellt, welche Hundeart am lautesten bellt und wie man die Gr\u00f6\u00dfe einer Hundeh\u00fctte berechnet. Ebenso wie die Rechenf\u00e4higkeiten wird das logische Denken gef\u00f6rdert.<\/p>\n","protected":false},"excerpt":{"rendered":"<p>In zehn interaktiven Aufgaben wenden die Lernenden die Grundrechenarten an und erfahren gleichzeitig eine Menge \u00fcber Hunde.<\/p>\n","protected":false},"featured_media":25897,"template":"","meta":{"_acf_changed":false},"product_brand":[],"product_cat":[180],"product_tag":[97,99,129],"class_list":{"0":"post-25896","1":"product","2":"type-product","3":"status-publish","4":"has-post-thumbnail","6":"product_cat-interaktive-lerneinheit","7":"product_tag-subject-grundschule","8":"product_tag-subject-mathematik","9":"product_tag-target-gru","11":"first","12":"instock","13":"taxable","14":"shipping-taxable","15":"purchasable","16":"product-type-variable"},"acf":{"subtitle":"Mathematik im Alltag","article_id":"55506727","languages":"DE","thumb_up":false,"cover_image":29553,"linked_product":17841,"linked_products":null,"banner":{"show":false,"text":"","color":""},"length":"","content_movie":"","learning_goals":"","preview_gif":"","trailer":{"file":"","url":"","image":""},"mediathek_id":"","amount":10,"demo_url":"https:\/\/www.interaktive-arbeitshefte.de\/de\/h5p\/34536\/embed","h5p_demo_id":"","content_interactive":"Wuff und weg \u2013 Mathematik auf den Hund gekommen!\r\nBudget f\u00fcr Bello \u2013 Was kostet ein Welpe?\r\nTop-Hunde: Die beliebtesten Rassen und ihre Zahlen\r\nHundepfoten und Meter \u2013 L\u00e4ngen im Hundealltag\r\nGr\u00f6\u00dfenvergleich - Vom Zwergspitz bis zum irischer Wolfshund!\r\nLautstark und lieb - Mathematik der Hundeger\u00e4usche\r\nBauherren f\u00fcr Bello \u2013 Mathematik der Hundeh\u00fctten\r\nZeit f\u00fcr Fido \u2013 Wie viel Zeit braucht ein Hund?\r\nRasend schnell \u2013 Mathematik der Hunderennen\r\nZugabe: Die Top 4 der Hunderekorde auf der ganzen Welt","hide_numbers":false,"flyer":"","info_columns":null},"_links":{"self":[{"href":"https:\/\/www.medienlb.com\/en\/wp-json\/wp\/v2\/product\/25896","targetHints":{"allow":["GET"]}}],"collection":[{"href":"https:\/\/www.medienlb.com\/en\/wp-json\/wp\/v2\/product"}],"about":[{"href":"https:\/\/www.medienlb.com\/en\/wp-json\/wp\/v2\/types\/product"}],"acf:post":[{"embeddable":true,"href":"https:\/\/www.medienlb.com\/en\/wp-json\/wp\/v2\/product\/17841"}],"wp:featuredmedia":[{"embeddable":true,"href":"https:\/\/www.medienlb.com\/en\/wp-json\/wp\/v2\/media\/25897"}],"wp:attachment":[{"href":"https:\/\/www.medienlb.com\/en\/wp-json\/wp\/v2\/media?parent=25896"}],"wp:term":[{"taxonomy":"product_brand","embeddable":true,"href":"https:\/\/www.medienlb.com\/en\/wp-json\/wp\/v2\/product_brand?post=25896"},{"taxonomy":"product_cat","embeddable":true,"href":"https:\/\/www.medienlb.com\/en\/wp-json\/wp\/v2\/product_cat?post=25896"},{"taxonomy":"product_tag","embeddable":true,"href":"https:\/\/www.medienlb.com\/en\/wp-json\/wp\/v2\/product_tag?post=25896"}],"curies":[{"name":"wp","href":"https:\/\/api.w.org\/{rel}","templated":true}]}}