{"id":25866,"date":"2024-08-13T12:56:54","date_gmt":"2024-08-13T12:56:54","guid":{"rendered":"https:\/\/www.medienlb.com\/?post_type=product&#038;p=25866"},"modified":"2025-01-31T12:09:57","modified_gmt":"2025-01-31T12:09:57","slug":"lerneinheit-politik-10","status":"publish","type":"product","link":"https:\/\/www.medienlb.com\/en\/produkt\/lerneinheit-politik-10\/","title":{"rendered":"Lerneinheit Politik 10"},"content":{"rendered":"<p>Zw\u00f6lf unterschiedlich gestaltete interaktive Aufgaben vermitteln den Sch\u00fclerinnen und Sch\u00fclern die Elemente und Prozesse<br \/>\nsowie den dazugeh\u00f6rigen historischen, politischen und gesellschaftlichen Hintergrund des amerikanischen Wahlsystems.<\/p>\n<p>Das Medium bietet H5P-Aufgaben an, die ohne zus\u00e4tzliche Software verwendbar sind.<br \/>\nDurch interaktive Aufgabentypen wird das audiovisuelle und interaktive Lernen einfach.<br \/>\nLernen macht jetzt Spa\u00df!<\/p>\n","protected":false},"excerpt":{"rendered":"<p>Zw\u00f6lf unterschiedliche interaktive Aufgaben vermitteln den Sch\u00fclerinnen und Sch\u00fclern das Wissen zum amerikanischen Wahlsystem.<\/p>\n","protected":false},"featured_media":25867,"template":"","meta":{"_acf_changed":false},"product_brand":[],"product_cat":[180],"product_tag":[93,125],"class_list":{"0":"post-25866","1":"product","2":"type-product","3":"status-publish","4":"has-post-thumbnail","6":"product_cat-interaktive-lerneinheit","7":"product_tag-subject-politik-sozialkunde","8":"product_tag-target-sek-i","10":"first","11":"instock","12":"taxable","13":"shipping-taxable","14":"purchasable","15":"product-type-variable"},"acf":{"subtitle":"Wahlsystem in den USA","article_id":"55506829","languages":"DE","thumb_up":false,"cover_image":29555,"linked_product":11103,"linked_products":null,"banner":{"show":false,"text":"","color":""},"length":"","content_movie":"","learning_goals":"","preview_gif":"","trailer":{"file":"","url":"","image":""},"mediathek_id":"","amount":12,"demo_url":"https:\/\/www.interaktive-arbeitshefte.de\/de\/h5p\/34525\/embed","h5p_demo_id":"","content_interactive":"Die USA, ein liberaler Staat - Interaktives Video\r\nEntstehung des politischen Systems in den USA - Interaktive Aufgabe\r\nDas Wahlsystem der USA - Interaktives Video\r\nAblauf des Wahlkampfes - Zuordnungsaufgabe\r\nDie Vorwahlen - Interaktive Aufgaben\r\nSenat und Abgeordnetenhaus - Interaktives Video\r\nRepublikaner vs. Demokraten - Interaktive Aufgaben\r\nH\u00fcrden bei der Wahl - Interaktive Fragen\r\nDeutsches vs. amerikanisches Wahlsystem - Interaktive Aufgabe\r\nWelcher US-Pr\u00e4sident ist gesucht? - Interaktive Aufgabe\r\nWahlen in den USA - Testfragen\r\nWahlen in den USA - Glossar","hide_numbers":false,"flyer":"","info_columns":null},"_links":{"self":[{"href":"https:\/\/www.medienlb.com\/en\/wp-json\/wp\/v2\/product\/25866","targetHints":{"allow":["GET"]}}],"collection":[{"href":"https:\/\/www.medienlb.com\/en\/wp-json\/wp\/v2\/product"}],"about":[{"href":"https:\/\/www.medienlb.com\/en\/wp-json\/wp\/v2\/types\/product"}],"acf:post":[{"embeddable":true,"href":"https:\/\/www.medienlb.com\/en\/wp-json\/wp\/v2\/product\/11103"}],"wp:featuredmedia":[{"embeddable":true,"href":"https:\/\/www.medienlb.com\/en\/wp-json\/wp\/v2\/media\/25867"}],"wp:attachment":[{"href":"https:\/\/www.medienlb.com\/en\/wp-json\/wp\/v2\/media?parent=25866"}],"wp:term":[{"taxonomy":"product_brand","embeddable":true,"href":"https:\/\/www.medienlb.com\/en\/wp-json\/wp\/v2\/product_brand?post=25866"},{"taxonomy":"product_cat","embeddable":true,"href":"https:\/\/www.medienlb.com\/en\/wp-json\/wp\/v2\/product_cat?post=25866"},{"taxonomy":"product_tag","embeddable":true,"href":"https:\/\/www.medienlb.com\/en\/wp-json\/wp\/v2\/product_tag?post=25866"}],"curies":[{"name":"wp","href":"https:\/\/api.w.org\/{rel}","templated":true}]}}