{"id":25769,"date":"2024-08-02T11:52:03","date_gmt":"2024-08-02T11:52:03","guid":{"rendered":"https:\/\/www.medienlb.com\/?post_type=product&#038;p=25769"},"modified":"2025-01-31T12:10:02","modified_gmt":"2025-01-31T12:10:02","slug":"deutsch-3-4","status":"publish","type":"product","link":"https:\/\/www.medienlb.com\/en\/produkt\/deutsch-3-4\/","title":{"rendered":"Deutsch 3\/4"},"content":{"rendered":"<p>Zehn kurze Geschichten mit anschlie\u00dfenden vielf\u00e4ltigen und abwechslungsreichen interaktiven Aufgaben animieren die Sch\u00fclerinnen und Sch\u00fcler zur besseren Lesef\u00e4higkeit und mehr Textverst\u00e4ndnis.<\/p>\n<p>&nbsp;<\/p>\n","protected":false},"excerpt":{"rendered":"<p>Zehn Kurzgeschichten mit abwechslungsreichen interaktiven Aufgaben laden zum Lesen und \u00dcbungen zum Verstehen der Texte ein.<\/p>\n","protected":false},"featured_media":25871,"template":"","meta":{"_acf_changed":false},"product_brand":[],"product_cat":[180],"product_tag":[119,129],"class_list":{"0":"post-25769","1":"product","2":"type-product","3":"status-publish","4":"has-post-thumbnail","6":"product_cat-interaktive-lerneinheit","7":"product_tag-subject-deutsch","8":"product_tag-target-gru","10":"first","11":"instock","12":"taxable","13":"shipping-taxable","14":"purchasable","15":"product-type-variable"},"acf":{"subtitle":"Lesegeschichten zum Mitdenken","article_id":"55506828","languages":"DE","thumb_up":false,"cover_image":29557,"linked_product":16798,"linked_products":null,"banner":{"show":false,"text":"","color":""},"length":"","content_movie":"","learning_goals":"","preview_gif":"","trailer":{"file":"","url":"","image":""},"mediathek_id":"","amount":10,"demo_url":"https:\/\/www.interaktive-arbeitshefte.de\/de\/h5p\/34479\/embed","h5p_demo_id":"","content_interactive":"Lesegeschichten zum Mitdenken - Der verlorene Fu\u00dfball\r\nLesegeschichten zum Mitdenken - Der magische Wunschbrunnen\r\nLesegeschichten zum Mitdenken - Der vertauschte Stundenplan\r\nLesegeschichten zum Mitdenken - Die sprechende Katze\r\nLesegeschichten zum Mitdenken - Die Mutprobe im Museum\r\nLesegeschichten zum Mitdenken - Der verzauberte Kuchen\r\nLesegeschichten zum Mitdenken - Das verr\u00fcckte Schulfest\r\nLesegeschichten zum Mitdenken - Die Zeitreisemaschine\r\nLesegeschichten zum Mitdenken - Der Schatz im Garten\r\nLesegeschichten zum Mitdenken - Das verschwundene Haustier","hide_numbers":false,"flyer":"","info_columns":null},"_links":{"self":[{"href":"https:\/\/www.medienlb.com\/en\/wp-json\/wp\/v2\/product\/25769","targetHints":{"allow":["GET"]}}],"collection":[{"href":"https:\/\/www.medienlb.com\/en\/wp-json\/wp\/v2\/product"}],"about":[{"href":"https:\/\/www.medienlb.com\/en\/wp-json\/wp\/v2\/types\/product"}],"acf:post":[{"embeddable":true,"href":"https:\/\/www.medienlb.com\/en\/wp-json\/wp\/v2\/product\/16798"}],"wp:featuredmedia":[{"embeddable":true,"href":"https:\/\/www.medienlb.com\/en\/wp-json\/wp\/v2\/media\/25871"}],"wp:attachment":[{"href":"https:\/\/www.medienlb.com\/en\/wp-json\/wp\/v2\/media?parent=25769"}],"wp:term":[{"taxonomy":"product_brand","embeddable":true,"href":"https:\/\/www.medienlb.com\/en\/wp-json\/wp\/v2\/product_brand?post=25769"},{"taxonomy":"product_cat","embeddable":true,"href":"https:\/\/www.medienlb.com\/en\/wp-json\/wp\/v2\/product_cat?post=25769"},{"taxonomy":"product_tag","embeddable":true,"href":"https:\/\/www.medienlb.com\/en\/wp-json\/wp\/v2\/product_tag?post=25769"}],"curies":[{"name":"wp","href":"https:\/\/api.w.org\/{rel}","templated":true}]}}