{"id":25699,"date":"2024-07-30T14:42:37","date_gmt":"2024-07-30T14:42:37","guid":{"rendered":"https:\/\/www.medienlb.com\/?post_type=product&#038;p=25699"},"modified":"2025-01-31T10:35:28","modified_gmt":"2025-01-31T10:35:28","slug":"podcast","status":"publish","type":"product","link":"https:\/\/www.medienlb.com\/en\/produkt\/podcast\/","title":{"rendered":"Podcast"},"content":{"rendered":"<p>Holen Sie sich das Kino f\u00fcrs Ohr ins Klassenzimmer!<br \/>\nDie immersiven 3D-Audio Erlebnisse entf\u00fchren den<br \/>\nZuh\u00f6rer in eine neue Dimension des H\u00f6rspiels. In der<br \/>\nKom\u00f6die von Abh\u00f6rspiele entschlie\u00dft sich Angela Merkel<br \/>\ndazu, das Material der NSA von ihr zu ver\u00f6ffentlichen.<br \/>\nMithilfe der PHILIPS Bluetooth-Kopfh\u00f6rer erlebt man den<br \/>\nlustigen H\u00f6rkrimi im grandiosen Sound ohne Neben-<br \/>\nger\u00e4usche.<\/p>\n<div dir=\"auto\">\n<hr \/>\n<p>Link zu passendem <a href=\"https:\/\/www.medienlb.com\/produkt\/hoerspiele-mit-garageband\/\" target=\"_blank\" rel=\"noopener\"><span style=\"color: #3366ff;\">FILM\u00a0<\/span> <img loading=\"lazy\" decoding=\"async\" class=\"alignnone wp-image-26623\" src=\"https:\/\/www.medienlb.com\/wp-content\/uploads\/2024\/06\/2024-10-29-16_06_58-Hoerspiele-mit-GarageBand-\u2013-MedienLB-\u2013-Mozilla-Firefox-300x169.png\" alt=\"\" width=\"180\" height=\"101\" srcset=\"https:\/\/www.medienlb.com\/wp-content\/uploads\/2024\/06\/2024-10-29-16_06_58-Hoerspiele-mit-GarageBand-\u2013-MedienLB-\u2013-Mozilla-Firefox-300x169.png 300w, https:\/\/www.medienlb.com\/wp-content\/uploads\/2024\/06\/2024-10-29-16_06_58-Hoerspiele-mit-GarageBand-\u2013-MedienLB-\u2013-Mozilla-Firefox-1024x576.png 1024w, https:\/\/www.medienlb.com\/wp-content\/uploads\/2024\/06\/2024-10-29-16_06_58-Hoerspiele-mit-GarageBand-\u2013-MedienLB-\u2013-Mozilla-Firefox-768x432.png 768w, https:\/\/www.medienlb.com\/wp-content\/uploads\/2024\/06\/2024-10-29-16_06_58-Hoerspiele-mit-GarageBand-\u2013-MedienLB-\u2013-Mozilla-Firefox.png 1325w\" sizes=\"auto, (max-width: 180px) 100vw, 180px\" \/><\/a><\/p>\n<hr \/>\n<p>Link zu passender <a href=\"https:\/\/www.medienlb.com\/produkt\/mystudio-podcast-kit\/\" target=\"_blank\" rel=\"noopener\"><span style=\"color: #3366ff;\">HARDWARE\u00a0<\/span> <img loading=\"lazy\" decoding=\"async\" class=\"alignnone wp-image-26625\" src=\"https:\/\/www.medienlb.com\/wp-content\/uploads\/2024\/07\/2024-10-29-16_10_31-MyStudio-Podcast-Kit-\u2013-MedienLB-\u2013-Mozilla-Firefox-300x240.png\" alt=\"\" width=\"115\" height=\"92\" srcset=\"https:\/\/www.medienlb.com\/wp-content\/uploads\/2024\/07\/2024-10-29-16_10_31-MyStudio-Podcast-Kit-\u2013-MedienLB-\u2013-Mozilla-Firefox-300x240.png 300w, https:\/\/www.medienlb.com\/wp-content\/uploads\/2024\/07\/2024-10-29-16_10_31-MyStudio-Podcast-Kit-\u2013-MedienLB-\u2013-Mozilla-Firefox.png 508w\" sizes=\"auto, (max-width: 115px) 100vw, 115px\" \/><\/a><\/p>\n<hr \/>\n<\/div>\n<p>Link zu den <span style=\"color: #3366ff;\"><a style=\"color: #3366ff;\" href=\"https:\/\/imagine3d.audio\/\" target=\"_blank\" rel=\"noopener\">Produzenten<\/a><\/span><\/p>\n","protected":false},"excerpt":{"rendered":"<div class=\"fusion-layout-column fusion_builder_column fusion-builder-column-0 fusion_builder_column_1_2 1_2 fusion-flex-column\">\n<div class=\"fusion-column-wrapper fusion-column-has-shadow fusion-flex-justify-content-flex-start fusion-content-layout-column\">\n<div class=\"fusion-text fusion-text-1\">\n<p class=\"fusion-responsive-typography-calculated\" data-fontsize=\"35\" data-lineheight=\"42.7px\">Holen Sie sich das Kino f\u00fcrs Ohr ins Klassenzimmer!<\/p>\n<\/div>\n<\/div>\n<\/div>\n","protected":false},"featured_media":25701,"template":"","meta":{"_acf_changed":false},"product_brand":[],"product_cat":[75],"product_tag":[],"class_list":{"0":"post-25699","1":"product","2":"type-product","3":"status-publish","4":"has-post-thumbnail","6":"product_cat-hardware","8":"first","9":"instock","10":"taxable","11":"shipping-taxable","12":"purchasable","13":"product-type-variable"},"acf":{"subtitle":"3D-H\u00f6rvergn\u00fcgen mit Bluetooth Kopfh\u00f6rern","article_id":"MS_32","languages":"","thumb_up":false,"cover_image":"","linked_product":5905,"linked_products":null,"banner":{"show":true,"text":"","color":""},"length":"","content_movie":"","learning_goals":"","preview_gif":"","trailer":{"file":"","url":"","image":""},"mediathek_id":"","amount":"","demo_url":"","h5p_demo_id":"","content_interactive":"","hide_numbers":false,"flyer":"","info_columns":[{"heading":"PHILIPS Bluetooth-Kopfh\u00f6rer","content":"<img class=\"alignnone wp-image-25707\" src=\"https:\/\/www.medienlb.com\/wp-content\/uploads\/2024\/07\/PHILIPS-Bluetooth-Kopfhoerer-TAH8506-Over-Ear-ANC-E_766281_a-MD-300x246.jpg\" alt=\"\" width=\"144\" height=\"118\" \/>\r\n\r\nTAH8506, Over-Ear, ANC:\r\n- Mit Noise Cancelling Pro\r\n- High Res-Audio-Wiedergabe\r\n- 2 smarte Ger\u00e4te mit Bluetooth 5.0 verbinden\r\n- Bis zu 60 Std. Wiedergabezeit\r\n- Handliches Etui, USB-C-Kabel, Kurzanleitung"},{"heading":"","content":""},{"heading":"Lieferumfang","content":"Podcasts:\r\n- \u201eAngela spielt Risiko\u201c L\u00e4nge 18min51sec\r\n- \u201eAngela interstellar\u201c L\u00e4nge 19min42sec\r\n- \u201eAngela mobil\u201c L\u00e4nge 30min34sec\r\n- Lied als Video-Karaoke-Textversion, L\u00e4nge 4min28sec\r\n- Eine Demo zu Folgen der Merkel-Abh\u00f6rspiele sind \u00fcber\r\nden QR Code zug\u00e4nglich"}]},"_links":{"self":[{"href":"https:\/\/www.medienlb.com\/en\/wp-json\/wp\/v2\/product\/25699","targetHints":{"allow":["GET"]}}],"collection":[{"href":"https:\/\/www.medienlb.com\/en\/wp-json\/wp\/v2\/product"}],"about":[{"href":"https:\/\/www.medienlb.com\/en\/wp-json\/wp\/v2\/types\/product"}],"acf:post":[{"embeddable":true,"href":"https:\/\/www.medienlb.com\/en\/wp-json\/wp\/v2\/product\/5905"}],"wp:featuredmedia":[{"embeddable":true,"href":"https:\/\/www.medienlb.com\/en\/wp-json\/wp\/v2\/media\/25701"}],"wp:attachment":[{"href":"https:\/\/www.medienlb.com\/en\/wp-json\/wp\/v2\/media?parent=25699"}],"wp:term":[{"taxonomy":"product_brand","embeddable":true,"href":"https:\/\/www.medienlb.com\/en\/wp-json\/wp\/v2\/product_brand?post=25699"},{"taxonomy":"product_cat","embeddable":true,"href":"https:\/\/www.medienlb.com\/en\/wp-json\/wp\/v2\/product_cat?post=25699"},{"taxonomy":"product_tag","embeddable":true,"href":"https:\/\/www.medienlb.com\/en\/wp-json\/wp\/v2\/product_tag?post=25699"}],"curies":[{"name":"wp","href":"https:\/\/api.w.org\/{rel}","templated":true}]}}