{"id":25507,"date":"2024-07-23T13:25:04","date_gmt":"2024-07-23T13:25:04","guid":{"rendered":"https:\/\/www.medienlb.com\/?post_type=product&#038;p=25507"},"modified":"2025-02-07T13:43:42","modified_gmt":"2025-02-07T13:43:42","slug":"schuelervertretung","status":"publish","type":"product","link":"https:\/\/www.medienlb.com\/en\/produkt\/schuelervertretung\/","title":{"rendered":"Sch\u00fclervertretung"},"content":{"rendered":"<p>Demokratische Teilhabe der Sch\u00fclerinnen und Sch\u00fcler an Entscheidungsprozessen in der Schule st\u00e4rkt nachgewiesenerma\u00dfen die Identifikation mit der Schule. Der gemeinsam mit dem Verein \u201eSchule ein Gesicht geben\u201c produzierte Film stellt die Arbeit der Sch\u00fclervertretung vor und zeigt, wie sich eine Sch\u00fclervertretung organisieren l\u00e4sst. In Interviews mit Schulleitung, Sch\u00fclerinnen und Sch\u00fclern sowie Vertreterinnen und Vertretern des Vereins erh\u00e4lt man einen umfangreichen Einblick in das Zusammenwirken der verschiedenen Akteurinnen und Akteure in der Institution Schule.<\/p>\n<p>Das umfangreiche Erg\u00e4nzungsmaterial gibt zahlreiche Tipps und Hinweise von der Durchf\u00fchrung einer Klassensprecherwahl bis zur Gestaltung verschiedenster SV-Workshops.<\/p>\n<p>Lehrkr\u00e4fte erhalten Hilfestellung und Anregungen, f\u00fcr Sch\u00fclerinnen und Sch\u00fcler ist der Film eine anschauliche Darstellung demokratischer Prozesse.<\/p>\n","protected":false},"excerpt":{"rendered":"<p>Demokratische Teilhabe der Sch\u00fclerinnen und Sch\u00fcler an Entscheidungsprozessen in der Schule st\u00e4rkt nachgewiesenerma\u00dfen die Identifikation mit der Schule.<\/p>\n","protected":false},"featured_media":25518,"template":"","meta":{"_acf_changed":false},"product_brand":[],"product_cat":[70],"product_tag":[77,121,143,125],"class_list":{"0":"post-25507","1":"product","2":"type-product","3":"status-publish","4":"has-post-thumbnail","6":"product_cat-film","7":"product_tag-subject-gesellschaft","8":"product_tag-subject-lehrerfortbildung","9":"product_tag-target-lehrkraefte","10":"product_tag-target-sek-i","11":"product_shipping_class-dvd-versand","13":"first","14":"instock","15":"taxable","16":"shipping-taxable","17":"purchasable","18":"product-type-variable"},"acf":{"subtitle":"f\u00fcr mehr Demokratie im Klassenzimmer","article_id":"46505428 \/ 55506305","languages":"DE","thumb_up":false,"cover_image":27687,"linked_product":7170,"linked_products":null,"banner":{"show":true,"text":"","color":""},"length":"18:22 min","content_movie":"Gesamtes Begleitmaterial: 94 Seiten\r\nErg\u00e4nzungsmaterial: 74 Seiten","learning_goals":"","preview_gif":26208,"trailer":{"file":26205,"url":"","image":25517},"mediathek_id":843,"amount":"","demo_url":"","h5p_demo_id":"","content_interactive":"","hide_numbers":false,"flyer":"","info_columns":null},"_links":{"self":[{"href":"https:\/\/www.medienlb.com\/en\/wp-json\/wp\/v2\/product\/25507","targetHints":{"allow":["GET"]}}],"collection":[{"href":"https:\/\/www.medienlb.com\/en\/wp-json\/wp\/v2\/product"}],"about":[{"href":"https:\/\/www.medienlb.com\/en\/wp-json\/wp\/v2\/types\/product"}],"acf:post":[{"embeddable":true,"href":"https:\/\/www.medienlb.com\/en\/wp-json\/wp\/v2\/product\/7170"}],"wp:featuredmedia":[{"embeddable":true,"href":"https:\/\/www.medienlb.com\/en\/wp-json\/wp\/v2\/media\/25518"}],"wp:attachment":[{"href":"https:\/\/www.medienlb.com\/en\/wp-json\/wp\/v2\/media?parent=25507"}],"wp:term":[{"taxonomy":"product_brand","embeddable":true,"href":"https:\/\/www.medienlb.com\/en\/wp-json\/wp\/v2\/product_brand?post=25507"},{"taxonomy":"product_cat","embeddable":true,"href":"https:\/\/www.medienlb.com\/en\/wp-json\/wp\/v2\/product_cat?post=25507"},{"taxonomy":"product_tag","embeddable":true,"href":"https:\/\/www.medienlb.com\/en\/wp-json\/wp\/v2\/product_tag?post=25507"}],"curies":[{"name":"wp","href":"https:\/\/api.w.org\/{rel}","templated":true}]}}