{"id":25376,"date":"2024-07-16T12:36:09","date_gmt":"2024-07-16T12:36:09","guid":{"rendered":"https:\/\/www.medienlb.com\/?post_type=product&#038;p=25376"},"modified":"2025-06-26T08:10:18","modified_gmt":"2025-06-26T08:10:18","slug":"hoerspiele-mit-garageband","status":"publish","type":"product","link":"https:\/\/www.medienlb.com\/en\/produkt\/hoerspiele-mit-garageband\/","title":{"rendered":"H\u00f6rspiele mit GarageBand"},"content":{"rendered":"<p>Mit der Software GarageBand lassen sich im Handumdrehen tolle Soundeffekte erzielen. Verwendet man diese f\u00fcr die Produktion von kleinen H\u00f6rspielen, hat man eine wunderbare M\u00f6glichkeit mit den Lernenden kreative Projekte im Unterricht umzusetzen und zu gestalten.<\/p>\n<p>Der mit Music in the Box zeigt Schritt f\u00fcr Schritt, wie Lehrkr\u00e4fte mit ihren Klassen eine H\u00f6rspielproduktion realisieren k\u00f6nnen.<\/p>\n<p>Mit einer umfangreichen Anleitung gelingt dies ohne Vorkenntnisse.<\/p>\n<hr \/>\n<p>Link zu passender <span style=\"color: #3366ff;\"><a style=\"color: #3366ff;\" href=\"https:\/\/www.medienlb.com\/produkt\/mystudio-podcast-kit\/\" target=\"_blank\" rel=\"noopener\">Hardware<img loading=\"lazy\" decoding=\"async\" class=\"alignnone wp-image-26625\" src=\"https:\/\/www.medienlb.com\/wp-content\/uploads\/2024\/07\/2024-10-29-16_10_31-MyStudio-Podcast-Kit-\u2013-MedienLB-\u2013-Mozilla-Firefox-300x240.png\" alt=\"\" width=\"118\" height=\"94\" srcset=\"https:\/\/www.medienlb.com\/wp-content\/uploads\/2024\/07\/2024-10-29-16_10_31-MyStudio-Podcast-Kit-\u2013-MedienLB-\u2013-Mozilla-Firefox-300x240.png 300w, https:\/\/www.medienlb.com\/wp-content\/uploads\/2024\/07\/2024-10-29-16_10_31-MyStudio-Podcast-Kit-\u2013-MedienLB-\u2013-Mozilla-Firefox.png 508w\" sizes=\"auto, (max-width: 118px) 100vw, 118px\" \/><\/a><\/span><\/p>\n","protected":false},"excerpt":{"rendered":"<p>Mit der Software GarageBand lassen sich im Handumdrehen tolle Soundeffekte erzielen<\/p>\n","protected":false},"featured_media":25387,"template":"","meta":{"_acf_changed":false},"product_brand":[],"product_cat":[70],"product_tag":[121,111,143],"class_list":{"0":"post-25376","1":"product","2":"type-product","3":"status-publish","4":"has-post-thumbnail","6":"product_cat-film","7":"product_tag-subject-lehrerfortbildung","8":"product_tag-subject-medienbildung","9":"product_tag-target-lehrkraefte","10":"product_shipping_class-dvd-versand","12":"first","13":"instock","14":"taxable","15":"shipping-taxable","16":"purchasable","17":"product-type-variable"},"acf":{"subtitle":"Produktion im Unterricht","article_id":"46505429 \/ 55506306","languages":"DE","thumb_up":false,"cover_image":27689,"linked_product":25092,"linked_products":null,"banner":{"show":true,"text":"","color":""},"length":"20:34 min","content_movie":"Gesamtes Begleitmaterial: 20 Seiten\r\nErg\u00e4nzendes Material: 8 Seiten","learning_goals":"","preview_gif":25382,"trailer":{"file":25386,"url":"","image":25384},"mediathek_id":841,"amount":"","demo_url":"","h5p_demo_id":"","content_interactive":"","hide_numbers":false,"flyer":"","info_columns":null},"_links":{"self":[{"href":"https:\/\/www.medienlb.com\/en\/wp-json\/wp\/v2\/product\/25376","targetHints":{"allow":["GET"]}}],"collection":[{"href":"https:\/\/www.medienlb.com\/en\/wp-json\/wp\/v2\/product"}],"about":[{"href":"https:\/\/www.medienlb.com\/en\/wp-json\/wp\/v2\/types\/product"}],"acf:post":[{"embeddable":true,"href":"https:\/\/www.medienlb.com\/en\/wp-json\/wp\/v2\/product\/25092"}],"wp:featuredmedia":[{"embeddable":true,"href":"https:\/\/www.medienlb.com\/en\/wp-json\/wp\/v2\/media\/25387"}],"wp:attachment":[{"href":"https:\/\/www.medienlb.com\/en\/wp-json\/wp\/v2\/media?parent=25376"}],"wp:term":[{"taxonomy":"product_brand","embeddable":true,"href":"https:\/\/www.medienlb.com\/en\/wp-json\/wp\/v2\/product_brand?post=25376"},{"taxonomy":"product_cat","embeddable":true,"href":"https:\/\/www.medienlb.com\/en\/wp-json\/wp\/v2\/product_cat?post=25376"},{"taxonomy":"product_tag","embeddable":true,"href":"https:\/\/www.medienlb.com\/en\/wp-json\/wp\/v2\/product_tag?post=25376"}],"curies":[{"name":"wp","href":"https:\/\/api.w.org\/{rel}","templated":true}]}}