{"id":25362,"date":"2024-07-15T08:27:39","date_gmt":"2024-07-15T08:27:39","guid":{"rendered":"https:\/\/www.medienlb.com\/?post_type=product&#038;p=25362"},"modified":"2025-07-15T12:05:04","modified_gmt":"2025-07-15T12:05:04","slug":"wildkraeuter","status":"publish","type":"product","link":"https:\/\/www.medienlb.com\/en\/produkt\/wildkraeuter\/","title":{"rendered":"Wildkr\u00e4uter"},"content":{"rendered":"<p>Spitzwegerich, G\u00e4nsebl\u00fcmchen, B\u00e4rlauch z\u00e4hlen zu den rund 3.500 heimischen Wildkr\u00e4utern. Sie zeichnen sich dadurch aus, dass sie unbeeinflusst vom Menschen wild am Wegesrand, auf Wiesen und im Wald wachsen.<\/p>\n<p>Der Film stellt verschiedene Wildkr\u00e4uter, ihre Standorte und Eigenschaften vor. Hierbei wird auf die \u00c4hnlichkeiten zwischen essbaren und giftigen Pflanzen eingegangen und die Unterschiede herausgearbeitet. Rechtliche Hinweise zum Sammeln werden ebenso hervorgehoben wie generelle Tipps.<\/p>\n<p>Des Weiteren gibt es Hinweise zur Verwendung der Wildkr\u00e4uter zur Unterst\u00fctzung von Heilprozessen in der Gesundheit und lecker Rezepte zum Nachkochen.<\/p>\n<p>Interaktive Aufgaben, Testfragen und Glossar wurden mit H5P erstellt und k\u00f6nnen ohne weitere Software verwendet werden.<\/p>\n","protected":false},"excerpt":{"rendered":"<p>Spitzwegerich, G\u00e4nsebl\u00fcmchen, B\u00e4rlauch z\u00e4hlen zu den rund 3.500 heimischen Wildkr\u00e4utern. Sie zeichnen sich dadurch aus, dass sie unbeeinflusst vom Menschen wild am Wegesrand, auf Wiesen und im Wald wachsen.<\/p>\n","protected":false},"featured_media":25367,"template":"","meta":{"_acf_changed":false},"product_brand":[],"product_cat":[70],"product_tag":[87,97,129,125],"class_list":{"0":"post-25362","1":"product","2":"type-product","3":"status-publish","4":"has-post-thumbnail","6":"product_cat-film","7":"product_tag-subject-biologie","8":"product_tag-subject-grundschule","9":"product_tag-target-gru","10":"product_tag-target-sek-i","11":"product_shipping_class-dvd-versand","13":"first","14":"instock","15":"taxable","16":"shipping-taxable","17":"purchasable","18":"product-type-variable"},"acf":{"subtitle":"Vorkommen, Eigenschaften, Verwendung","article_id":"46505340 \/ 55505954","languages":"DE","thumb_up":true,"cover_image":27691,"linked_product":7241,"linked_products":null,"banner":{"show":true,"text":"","color":""},"length":"25:42 min","content_movie":"Gesamtes Begleitmaterial: 71 Seiten\r\nArbeitsbl\u00e4tter: 20 Seiten\r\nTestaufgaben: 20\r\nInteraktive Aufgaben: 10","learning_goals":"<ol>\r\n \t<li>Die Lernenden definieren Wildkr\u00e4uter, K\u00fcchenkr\u00e4uter, Heilkr\u00e4uter.<\/li>\r\n \t<li>Die Lernenden kennen die Eigenschaften ausgew\u00e4hlter Wildkr\u00e4uter.<\/li>\r\n \t<li>Die Lernenden reflektieren ihre Verantwortung gegen\u00fcber der Natur.<\/li>\r\n<\/ol>","preview_gif":25370,"trailer":{"file":25372,"url":"","image":25374},"mediathek_id":842,"amount":"","demo_url":"","h5p_demo_id":"","content_interactive":"","hide_numbers":false,"flyer":"","info_columns":null},"_links":{"self":[{"href":"https:\/\/www.medienlb.com\/en\/wp-json\/wp\/v2\/product\/25362","targetHints":{"allow":["GET"]}}],"collection":[{"href":"https:\/\/www.medienlb.com\/en\/wp-json\/wp\/v2\/product"}],"about":[{"href":"https:\/\/www.medienlb.com\/en\/wp-json\/wp\/v2\/types\/product"}],"acf:post":[{"embeddable":true,"href":"https:\/\/www.medienlb.com\/en\/wp-json\/wp\/v2\/product\/7241"}],"wp:featuredmedia":[{"embeddable":true,"href":"https:\/\/www.medienlb.com\/en\/wp-json\/wp\/v2\/media\/25367"}],"wp:attachment":[{"href":"https:\/\/www.medienlb.com\/en\/wp-json\/wp\/v2\/media?parent=25362"}],"wp:term":[{"taxonomy":"product_brand","embeddable":true,"href":"https:\/\/www.medienlb.com\/en\/wp-json\/wp\/v2\/product_brand?post=25362"},{"taxonomy":"product_cat","embeddable":true,"href":"https:\/\/www.medienlb.com\/en\/wp-json\/wp\/v2\/product_cat?post=25362"},{"taxonomy":"product_tag","embeddable":true,"href":"https:\/\/www.medienlb.com\/en\/wp-json\/wp\/v2\/product_tag?post=25362"}],"curies":[{"name":"wp","href":"https:\/\/api.w.org\/{rel}","templated":true}]}}