{"id":25356,"date":"2024-07-12T12:33:06","date_gmt":"2024-07-12T12:33:06","guid":{"rendered":"https:\/\/www.medienlb.com\/?post_type=product&#038;p=25356"},"modified":"2025-02-13T20:47:15","modified_gmt":"2025-02-13T20:47:15","slug":"xtool-p2-lasercutter","status":"publish","type":"product","link":"https:\/\/www.medienlb.com\/en\/produkt\/xtool-p2-lasercutter\/","title":{"rendered":"Makeblock xTool P2 &#8211; Lasercutter"},"content":{"rendered":"<ul>\n<li>Der xTool P2 bietet mit seinem 55W CO2-Laser nicht nur enorme Power, sondern auch einen extra gro\u00dfen Arbeitsbereich von\u00a0600 x 308 x 72mm (LxBxH). Mit der separat erh\u00e4tlichen Erh\u00f6hung sogar\u00a0600 x 308 x 215mm (LxBxH).<\/li>\n<li>Schneidet Holz, Acryl, Leder, MDF, Gummi, Stoff, graviert auf Glas, Keramik, Schiefer, beschichtetes Metall, eloxiertes Aluminium und mehr.<br \/>\n<hr \/>\n<\/li>\n<\/ul>\n<p>&nbsp;<\/p>\n<p>xTool &#8211; L\u00fcfterbaustein<\/p>\n<ul>\n<li class=\"\" data-list=\"bullet1\" data-start=\"1\">3-Schicht-Filtration inklusive Premium-Aktivkohle und HEPA-Filter, um eine Reinigungsrate von 99,97 % zu erreichen<\/li>\n<li class=\"\" data-start=\"1\" data-list=\"bullet1\">Hochwertig und langlebig, plus gro\u00dfer Filter (250 x 195 x 390 mm).<\/li>\n<li class=\"\" data-list=\"bullet1\" data-start=\"1\">Mit einem Ger\u00e4uschpegel von nicht mehr als 55 dB* sorgt es f\u00fcr eine ruhige Arbeitsumgebung.<\/li>\n<\/ul>\n<hr \/>\n<p><span style=\"color: #3366ff;\"><a style=\"color: #3366ff;\" href=\"https:\/\/www.medienlb.com\/wp-content\/uploads\/2025\/02\/Broschuere__Sicherer_Umgang_mit_Laserbearbeitungsmaschinen_in_der_Schule_final.pdf\" target=\"_blank\" rel=\"noopener\">Link zur Brosch\u00fcre<\/a>:<\/span> Sicherer Umgang mit Laserbearbeitungsmaschinen in der Schule<\/p>\n<hr \/>\n<p>Link zu inspirierendem <span style=\"color: #3366ff;\"><a style=\"color: #3366ff;\" href=\"https:\/\/www.medienlb.com\/wp-content\/uploads\/2024\/01\/2024_01_30-BGM-LASERCUTTER_Druck.pdf\" target=\"_blank\" rel=\"noopener\">Begleitmaterial<\/a><\/span><\/p>\n<hr \/>\n<p><a href=\"https:\/\/www.medienlb.com\/wp-content\/uploads\/2024\/07\/2024_07_10-Linkliste-Lasercutter-1.pdf\" target=\"_blank\" rel=\"noopener\"><span style=\"color: #3366ff;\">Linkliste<\/span><\/a>\u00a0zu gro\u00dfen Bauplan-Sammlungen(SVG) und Software<\/p>\n<hr \/>\n<p>Hier der Link zum<a href=\"https:\/\/www.medienlb.com\/produkt\/was-ist-ein-lasercutter\/\" target=\"_blank\" rel=\"noopener\"><span style=\"color: #3366ff;\"> FILM<\/span><\/a><\/p>\n<p>&nbsp;<\/p>\n","protected":false},"excerpt":{"rendered":"<p><span style=\"white-space: pre-wrap;\">Mit dem Makeblock xTool P2 Edu Bundle geben Sie Ihren Sch\u00fclern und Lehrern mehr Flexibilit\u00e4t und unterst\u00fctzen Sie ihre Kreativit\u00e4t! <\/span><\/p>\n","protected":false},"featured_media":25347,"template":"","meta":{"_acf_changed":false},"product_brand":[],"product_cat":[75],"product_tag":[],"class_list":{"0":"post-25356","1":"product","2":"type-product","3":"status-publish","4":"has-post-thumbnail","6":"product_cat-hardware","8":"first","9":"instock","10":"taxable","11":"shipping-taxable","12":"purchasable","13":"product-type-variable"},"acf":{"subtitle":"mit dem xTool Abluftfilter im EDU-Bundle ","article_id":"MS_26_55504907","languages":"","thumb_up":false,"cover_image":"","linked_product":15906,"linked_products":null,"banner":{"show":true,"text":"","color":""},"length":"","content_movie":"","learning_goals":"","preview_gif":"","trailer":{"file":"","url":"","image":""},"mediathek_id":"","amount":"","demo_url":"","h5p_demo_id":"","content_interactive":"","hide_numbers":false,"flyer":25496,"info_columns":[{"heading":"","content":""},{"heading":"","content":""},{"heading":"","content":""}]},"_links":{"self":[{"href":"https:\/\/www.medienlb.com\/en\/wp-json\/wp\/v2\/product\/25356","targetHints":{"allow":["GET"]}}],"collection":[{"href":"https:\/\/www.medienlb.com\/en\/wp-json\/wp\/v2\/product"}],"about":[{"href":"https:\/\/www.medienlb.com\/en\/wp-json\/wp\/v2\/types\/product"}],"acf:post":[{"embeddable":true,"href":"https:\/\/www.medienlb.com\/en\/wp-json\/wp\/v2\/product\/15906"}],"wp:featuredmedia":[{"embeddable":true,"href":"https:\/\/www.medienlb.com\/en\/wp-json\/wp\/v2\/media\/25347"}],"wp:attachment":[{"href":"https:\/\/www.medienlb.com\/en\/wp-json\/wp\/v2\/media?parent=25356"}],"wp:term":[{"taxonomy":"product_brand","embeddable":true,"href":"https:\/\/www.medienlb.com\/en\/wp-json\/wp\/v2\/product_brand?post=25356"},{"taxonomy":"product_cat","embeddable":true,"href":"https:\/\/www.medienlb.com\/en\/wp-json\/wp\/v2\/product_cat?post=25356"},{"taxonomy":"product_tag","embeddable":true,"href":"https:\/\/www.medienlb.com\/en\/wp-json\/wp\/v2\/product_tag?post=25356"}],"curies":[{"name":"wp","href":"https:\/\/api.w.org\/{rel}","templated":true}]}}