{"id":25287,"date":"2024-07-11T11:07:09","date_gmt":"2024-07-11T11:07:09","guid":{"rendered":"https:\/\/www.medienlb.com\/?post_type=product&#038;p=25287"},"modified":"2026-03-30T07:32:58","modified_gmt":"2026-03-30T07:32:58","slug":"edupen","status":"publish","type":"product","link":"https:\/\/www.medienlb.com\/en\/produkt\/edupen\/","title":{"rendered":"STABILO EduPen Neo"},"content":{"rendered":"<p>Diagnose- &amp; F\u00f6rderset STABILO EduPen Neo: Der smarte Lehrassistent f\u00fcr eine lesbare Handschrift<br \/>\nF\u00fcr Vorschule, Grundschule und die weiterf\u00fchrende Schule &#8211; unterst\u00fctzt beim Schreiben lernen.<\/p>\n<p>Nach einem kurzen Lernstandstest mit dem einzigartigen smarten Stift auf Papier, wertet die App &amp; die Sensoren im Stift die Schreib- und Graphomotorik der Sch\u00fcler:innen aus und erstellt ein Kompetenzprofil der Handschrift . Es erfolgt automatisch die Empfehlung passender Arbeitsbl\u00e4tter zur F\u00f6rderung von Schreibdruck, -tempo,- rhythmus und Lesbarkeit, um die Schrift zu verbessern und das Buchstaben lernen zu unterst\u00fctzen. Mit dem Live-Feedback-Training wird spielerisch Schreib- und Griffdruck veranschaulicht und ge\u00fcbt. Ein Testbericht steht als objektive Grundlage z.B. f\u00fcr Elterngespr\u00e4che zur Verf\u00fcgung.<\/p>\n<hr \/>\n<p>Hier der Link zum Film: \u00a0\u00a0\u00a0 <a href=\"https:\/\/www.medienlb.com\/produkt\/richtig-schreiben-lernen\/\" target=\"_blank\" rel=\"noopener\"><img loading=\"lazy\" decoding=\"async\" class=\"alignnone wp-image-25333\" src=\"https:\/\/www.medienlb.com\/wp-content\/uploads\/2024\/07\/2024-07-11-18_20_06-Richtig-schreiben-lernen-\u2013-MedienLB-\u2013-Mozilla-Firefox-300x300.png\" alt=\"\" width=\"183\" height=\"183\" srcset=\"https:\/\/www.medienlb.com\/wp-content\/uploads\/2024\/07\/2024-07-11-18_20_06-Richtig-schreiben-lernen-\u2013-MedienLB-\u2013-Mozilla-Firefox-300x299.png 300w, https:\/\/www.medienlb.com\/wp-content\/uploads\/2024\/07\/2024-07-11-18_20_06-Richtig-schreiben-lernen-\u2013-MedienLB-\u2013-Mozilla-Firefox-150x150.png 150w, https:\/\/www.medienlb.com\/wp-content\/uploads\/2024\/07\/2024-07-11-18_20_06-Richtig-schreiben-lernen-\u2013-MedienLB-\u2013-Mozilla-Firefox-100x100.png 100w, https:\/\/www.medienlb.com\/wp-content\/uploads\/2024\/07\/2024-07-11-18_20_06-Richtig-schreiben-lernen-\u2013-MedienLB-\u2013-Mozilla-Firefox.png 523w\" sizes=\"auto, (max-width: 183px) 100vw, 183px\" \/><\/a><\/p>\n<p>&nbsp;<\/p>\n<p>&nbsp;<\/p>\n","protected":false},"excerpt":{"rendered":"<p>Diagnose- &amp; F\u00f6rderset STABILO EduPen Neo: Der smarte Lehrassistent f\u00fcr eine lesbare Handschrift<br \/>\nF\u00fcr Vorschule, Grundschule und die weiterf\u00fchrende Schule &#8211; unterst\u00fctzt beim Schreiben lernen.<\/p>\n<p>&nbsp;<\/p>\n<p>&nbsp;<\/p>\n","protected":false},"featured_media":25291,"template":"","meta":{"_acf_changed":false},"product_brand":[],"product_cat":[75],"product_tag":[],"class_list":{"0":"post-25287","1":"product","2":"type-product","3":"status-publish","4":"has-post-thumbnail","6":"product_cat-hardware","8":"first","9":"instock","10":"taxable","11":"shipping-taxable","12":"purchasable","13":"product-type-variable"},"acf":{"subtitle":"Diagnose & F\u00f6rderung der Motorik beim Schreiben","article_id":"MS_13","languages":"","thumb_up":false,"cover_image":"","linked_product":16071,"linked_products":[{"product":35691},{"product":20535},{"product":""}],"banner":{"show":true,"text":"","color":""},"length":"","content_movie":"","learning_goals":"","preview_gif":"","trailer":{"file":"","url":"","image":""},"mediathek_id":"","amount":"","demo_url":"","h5p_demo_id":"","content_interactive":"","hide_numbers":false,"flyer":25290,"info_columns":[{"heading":"","content":"<strong>Highlights des STABILO EduPen Neo:<\/strong>\r\n<ul class=\"lg\">\r\n \t<li>Ab der Vorschule: Schreiben lernen Test in 5 Min. mit dem EduPen Neo auf Papier, App-Auswertung<\/li>\r\n \t<li>Anstatt \u00dcbungshefte gibt es individuelle Arbeitsbl\u00e4tter, Schreiben lernen - Material f\u00fcr die Klasse.<\/li>\r\n \t<li>Nur ein EduPen Neo Stift pro Schule\/Kindergarten \u2212 geringe Kosten je Schulkind inkl. \u00dcbungspaket<\/li>\r\n \t<li>Schule Zubeh\u00f6r: Hilfe f\u00fcr Lehrer - Differenziert, digital &amp; motivierend unterrichten<\/li>\r\n \t<li>Es wird ein Samsung Tablet empfohlen, auch f\u00fcr iOS geeignet. Keine dauerhafte WLAN-Verbindung notwendig<\/li>\r\n \t<li>Arbeitserleichterung f\u00fcr Lehrkr\u00e4fte: Differenziert, digital und motivierend unterrichten ohne Mehraufwand<\/li>\r\n<\/ul>"},{"heading":"","content":"https:\/\/youtu.be\/hRjiK0-j4ZI"},{"heading":"","content":"<strong>Lieferumfang:<\/strong>\r\n<ul>\r\n \t<li>Smarter Stift mit Sensoren zum Schreiben auf Papier<\/li>\r\n \t<li>App f\u00fcr Android und iOS-Tablets verf\u00fcgbar (Samsung Tablet \/ Ipad empfohlen)<\/li>\r\n \t<li>Diagnoseberichte zur Lernstandserhebung mit Klassen\u00fcbersicht und Lernerfolgsentwicklung<\/li>\r\n \t<li>Personalisierte &amp; differenzierte Arbeitsbl\u00e4tter (Material\/\u00dcbungspaket der Wahl)<\/li>\r\n \t<li>Training mit direktem Live-Feedback zu Schreib- und Griffdruck<\/li>\r\n \t<li>\u00a0Objektive Berichte und Elternbriefe z.B. f\u00fcr Elterngespr\u00e4che \/ Elternabend<\/li>\r\n \t<li>Urkunden, Hintergrundwissen, Stationenaufsteller u.v.m.<\/li>\r\n \t<li>Dokumentation von Beobachtungen in der Notizenfunktion m\u00f6glich<\/li>\r\n \t<li>Pers\u00f6nlicher telefonischer Support bei inhaltlichen und technischen Fragen<\/li>\r\n \t<li>\u00a0Zubeh\u00f6r: Netzteil, USB-Ladekabel, Kurzanleitung, Ersatzmine<\/li>\r\n \t<li>Hochwertige Verpackung zum Transport und Aufbewahrung<\/li>\r\n \t<li>DSGVO-konform<\/li>\r\n<\/ul>"}]},"_links":{"self":[{"href":"https:\/\/www.medienlb.com\/en\/wp-json\/wp\/v2\/product\/25287","targetHints":{"allow":["GET"]}}],"collection":[{"href":"https:\/\/www.medienlb.com\/en\/wp-json\/wp\/v2\/product"}],"about":[{"href":"https:\/\/www.medienlb.com\/en\/wp-json\/wp\/v2\/types\/product"}],"acf:post":[{"embeddable":true,"href":"https:\/\/www.medienlb.com\/en\/wp-json\/wp\/v2\/product\/16071"}],"wp:featuredmedia":[{"embeddable":true,"href":"https:\/\/www.medienlb.com\/en\/wp-json\/wp\/v2\/media\/25291"}],"wp:attachment":[{"href":"https:\/\/www.medienlb.com\/en\/wp-json\/wp\/v2\/media?parent=25287"}],"wp:term":[{"taxonomy":"product_brand","embeddable":true,"href":"https:\/\/www.medienlb.com\/en\/wp-json\/wp\/v2\/product_brand?post=25287"},{"taxonomy":"product_cat","embeddable":true,"href":"https:\/\/www.medienlb.com\/en\/wp-json\/wp\/v2\/product_cat?post=25287"},{"taxonomy":"product_tag","embeddable":true,"href":"https:\/\/www.medienlb.com\/en\/wp-json\/wp\/v2\/product_tag?post=25287"}],"curies":[{"name":"wp","href":"https:\/\/api.w.org\/{rel}","templated":true}]}}