{"id":24993,"date":"2024-06-11T13:40:49","date_gmt":"2024-06-11T13:40:49","guid":{"rendered":"https:\/\/www.medienlb.com\/?post_type=product&#038;p=24993"},"modified":"2026-02-09T09:27:42","modified_gmt":"2026-02-09T09:27:42","slug":"greenscreenbox","status":"publish","type":"product","link":"https:\/\/www.medienlb.com\/en\/produkt\/greenscreenbox\/","title":{"rendered":"Greenscreenbox"},"content":{"rendered":"<p>Die Greenscreenbox mit der zugeh\u00f6rigen App erm\u00f6glicht Kindern ganz einfach Videos und Stop-Motion-Filme in Greenscreen-Technik zu erstellen. Sie erm\u00f6glicht kreatives Arbeiten im Bereich digitaler Medienprojekte und unterst\u00fctzt ideal den Unterricht bei der Medienbildung.<br \/>\nDie Box ist einfachzu montieren und passt auf jeden Tisch. App \u00f6ffnen,<br \/>\nHintergrund festlegen, Kamera einschalten und los<br \/>\ngeht\u2018s mit dem Greenscreen-Videodreh. Geeignet f\u00fcr<br \/>\nKinder ab 4 Jahren bis zu h\u00f6heren Schulstufen.<br \/>\nEine digitale Unterrichtsmethode im Rahmen der Sprach-<br \/>\nentwicklung, kreativer F\u00e4cher, Medienbildung u.v.m.<\/p>\n<hr \/>\n<p>VERSANDKOSTEN:\u00a0 <span style=\"color: #ff0000;\">Achtung Sperrgut<\/span>, daher \u20ac28,00 Versandkosten f\u00fcr 1-4 Boxen<\/p>\n<hr \/>\n<p>&nbsp;<\/p>\n<p>&nbsp;<\/p>\n<p>&nbsp;<\/p>\n","protected":false},"excerpt":{"rendered":"<div class=\"fusion-layout-column fusion_builder_column fusion-builder-column-0 fusion_builder_column_1_2 1_2 fusion-flex-column\">\n<div class=\"fusion-column-wrapper fusion-column-has-shadow fusion-flex-justify-content-flex-start fusion-content-layout-column\">\n<div class=\"fusion-text fusion-text-1\">\n<p class=\"fusion-responsive-typography-calculated\" data-fontsize=\"35\" data-lineheight=\"42.7px\">KREATIVIT\u00c4T UND FANTASIE &#8211; TECHNOLOGIE UND BILDUNG<br \/>\nMit der Greenscreenbox k\u00f6nnen Sie im<br \/>\nHandumdrehen coole Greenscreen-Videos erstellen.<\/p>\n<\/div>\n<\/div>\n<\/div>\n","protected":false},"featured_media":25076,"template":"","meta":{"_acf_changed":false},"product_brand":[],"product_cat":[75],"product_tag":[],"class_list":{"0":"post-24993","1":"product","2":"type-product","3":"status-publish","4":"has-post-thumbnail","6":"product_cat-hardware","8":"first","9":"instock","10":"taxable","11":"shipping-taxable","12":"purchasable","13":"product-type-variable"},"acf":{"subtitle":"StopMotion und Greenscreenfilmen mit endlosen M\u00f6glichkeiten!","article_id":"MS_23","languages":"","thumb_up":false,"cover_image":"","linked_product":32649,"linked_products":null,"banner":{"show":true,"text":"","color":""},"length":"","content_movie":"","learning_goals":"","preview_gif":"","trailer":{"file":"","url":"","image":""},"mediathek_id":"","amount":"","demo_url":"","h5p_demo_id":"","content_interactive":"","hide_numbers":false,"flyer":25075,"info_columns":[{"heading":"","content":"<strong>Inklusive Greenscreenbox -App<\/strong>\r\n\r\nDie Greenscreenbox wird mit einer kostenlosen App geliefert. Die App ist werbefrei und f\u00fcr iPad, Android-Tablets, Chromebooks und Laptops erh\u00e4ltlich. Sie ist einfach zu bedienen und erm\u00f6glicht das Erstellen von Greenscreen-Fotos, Stop-Motion und Videos. Verwenden Sie die Standard-Hintergrundbilder oder laden Sie lhre eigenen hoch.\r\n\r\n<strong>Lieferumfang<\/strong>\r\n<ul>\r\n \t<li>Ausf\u00fchrliche Gebrauchsanweisung, einfache Montage<\/li>\r\n \t<li>App (iOS, Android, Laptops, Chromebooks)<\/li>\r\n \t<li>Download von inspirierenden Projekten, Instruktionsvideos, Hintergr\u00fcnden, Printables<\/li>\r\n \t<li>Erstellung von Greenscreen-Fotos, -Stopmotions, -Videos<\/li>\r\n \t<li>Inkl. Toolblox: gr\u00fcne Bl\u00f6cke und Streifen, mit denen sich Gegenst\u00e4nde in der Box bewegen lassen, ohne dass die H\u00e4nde im Bild erscheinen<\/li>\r\n<\/ul>\r\n&nbsp;"},{"heading":"","content":"<strong>Grennscreenbox - Tragtasche \u20ac 89,00\r\n<\/strong>(zuz\u00fcgl. Versandkosten)\r\n\r\n<a href=\"https:\/\/www.medienlb.com\/wp-content\/uploads\/2024\/06\/Greenscreen_BAG-2025_02.png\" target=\"_blank\" rel=\"noopener\"><img class=\"alignnone wp-image-36058\" src=\"https:\/\/www.medienlb.com\/wp-content\/uploads\/2024\/06\/Greenscreen_BAG-2025_02-300x209.png\" alt=\"\" width=\"266\" height=\"185\" \/><\/a><a href=\"https:\/\/www.medienlb.com\/wp-content\/uploads\/2024\/06\/Greenscreen_BAG-2025_01.png\" target=\"_blank\" rel=\"noopener\"><img class=\"alignnone wp-image-36056\" src=\"https:\/\/www.medienlb.com\/wp-content\/uploads\/2024\/06\/Greenscreen_BAG-2025_01-300x237.png\" alt=\"\" width=\"242\" height=\"191\" \/><\/a>\r\n\r\n<strong>Moviestar Accessory Set\u00a0 \u20ac 29,00\r\n<\/strong>(zuz\u00fcgl. Versandkosten)<strong>\r\n<a href=\"https:\/\/www.medienlb.com\/wp-content\/uploads\/2024\/06\/Greenscreen-Handschuhe_Filmklappe_Sprechblasen.png\" target=\"_blank\" rel=\"noopener\"><img class=\"alignnone wp-image-36538\" src=\"https:\/\/www.medienlb.com\/wp-content\/uploads\/2024\/06\/Greenscreen-Handschuhe_Filmklappe_Sprechblasen-300x200.png\" alt=\"\" width=\"237\" height=\"158\" \/><\/a>\r\n<\/strong> Das Set enth\u00e4lt eine Filmklappe, vier gr\u00fcne Handschuhe f\u00fcr Greenscreen-Tricks, 14 Kreidetafel-Sprechblasen in verschiedenen Formen. Ideal, um schnell und flexibel Text zu einer Stop-Motion oder Fotoserie hinzuzuf\u00fcgen. Ein Zitat, ein Gedanke oder ein Soundeffekt \u2013 einfach selbst aufschreiben."},{"heading":"","content":"<strong><a href=\"https:\/\/www.medienlb.com\/wp-content\/uploads\/2024\/11\/Greenscreen_Sammelorner_Beispiele_kl.pdf\" target=\"_blank\" rel=\"noopener\">S<\/a><a href=\"https:\/\/www.medienlb.com\/wp-content\/uploads\/2024\/11\/Greenscreen_Sammelorner_Beispiele_kl.pdf\" target=\"_blank\" rel=\"noopener\">ammelmappe mit Greenscreenprojekten<\/a><a href=\"https:\/\/www.medienlb.com\/wp-content\/uploads\/2024\/11\/Greenscreen_Sammelorner_Beispiele_kl.pdf\" target=\"_blank\" rel=\"noopener\">\u00a0 \u20ac 79,90\r\n<\/a><\/strong>(zuz\u00fcgl. Versandkosten)<a href=\"https:\/\/www.medienlb.com\/wp-content\/uploads\/2024\/11\/Greenscreen_Sammelorner_Beispiele_kl.pdf\" target=\"_blank\" rel=\"noopener\">\r\n<img class=\"alignnone wp-image-26970\" src=\"https:\/\/www.medienlb.com\/wp-content\/uploads\/2024\/06\/Greenscreen-Sammelmappe-300x201.png\" alt=\"\" width=\"318\" height=\"213\" \/><\/a>\r\n\r\n<strong>Fertige Unterrichtsmaterialien<\/strong>\r\n\r\nMit unseren Tutorials und Unterrichtsmaterialien sparen Lehkr\u00e4fte Vorbereitungszeit und erhalten Anleitung zur gezielten Nutzung der Greenscreenbox.\r\n\r\n<hr \/>\r\n\r\n<strong>LINKS:<\/strong>\r\n\r\n<a href=\"https:\/\/www.medienlb.com\/en\/produkt\/das-magische-gruen\/\" target=\"_blank\" rel=\"noopener\"><img class=\"alignnone wp-image-33217\" src=\"https:\/\/www.medienlb.com\/wp-content\/uploads\/2024\/06\/2025-05-22-08_59_19-Das-magische-Gruen-\u2013-MedienLB-\u2013-Mozilla-Firefox.png\" alt=\"\" width=\"55\" height=\"55\" \/><\/a> Hier Links zum inspirierenden Film\u00a0 <span style=\"color: #0000ff;\"><a style=\"color: #0000ff;\" href=\"https:\/\/www.medienlb.com\/en\/produkt\/das-magische-gruen\/\" target=\"_blank\" rel=\"noopener\">\"Das magische Gr\u00fcn\"<\/a><\/span>\r\n\r\n<hr \/>\r\n\r\n<a href=\"https:\/\/www.medienlb.com\/en\/produkt\/greenscreen\/\" target=\"_blank\" rel=\"noopener\"><img class=\"alignnone wp-image-26630\" src=\"https:\/\/www.medienlb.com\/wp-content\/uploads\/2023\/12\/2024-10-29-16_29_20-Greenscreen-\u2013-MedienLB-\u2013-Mozilla-Firefox-300x295.png\" alt=\"\" width=\"53\" height=\"52\" \/><\/a> und zu unserm Film \u00fcber <strong><span style=\"color: #0000ff;\"><a style=\"color: #0000ff;\" href=\"https:\/\/www.medienlb.com\/en\/produkt\/greenscreen\/\" target=\"_blank\" rel=\"noopener\">Greenscreens<\/a><\/span><\/strong>\r\n\r\n<hr \/>\r\n\r\nHier finden Sie<span style=\"color: #0000ff;\"><strong> <a style=\"color: #0000ff;\" href=\"http:\/\/www.interaktive-arbeitshefte.de\/\/de\/autologinurl\/80\/qj3FHFqItx6IXeYd6KObuz7YLP_aWafd--2_PUQpjyo\" target=\"_blank\" rel=\"noopener\">interaktive Inspirationen<\/a> <\/strong><\/span>f\u00fcr die Arbeit mit der Greenscreenbox.\r\n\r\n<hr \/>\r\n\r\nLink zum Hersteller:<span style=\"color: #0000ff;\"> <strong><a style=\"color: #0000ff;\" href=\"https:\/\/greenscreenbox.nl\/de\/\" target=\"_blank\" rel=\"noopener\">Greenscreenbox<\/a><\/strong><\/span>"}]},"_links":{"self":[{"href":"https:\/\/www.medienlb.com\/en\/wp-json\/wp\/v2\/product\/24993","targetHints":{"allow":["GET"]}}],"collection":[{"href":"https:\/\/www.medienlb.com\/en\/wp-json\/wp\/v2\/product"}],"about":[{"href":"https:\/\/www.medienlb.com\/en\/wp-json\/wp\/v2\/types\/product"}],"acf:post":[{"embeddable":true,"href":"https:\/\/www.medienlb.com\/en\/wp-json\/wp\/v2\/product\/32649"}],"wp:featuredmedia":[{"embeddable":true,"href":"https:\/\/www.medienlb.com\/en\/wp-json\/wp\/v2\/media\/25076"}],"wp:attachment":[{"href":"https:\/\/www.medienlb.com\/en\/wp-json\/wp\/v2\/media?parent=24993"}],"wp:term":[{"taxonomy":"product_brand","embeddable":true,"href":"https:\/\/www.medienlb.com\/en\/wp-json\/wp\/v2\/product_brand?post=24993"},{"taxonomy":"product_cat","embeddable":true,"href":"https:\/\/www.medienlb.com\/en\/wp-json\/wp\/v2\/product_cat?post=24993"},{"taxonomy":"product_tag","embeddable":true,"href":"https:\/\/www.medienlb.com\/en\/wp-json\/wp\/v2\/product_tag?post=24993"}],"curies":[{"name":"wp","href":"https:\/\/api.w.org\/{rel}","templated":true}]}}